{"id":9771,"date":"2021-07-21T00:58:52","date_gmt":"2021-07-21T03:58:52","guid":{"rendered":"https:\/\/gracelandjuegos.com.ar\/web\/?post_type=product&#038;p=9771"},"modified":"2026-02-17T20:39:05","modified_gmt":"2026-02-17T23:39:05","slug":"the-red-cathedral","status":"publish","type":"product","link":"https:\/\/gracelandjuegos.com.ar\/web\/product\/the-red-cathedral\/","title":{"rendered":"The Red Cathedral"},"content":{"rendered":"<p id=\"tw-target-text\" class=\"tw-data-text tw-text-large XcVN5d tw-ta\" dir=\"ltr\" data-placeholder=\"Traducci\u00f3n\"><span class=\"Y2IQFc\" lang=\"es\">El oto\u00f1o no es el mejor momento para subir a un andamio en Mosc\u00fa, pero es mucho mejor tener que hacerlo en invierno. El zar Iv\u00e1n quiere ver resultados y nuestro equipo le va a demostrar que somos los mejores constructores de la ciudad. Estamos confiados de poder darle a esos arcos decorativos un acabado con las piedras m\u00e1s brillantes y relucientes\u00a0 para asegurar nuestro lugar en la lista de trabajadores de confianza del gobierno. <\/span><\/p>\n<p class=\"tw-data-text tw-text-large XcVN5d tw-ta\" dir=\"ltr\" data-placeholder=\"Traducci\u00f3n\"><span class=\"Y2IQFc\" lang=\"es\">The Red Cathedral es un juego de mesa de estrategia en el que los jugadores asumen el papel de equipos de construcci\u00f3n. Su misi\u00f3n es trabajar juntos para construir la catedral de San Basilio en Mosc\u00fa, como lo orden\u00f3 Iv\u00e1n el Terrible. Sin embargo, solo uno de ellos podr\u00e1 ganarse el favor del zar. <\/span><\/p>\n<p class=\"tw-data-text tw-text-large XcVN5d tw-ta\" dir=\"ltr\" data-placeholder=\"Traducci\u00f3n\"><span class=\"Y2IQFc\" lang=\"es\">Durante el juego, los jugadores pueden realizar una de estas tres acciones: asignar una secci\u00f3n de la catedral, enviar recursos a esa secci\u00f3n para construirla o ir al tablero de juego para conseguir m\u00e1s recursos. Cada una de estas acciones tiene su propio mecanismo y requiere que los jugadores presten mucha atenci\u00f3n a lo que est\u00e1n haciendo los dem\u00e1s. <\/span><\/p>\n<p class=\"tw-data-text tw-text-large XcVN5d tw-ta\" dir=\"ltr\" data-placeholder=\"Traducci\u00f3n\"><span class=\"Y2IQFc\" lang=\"es\">Cuando se asignan las secciones de la catedral los jugadores toman posesi\u00f3n de los espacios en cada una de las columnas que componen su secci\u00f3n. Cuantas m\u00e1s secciones se construyan y se complete cada una con su propia torre, m\u00e1s puntos se le dar\u00e1 al jugador al final del juego. <\/span><\/p>\n<p class=\"tw-data-text tw-text-large XcVN5d tw-ta\" dir=\"ltr\" data-placeholder=\"Traducci\u00f3n\"><span class=\"Y2IQFc\" lang=\"es\">Los jugadores pueden enviar recursos a las secciones de la catedral que hayan reclamado. Cuando completen cada uno de esos apartados obtendr\u00e1n recompensas en dinero y puntos de prestigio. Tambi\u00e9n podr\u00e1n instalar decoraciones en las secciones completadas para lograr a\u00fan m\u00e1s reconocimiento por parte del zar. Esta parte del juego tambi\u00e9n funciona como un reloj, ya que una vez que cualquier jugador completa la construcci\u00f3n de su sexta secci\u00f3n, se produce el final del juego. <\/span><\/p>\n<p class=\"tw-data-text tw-text-large XcVN5d tw-ta\" dir=\"ltr\" data-placeholder=\"Traducci\u00f3n\"><span class=\"Y2IQFc\" lang=\"es\">El tablero nos muestra el ic\u00f3nico rondel de La Catedral Roja. Es donde los jugadores obtienen todos los tipos de recursos necesarios para completar su trabajo en la catedral, as\u00ed como para obtener favores de los gremios y profesionales para aprovechar al m\u00e1ximo su viaje al mercado. En el rondel central los jugadores eligen el dado que desean utilizar y avanzan tantos espacios como se muestra en la parte superior de dicho dado, con el fin de obtener los recursos indicados en el espacio destinado por el dado. <\/span><\/p>\n<p class=\"tw-data-text tw-text-large XcVN5d tw-ta\" dir=\"ltr\" data-placeholder=\"Traducci\u00f3n\"><span class=\"Y2IQFc\" lang=\"es\">The Red Cathedral es un juego muy accesible en cuanto a sus reglas porque es muy f\u00e1cil entender los distintos niveles del juego, pero sigue siendo muy desafiante en cuanto a estrategia.\u00a0<\/span><\/p>\n","protected":false},"excerpt":{"rendered":"<p>G\u00e9nero: Estrategia.<br \/>\nCategor\u00edas: Control de \u00c1rea, Dados, Econom\u00eda.<br \/>\nDise\u00f1ado Por: Israel Cendrero<span class=\"ng-scope\">, Sheila Santos (Llama Dice)<\/span><span class=\"ng-scope\">.<\/span><br \/>\nEditorial: Devir<br \/>\nEdad M\u00ednima Recomendada: 10 A\u00f1os<br \/>\nDificultad: 2,78\/5<br \/>\nN\u00ba de Jugadores: 1 a 4<br \/>\nDuraci\u00f3n Promedio de la Partida: 60 Minutos<br \/>\nIdioma: Espa\u00f1ol<\/p>\n","protected":false},"featured_media":9728,"comment_status":"closed","ping_status":"closed","template":"","meta":[],"product_brand":[],"product_cat":[339,243],"product_tag":[],"class_list":{"0":"post-9771","1":"product","2":"type-product","3":"status-publish","4":"has-post-thumbnail","6":"product_cat-devir","7":"product_cat-juegos-de-mesa","9":"first","10":"outofstock","11":"shipping-taxable","12":"purchasable","13":"product-type-simple"},"_links":{"self":[{"href":"https:\/\/gracelandjuegos.com.ar\/web\/wp-json\/wp\/v2\/product\/9771","targetHints":{"allow":["GET"]}}],"collection":[{"href":"https:\/\/gracelandjuegos.com.ar\/web\/wp-json\/wp\/v2\/product"}],"about":[{"href":"https:\/\/gracelandjuegos.com.ar\/web\/wp-json\/wp\/v2\/types\/product"}],"replies":[{"embeddable":true,"href":"https:\/\/gracelandjuegos.com.ar\/web\/wp-json\/wp\/v2\/comments?post=9771"}],"wp:featuredmedia":[{"embeddable":true,"href":"https:\/\/gracelandjuegos.com.ar\/web\/wp-json\/wp\/v2\/media\/9728"}],"wp:attachment":[{"href":"https:\/\/gracelandjuegos.com.ar\/web\/wp-json\/wp\/v2\/media?parent=9771"}],"wp:term":[{"taxonomy":"product_brand","embeddable":true,"href":"https:\/\/gracelandjuegos.com.ar\/web\/wp-json\/wp\/v2\/product_brand?post=9771"},{"taxonomy":"product_cat","embeddable":true,"href":"https:\/\/gracelandjuegos.com.ar\/web\/wp-json\/wp\/v2\/product_cat?post=9771"},{"taxonomy":"product_tag","embeddable":true,"href":"https:\/\/gracelandjuegos.com.ar\/web\/wp-json\/wp\/v2\/product_tag?post=9771"}],"curies":[{"name":"wp","href":"https:\/\/api.w.org\/{rel}","templated":true}]}}