{"id":9767,"date":"2021-07-21T00:13:40","date_gmt":"2021-07-21T03:13:40","guid":{"rendered":"https:\/\/gracelandjuegos.com.ar\/web\/?post_type=product&#038;p=9767"},"modified":"2025-09-10T15:55:39","modified_gmt":"2025-09-10T18:55:39","slug":"contrast","status":"publish","type":"product","link":"https:\/\/gracelandjuegos.com.ar\/web\/product\/contrast\/","title":{"rendered":"Contrast"},"content":{"rendered":"<p>\u00a1Mir\u00e1 y pens\u00e1 r\u00e1pido para ganar!<\/p>\n<p id=\"tw-target-text\" class=\"tw-data-text tw-text-large XcVN5d tw-ta\" dir=\"ltr\" data-placeholder=\"Traducci\u00f3n\"><span class=\"Y2IQFc\" lang=\"es\">Contrast es un juego de relajado en el que los jugadores obtienen puntos categorizando objetos con el mismo criterio. <\/span><\/p>\n<p class=\"tw-data-text tw-text-large XcVN5d tw-ta\" dir=\"ltr\" data-placeholder=\"Traducci\u00f3n\"><span class=\"Y2IQFc\" lang=\"es\">Cada jugador tiene un mazo con las mismas seis cartas y cada carta tiene caracter\u00edsticas opuestas (corta\/larga, redonda\/cuadrada, etc.) o un par de colores (rojo\/amarillo, azul\/verde). <\/span><\/p>\n<p class=\"tw-data-text tw-text-large XcVN5d tw-ta\" dir=\"ltr\" data-placeholder=\"Traducci\u00f3n\"><span class=\"Y2IQFc\" lang=\"es\">En cada ronda, los jugadores revelan simult\u00e1neamente una de las cuatro cartas que tienen en la mano (las otras dos cartas faltantes est\u00e1n frente a ellos y no se pueden usar), tratando de que sus caracter\u00edsticas coincidan en alg\u00fan aspecto con la imagen revelada del mazo de cartas de im\u00e1genes. Por ejemplo: La imagen podr\u00eda mostrar un globo rojo en el cielo \u00bfrevel\u00e1s rojo, redondo, azul o se te ocurre algo m\u00e1s?<\/span><\/p>\n<p class=\"tw-data-text tw-text-large XcVN5d tw-ta\" dir=\"ltr\" data-placeholder=\"Traducci\u00f3n\"><span class=\"Y2IQFc\" lang=\"es\">Todos revelan simult\u00e1neamente su carta. Si un jugador ha votado como la mayor\u00eda, toma una tarjeta con imagen del mazo para realizar un seguimiento de sus puntos. Despu\u00e9s, todos refrescan su mano levantando su carta m\u00e1s a la izquierda y colocando su carta jugada a la derecha. <\/span><span class=\"Y2IQFc\" lang=\"es\">Entonces empieza otra ronda. <\/span><\/p>\n<p class=\"tw-data-text tw-text-large XcVN5d tw-ta\" dir=\"ltr\" data-placeholder=\"Traducci\u00f3n\"><span class=\"Y2IQFc\" lang=\"es\">Una vez que se agota la baraja de im\u00e1genes, \u00a1gana el que tenga m\u00e1s puntos!.<\/span><\/p>\n","protected":false},"excerpt":{"rendered":"<p>G\u00e9nero: Familiar, Party.<br \/>\nCategor\u00edas: Cartas, Patrones, Votaci\u00f3n, Acciones Simult\u00e1neas.<br \/>\nDise\u00f1ado Por: Julien Percot<br \/>\nEditorial: Top Toys<br \/>\nEdad M\u00ednima Recomendada: 8 A\u00f1os<br \/>\nDificultad: 1.00\/5<br \/>\nN\u00ba de Jugadores: 2 a 6<br \/>\nDuraci\u00f3n Promedio de la Partida: 20 Minutos<br \/>\nIdioma: Espa\u00f1o<\/p>\n","protected":false},"featured_media":9741,"comment_status":"closed","ping_status":"closed","template":"","meta":[],"product_brand":[],"product_cat":[243,351],"product_tag":[],"class_list":{"0":"post-9767","1":"product","2":"type-product","3":"status-publish","4":"has-post-thumbnail","6":"product_cat-juegos-de-mesa","7":"product_cat-top-toys","9":"first","10":"instock","11":"shipping-taxable","12":"purchasable","13":"product-type-simple"},"_links":{"self":[{"href":"https:\/\/gracelandjuegos.com.ar\/web\/wp-json\/wp\/v2\/product\/9767","targetHints":{"allow":["GET"]}}],"collection":[{"href":"https:\/\/gracelandjuegos.com.ar\/web\/wp-json\/wp\/v2\/product"}],"about":[{"href":"https:\/\/gracelandjuegos.com.ar\/web\/wp-json\/wp\/v2\/types\/product"}],"replies":[{"embeddable":true,"href":"https:\/\/gracelandjuegos.com.ar\/web\/wp-json\/wp\/v2\/comments?post=9767"}],"wp:featuredmedia":[{"embeddable":true,"href":"https:\/\/gracelandjuegos.com.ar\/web\/wp-json\/wp\/v2\/media\/9741"}],"wp:attachment":[{"href":"https:\/\/gracelandjuegos.com.ar\/web\/wp-json\/wp\/v2\/media?parent=9767"}],"wp:term":[{"taxonomy":"product_brand","embeddable":true,"href":"https:\/\/gracelandjuegos.com.ar\/web\/wp-json\/wp\/v2\/product_brand?post=9767"},{"taxonomy":"product_cat","embeddable":true,"href":"https:\/\/gracelandjuegos.com.ar\/web\/wp-json\/wp\/v2\/product_cat?post=9767"},{"taxonomy":"product_tag","embeddable":true,"href":"https:\/\/gracelandjuegos.com.ar\/web\/wp-json\/wp\/v2\/product_tag?post=9767"}],"curies":[{"name":"wp","href":"https:\/\/api.w.org\/{rel}","templated":true}]}}