{"id":9766,"date":"2021-07-20T23:58:03","date_gmt":"2021-07-21T02:58:03","guid":{"rendered":"https:\/\/gracelandjuegos.com.ar\/web\/?post_type=product&#038;p=9766"},"modified":"2025-09-10T16:01:40","modified_gmt":"2025-09-10T19:01:40","slug":"rat-a-tat-cat","status":"publish","type":"product","link":"https:\/\/gracelandjuegos.com.ar\/web\/product\/rat-a-tat-cat\/","title":{"rendered":"Rat-A-Tat Cat"},"content":{"rendered":"<p>\u00a1Deshacete de las ratas y and\u00e1 a por los gatos!<\/p>\n<p>En\u00a0<span class=\"rat_typo\">rat-a-tat CAT<\/span>, menos siempre es m\u00e1s, y siempre quer\u00e9s tener la puntuaci\u00f3n m\u00e1s baja.<\/p>\n<p>\u00bfPod\u00e9s recordar los n\u00fameros de las cartas de los otros jugadores? \u00bfPod\u00e9s mantener una cara de p\u00f3quer, pero darte cuenta cuando otro jugador se est\u00e1 satisfecho?<\/p>\n<p>Agudiz\u00e1 tu memoria y tu oportunismo, y divertite con los gatos y las ratas de <span class=\"rat_typo\">rat-a-tat CAT<\/span>.<\/p>\n","protected":false},"excerpt":{"rendered":"<p>G\u00e9nero: Familiar.<br \/>\nCategor\u00edas: Cartas, Animales, Drafting, Memoria.<br \/>\nDise\u00f1ado Por: <span class=\"ng-scope\">Monty Stambler,\u00a0<\/span><span class=\"ng-scope\">Ann Stambler<\/span><br \/>\nEditorial: Top Toys<br \/>\nEdad M\u00ednima Recomendada: 8 A\u00f1os<br \/>\nDificultad: 1.12\/5<br \/>\nN\u00ba de Jugadores: 2 a 6<br \/>\nDuraci\u00f3n Promedio de la Partida: 20 Minutos<br \/>\nIdioma: Espa\u00f1o<\/p>\n","protected":false},"featured_media":9740,"comment_status":"closed","ping_status":"closed","template":"","meta":[],"product_brand":[],"product_cat":[243,351],"product_tag":[],"class_list":{"0":"post-9766","1":"product","2":"type-product","3":"status-publish","4":"has-post-thumbnail","6":"product_cat-juegos-de-mesa","7":"product_cat-top-toys","9":"first","10":"instock","11":"shipping-taxable","12":"purchasable","13":"product-type-simple"},"_links":{"self":[{"href":"https:\/\/gracelandjuegos.com.ar\/web\/wp-json\/wp\/v2\/product\/9766","targetHints":{"allow":["GET"]}}],"collection":[{"href":"https:\/\/gracelandjuegos.com.ar\/web\/wp-json\/wp\/v2\/product"}],"about":[{"href":"https:\/\/gracelandjuegos.com.ar\/web\/wp-json\/wp\/v2\/types\/product"}],"replies":[{"embeddable":true,"href":"https:\/\/gracelandjuegos.com.ar\/web\/wp-json\/wp\/v2\/comments?post=9766"}],"wp:featuredmedia":[{"embeddable":true,"href":"https:\/\/gracelandjuegos.com.ar\/web\/wp-json\/wp\/v2\/media\/9740"}],"wp:attachment":[{"href":"https:\/\/gracelandjuegos.com.ar\/web\/wp-json\/wp\/v2\/media?parent=9766"}],"wp:term":[{"taxonomy":"product_brand","embeddable":true,"href":"https:\/\/gracelandjuegos.com.ar\/web\/wp-json\/wp\/v2\/product_brand?post=9766"},{"taxonomy":"product_cat","embeddable":true,"href":"https:\/\/gracelandjuegos.com.ar\/web\/wp-json\/wp\/v2\/product_cat?post=9766"},{"taxonomy":"product_tag","embeddable":true,"href":"https:\/\/gracelandjuegos.com.ar\/web\/wp-json\/wp\/v2\/product_tag?post=9766"}],"curies":[{"name":"wp","href":"https:\/\/api.w.org\/{rel}","templated":true}]}}