{"id":9765,"date":"2021-07-20T23:49:01","date_gmt":"2021-07-21T02:49:01","guid":{"rendered":"https:\/\/gracelandjuegos.com.ar\/web\/?post_type=product&#038;p=9765"},"modified":"2025-09-10T16:01:57","modified_gmt":"2025-09-10T19:01:57","slug":"claim-2","status":"publish","type":"product","link":"https:\/\/gracelandjuegos.com.ar\/web\/product\/claim-2\/","title":{"rendered":"Claim 2"},"content":{"rendered":"<p>\u00a1El Rey ha muerto! \u00bfQui\u00e9n ser\u00e1 el nuevo Rey?<\/p>\n<p>Tras la muerte del rey y sin herederos conocidos, su trono ha quedado vacante. Es el momento que las cinco facciones del reino se re\u00fanan y elijan al nuevo monarca.<\/p>\n<p>Interpret\u00e1 el rol de un aspirante al trono, gan\u00e1 la simpat\u00eda de estas particulares razas para convertirlas en seguidoras de tu causa. \u00a1Y reclam\u00e1 el trono!<\/p>\n<p id=\"tw-target-text\" class=\"tw-data-text tw-text-large XcVN5d tw-ta\" dir=\"ltr\" data-placeholder=\"Traducci\u00f3n\"><span class=\"Y2IQFc\" lang=\"es\">Claim se juega en dos fases distintas. En la fase uno, cada jugador recibe una mano de cartas que usa para reclutar seguidores. En la fase dos, utilizan a los seguidores de la fase uno para competir y ganar a las cinco facciones de los reinos.<\/span><\/p>\n<p>Cada facci\u00f3n tiene un poder especial que afecta el juego, \u00a1y los poderes pueden ser diferentes en cada fase!<\/p>\n<p class=\"tw-data-text tw-text-large XcVN5d tw-ta\" dir=\"ltr\" data-placeholder=\"Traducci\u00f3n\"><span class=\"Y2IQFc\" lang=\"es\">Al final del juego, el jugador que tenga la mayor\u00eda de seguidores de una facci\u00f3n gana el voto de esa facci\u00f3n, \u00a1y el que gane el voto de al menos tres facciones gana el juego!<br \/>\n<\/span><\/p>\n<p id=\"tw-target-text\" class=\"tw-data-text tw-text-large XcVN5d tw-ta\" dir=\"ltr\" data-placeholder=\"Traducci\u00f3n\"><span class=\"Y2IQFc\" lang=\"es\">Claim 2 es una secuela independiente de Claim, con cinco facciones nuevas que se pueden jugar solas o mezcladas en cualquier combinaci\u00f3n con las facciones en Claim.<\/span><\/p>\n<p class=\"tw-data-text tw-text-large XcVN5d tw-ta\" dir=\"ltr\" data-placeholder=\"Traducci\u00f3n\"><span class=\"Y2IQFc\" lang=\"es\">\u00a0<\/span><\/p>\n","protected":false},"excerpt":{"rendered":"<p>G\u00e9nero: Familiar.<br \/>\nCategor\u00edas: Cartas, Fantas\u00eda, Subasta.<br \/>\nDise\u00f1ado Por: Scott Almes<br \/>\nEditorial: Top Toys<br \/>\nEdad M\u00ednima Recomendada: 10 A\u00f1os<br \/>\nDificultad: 1.53\/5<br \/>\nN\u00ba de Jugadores: 2<br \/>\nDuraci\u00f3n Promedio de la Partida: 25 Minutos<br \/>\nIdioma: Espa\u00f1ol<\/p>\n","protected":false},"featured_media":9739,"comment_status":"closed","ping_status":"closed","template":"","meta":[],"product_brand":[],"product_cat":[243,351],"product_tag":[],"class_list":{"0":"post-9765","1":"product","2":"type-product","3":"status-publish","4":"has-post-thumbnail","6":"product_cat-juegos-de-mesa","7":"product_cat-top-toys","9":"first","10":"instock","11":"shipping-taxable","12":"purchasable","13":"product-type-simple"},"_links":{"self":[{"href":"https:\/\/gracelandjuegos.com.ar\/web\/wp-json\/wp\/v2\/product\/9765","targetHints":{"allow":["GET"]}}],"collection":[{"href":"https:\/\/gracelandjuegos.com.ar\/web\/wp-json\/wp\/v2\/product"}],"about":[{"href":"https:\/\/gracelandjuegos.com.ar\/web\/wp-json\/wp\/v2\/types\/product"}],"replies":[{"embeddable":true,"href":"https:\/\/gracelandjuegos.com.ar\/web\/wp-json\/wp\/v2\/comments?post=9765"}],"wp:featuredmedia":[{"embeddable":true,"href":"https:\/\/gracelandjuegos.com.ar\/web\/wp-json\/wp\/v2\/media\/9739"}],"wp:attachment":[{"href":"https:\/\/gracelandjuegos.com.ar\/web\/wp-json\/wp\/v2\/media?parent=9765"}],"wp:term":[{"taxonomy":"product_brand","embeddable":true,"href":"https:\/\/gracelandjuegos.com.ar\/web\/wp-json\/wp\/v2\/product_brand?post=9765"},{"taxonomy":"product_cat","embeddable":true,"href":"https:\/\/gracelandjuegos.com.ar\/web\/wp-json\/wp\/v2\/product_cat?post=9765"},{"taxonomy":"product_tag","embeddable":true,"href":"https:\/\/gracelandjuegos.com.ar\/web\/wp-json\/wp\/v2\/product_tag?post=9765"}],"curies":[{"name":"wp","href":"https:\/\/api.w.org\/{rel}","templated":true}]}}