{"id":9754,"date":"2021-07-20T23:10:55","date_gmt":"2021-07-21T02:10:55","guid":{"rendered":"https:\/\/gracelandjuegos.com.ar\/web\/?post_type=product&#038;p=9754"},"modified":"2025-09-10T16:02:59","modified_gmt":"2025-09-10T19:02:59","slug":"sherlock-paradero-desconocido","status":"publish","type":"product","link":"https:\/\/gracelandjuegos.com.ar\/web\/product\/sherlock-paradero-desconocido\/","title":{"rendered":"Sherlock: Paradero Desconocido"},"content":{"rendered":"<p>\u00bfResolver\u00e1n el misterio del desaparecido?<\/p>\n<p>Nuria llega a casa y lo encuentra todo revuelto, adem\u00e1s ha desaparecido su marido. \u00bfQu\u00e9 ha pasado? \u00bfPor qu\u00e9?<\/p>\n<p>Segu\u00ed las pistas con tu equipo de investigadores para responder estas y otras preguntas.<\/p>\n","protected":false},"excerpt":{"rendered":"<p>G\u00e9nero: Tem\u00e1tico, Familiar.<br \/>\nCategor\u00edas: Sala de Escape, Cartas, Deducci\u00f3n, Misterio, Comunicaci\u00f3n Limitada, Cooperativo.<br \/>\nDise\u00f1ado Por:\u00a0<span class=\"ng-scope\">Francisco Gallego Arredondo,\u00a0<\/span><span class=\"ng-scope\">Mart\u00ed Lucas Feliu,\u00a0<\/span><span class=\"ng-scope\">Josep Izquierdo S\u00e1nchez<\/span><br \/>\nEditorial: Top Toys<br \/>\nEdad M\u00ednima Recomendada: 8 A\u00f1os<br \/>\nDificultad: 1.5\/5<br \/>\nN\u00ba de Jugadores: 1 a 8<br \/>\nDuraci\u00f3n Promedio de la Partida: 60 Minutos<br \/>\nIdioma: Espa\u00f1ol<\/p>\n","protected":false},"featured_media":9735,"comment_status":"closed","ping_status":"closed","template":"","meta":[],"product_brand":[],"product_cat":[243,351],"product_tag":[],"class_list":{"0":"post-9754","1":"product","2":"type-product","3":"status-publish","4":"has-post-thumbnail","6":"product_cat-juegos-de-mesa","7":"product_cat-top-toys","9":"first","10":"outofstock","11":"shipping-taxable","12":"purchasable","13":"product-type-simple"},"_links":{"self":[{"href":"https:\/\/gracelandjuegos.com.ar\/web\/wp-json\/wp\/v2\/product\/9754","targetHints":{"allow":["GET"]}}],"collection":[{"href":"https:\/\/gracelandjuegos.com.ar\/web\/wp-json\/wp\/v2\/product"}],"about":[{"href":"https:\/\/gracelandjuegos.com.ar\/web\/wp-json\/wp\/v2\/types\/product"}],"replies":[{"embeddable":true,"href":"https:\/\/gracelandjuegos.com.ar\/web\/wp-json\/wp\/v2\/comments?post=9754"}],"wp:featuredmedia":[{"embeddable":true,"href":"https:\/\/gracelandjuegos.com.ar\/web\/wp-json\/wp\/v2\/media\/9735"}],"wp:attachment":[{"href":"https:\/\/gracelandjuegos.com.ar\/web\/wp-json\/wp\/v2\/media?parent=9754"}],"wp:term":[{"taxonomy":"product_brand","embeddable":true,"href":"https:\/\/gracelandjuegos.com.ar\/web\/wp-json\/wp\/v2\/product_brand?post=9754"},{"taxonomy":"product_cat","embeddable":true,"href":"https:\/\/gracelandjuegos.com.ar\/web\/wp-json\/wp\/v2\/product_cat?post=9754"},{"taxonomy":"product_tag","embeddable":true,"href":"https:\/\/gracelandjuegos.com.ar\/web\/wp-json\/wp\/v2\/product_tag?post=9754"}],"curies":[{"name":"wp","href":"https:\/\/api.w.org\/{rel}","templated":true}]}}