{"id":9752,"date":"2021-07-20T23:07:41","date_gmt":"2021-07-21T02:07:41","guid":{"rendered":"https:\/\/gracelandjuegos.com.ar\/web\/?post_type=product&#038;p=9752"},"modified":"2025-09-10T16:03:04","modified_gmt":"2025-09-10T19:03:04","slug":"sherlock-la-llamada-final","status":"publish","type":"product","link":"https:\/\/gracelandjuegos.com.ar\/web\/product\/sherlock-la-llamada-final\/","title":{"rendered":"Sherlock: La Llamada Final"},"content":{"rendered":"<p>\u00a1Descubr\u00ed el misterio del pasajero del TJ1309!<\/p>\n<p>El comandante del vuelo TJ1309 solicita prioridad para aterrizaje. Uno de los pasajeros ha sufrido un paro cardiorrespiratorio a las siete horas treinta minutos despu\u00e9s del despegue. Su acompa\u00f1ante ha sufrido una crisis de ansiedad.<\/p>\n<p>\u00bfSe trata de una v\u00edctima de asesinato? \u00bfMuri\u00f3 el pasajero de causas naturales?<\/p>\n","protected":false},"excerpt":{"rendered":"<p>G\u00e9nero: Tem\u00e1tico, Familiar.<br \/>\nCategor\u00edas: Sala de Escape, Cartas, Deducci\u00f3n, Misterio, Comunicaci\u00f3n Limitada, Cooperativo.<br \/>\nDise\u00f1ado Por:\u00a0<span class=\"ng-scope\">Francisco Gallego Arredondo,\u00a0<\/span><span class=\"ng-scope\">Mart\u00ed Lucas Feliu,\u00a0<\/span><span class=\"ng-scope\">Josep Izquierdo S\u00e1nchez<\/span><br \/>\nEditorial: Top Toys<br \/>\nEdad M\u00ednima Recomendada: 8 A\u00f1os<br \/>\nDificultad: 1.5\/5<br \/>\nN\u00ba de Jugadores: 1 a 8<br \/>\nDuraci\u00f3n Promedio de la Partida: 60 Minutos<br \/>\nIdioma: Espa\u00f1ol<\/p>\n","protected":false},"featured_media":9734,"comment_status":"closed","ping_status":"closed","template":"","meta":[],"product_brand":[],"product_cat":[243,351],"product_tag":[],"class_list":{"0":"post-9752","1":"product","2":"type-product","3":"status-publish","4":"has-post-thumbnail","6":"product_cat-juegos-de-mesa","7":"product_cat-top-toys","9":"first","10":"instock","11":"shipping-taxable","12":"purchasable","13":"product-type-simple"},"_links":{"self":[{"href":"https:\/\/gracelandjuegos.com.ar\/web\/wp-json\/wp\/v2\/product\/9752","targetHints":{"allow":["GET"]}}],"collection":[{"href":"https:\/\/gracelandjuegos.com.ar\/web\/wp-json\/wp\/v2\/product"}],"about":[{"href":"https:\/\/gracelandjuegos.com.ar\/web\/wp-json\/wp\/v2\/types\/product"}],"replies":[{"embeddable":true,"href":"https:\/\/gracelandjuegos.com.ar\/web\/wp-json\/wp\/v2\/comments?post=9752"}],"wp:featuredmedia":[{"embeddable":true,"href":"https:\/\/gracelandjuegos.com.ar\/web\/wp-json\/wp\/v2\/media\/9734"}],"wp:attachment":[{"href":"https:\/\/gracelandjuegos.com.ar\/web\/wp-json\/wp\/v2\/media?parent=9752"}],"wp:term":[{"taxonomy":"product_brand","embeddable":true,"href":"https:\/\/gracelandjuegos.com.ar\/web\/wp-json\/wp\/v2\/product_brand?post=9752"},{"taxonomy":"product_cat","embeddable":true,"href":"https:\/\/gracelandjuegos.com.ar\/web\/wp-json\/wp\/v2\/product_cat?post=9752"},{"taxonomy":"product_tag","embeddable":true,"href":"https:\/\/gracelandjuegos.com.ar\/web\/wp-json\/wp\/v2\/product_tag?post=9752"}],"curies":[{"name":"wp","href":"https:\/\/api.w.org\/{rel}","templated":true}]}}