{"id":9750,"date":"2021-07-20T23:02:05","date_gmt":"2021-07-21T02:02:05","guid":{"rendered":"https:\/\/gracelandjuegos.com.ar\/web\/?post_type=product&#038;p=9750"},"modified":"2025-09-10T16:03:10","modified_gmt":"2025-09-10T19:03:10","slug":"sherlock-la-tumba-del-arqueologo","status":"publish","type":"product","link":"https:\/\/gracelandjuegos.com.ar\/web\/product\/sherlock-la-tumba-del-arqueologo\/","title":{"rendered":"Sherlock: La Tumba del Arque\u00f3logo"},"content":{"rendered":"<p>\u00a1El misterio est\u00e1 servido!<\/p>\n<p>El arque\u00f3logo Edward Carter aparece muerto en su estudio y la polic\u00eda les pide que le ayuden a descubrir lo ocurrido.<\/p>\n<p>\u00bfQui\u00e9n es el asesino? \u00bfC\u00f3mo lo ha hecho? \u00bfPor qu\u00e9?<\/p>\n<p>Tu equipo de detectives deber\u00e1 analizar las pistas para responder a estas y otras muchas preguntas. \u00bfConseguir\u00e1n resolver el misterio de su muerte?<\/p>\n","protected":false},"excerpt":{"rendered":"<p>G\u00e9nero: Tem\u00e1tico, Familiar.<br \/>\nCategor\u00edas: Sala de Escape, Cartas, Deducci\u00f3n, Misterio, Comunicaci\u00f3n Limitada, Cooperativo.<br \/>\nDise\u00f1ado Por: <span class=\"ng-scope\">Francisco Gallego Arredondo,\u00a0<\/span><span class=\"ng-scope\">Mart\u00ed Lucas Feliu,\u00a0<\/span><span class=\"ng-scope\">Josep Izquierdo S\u00e1nchez<\/span><br \/>\nEditorial: Top Toys<br \/>\nEdad M\u00ednima Recomendada: 8 A\u00f1os<br \/>\nDificultad: 1.5\/5<br \/>\nN\u00ba de Jugadores: 1 a 8<br \/>\nDuraci\u00f3n Promedio de la Partida: 60 Minutos<br \/>\nIdioma: Espa\u00f1ol<\/p>\n","protected":false},"featured_media":9733,"comment_status":"closed","ping_status":"closed","template":"","meta":[],"product_brand":[],"product_cat":[243,351],"product_tag":[],"class_list":{"0":"post-9750","1":"product","2":"type-product","3":"status-publish","4":"has-post-thumbnail","6":"product_cat-juegos-de-mesa","7":"product_cat-top-toys","9":"first","10":"outofstock","11":"shipping-taxable","12":"purchasable","13":"product-type-simple"},"_links":{"self":[{"href":"https:\/\/gracelandjuegos.com.ar\/web\/wp-json\/wp\/v2\/product\/9750","targetHints":{"allow":["GET"]}}],"collection":[{"href":"https:\/\/gracelandjuegos.com.ar\/web\/wp-json\/wp\/v2\/product"}],"about":[{"href":"https:\/\/gracelandjuegos.com.ar\/web\/wp-json\/wp\/v2\/types\/product"}],"replies":[{"embeddable":true,"href":"https:\/\/gracelandjuegos.com.ar\/web\/wp-json\/wp\/v2\/comments?post=9750"}],"wp:featuredmedia":[{"embeddable":true,"href":"https:\/\/gracelandjuegos.com.ar\/web\/wp-json\/wp\/v2\/media\/9733"}],"wp:attachment":[{"href":"https:\/\/gracelandjuegos.com.ar\/web\/wp-json\/wp\/v2\/media?parent=9750"}],"wp:term":[{"taxonomy":"product_brand","embeddable":true,"href":"https:\/\/gracelandjuegos.com.ar\/web\/wp-json\/wp\/v2\/product_brand?post=9750"},{"taxonomy":"product_cat","embeddable":true,"href":"https:\/\/gracelandjuegos.com.ar\/web\/wp-json\/wp\/v2\/product_cat?post=9750"},{"taxonomy":"product_tag","embeddable":true,"href":"https:\/\/gracelandjuegos.com.ar\/web\/wp-json\/wp\/v2\/product_tag?post=9750"}],"curies":[{"name":"wp","href":"https:\/\/api.w.org\/{rel}","templated":true}]}}