{"id":9708,"date":"2021-06-30T16:32:50","date_gmt":"2021-06-30T19:32:50","guid":{"rendered":"https:\/\/gracelandjuegos.com.ar\/web\/?post_type=product&#038;p=9708"},"modified":"2026-02-17T20:39:42","modified_gmt":"2026-02-17T23:39:42","slug":"set","status":"publish","type":"product","link":"https:\/\/gracelandjuegos.com.ar\/web\/product\/set\/","title":{"rendered":"Set"},"content":{"rendered":"<p id=\"tw-target-text\" class=\"tw-data-text tw-text-large XcVN5d tw-ta\" dir=\"ltr\" data-placeholder=\"Traducci\u00f3n\"><span class=\"Y2IQFc\" lang=\"es\">En SET, cada tarjeta contiene 1-3 objetos, todos ellos con el mismo color, forma y sombreado. Por ejemplo, dos \u00f3valos sombreados de p\u00farpura. <\/span><span class=\"Y2IQFc\" lang=\"es\">Los colores, formas y matices vienen en tres tipos diferentes: verde, morado y rojo; \u00f3valo, diamante y garabato; y s\u00f3lido, sombreado y delineado. <\/span><\/p>\n<p class=\"tw-data-text tw-text-large XcVN5d tw-ta\" dir=\"ltr\" data-placeholder=\"Traducci\u00f3n\"><span class=\"Y2IQFc\" lang=\"es\">Todos los jugadores compiten simult\u00e1neamente e intentan juntar conjuntos de cartas. Cada conjunto consta de tres cartas que son todas iguales o todas diferentes en cada atributo. Por ejemplo, si las tres cartas tienen el mismo n\u00famero de objetos, pero tres formas, matices y colores diferentes, esas cartas son un conjunto; si dos de las cartas tienen un atributo com\u00fan que no es compartido por la tercera, no son un conjunto.<\/span><\/p>\n<p class=\"tw-data-text tw-text-large XcVN5d tw-ta\" dir=\"ltr\" data-placeholder=\"Traducci\u00f3n\"><span class=\"Y2IQFc\" lang=\"es\">Para jugar, una persona toma el mazo y coloca doce cartas boca arriba. La primera persona que detecta un juego recoge esas tres cartas; si el jugador se equivoc\u00f3, este jugador no puede reclamar un set hasta que otro jugador lo haya hecho. Despu\u00e9s de que alguien ha reclamado un juego, se colocan tres cartas m\u00e1s. (Si todos los jugadores est\u00e1n de acuerdo en que no se pueden reclamar conjuntos, entonces se colocan tres cartas m\u00e1s. Estas cartas no se reemplazan despu\u00e9s de que alguien reclame un conjunto). <\/span><\/p>\n<p class=\"tw-data-text tw-text-large XcVN5d tw-ta\" dir=\"ltr\" data-placeholder=\"Traducci\u00f3n\"><span class=\"Y2IQFc\" lang=\"es\">\u00a1Quien reclame la mayor cantidad de conjuntos gana!<\/span><\/p>\n","protected":false},"excerpt":{"rendered":"<p>G\u00e9nero: Abstracto, Familiar.<br \/>\nCategor\u00edas: Cartas, Patrones, Colecciones, Tiempo Real.<br \/>\nDise\u00f1ado Por: Marsha J. Falco<br \/>\nEditorial: Devir<br \/>\nEdad M\u00ednima Recomendada: 6 A\u00f1os<br \/>\nDificultad: 1.7\/5<br \/>\nN\u00ba de Jugadores: 1 a 20<br \/>\nDuraci\u00f3n Promedio de la Partida: 20 Minutos<br \/>\nIdioma: Espa\u00f1ol<\/p>\n","protected":false},"featured_media":9705,"comment_status":"closed","ping_status":"closed","template":"","meta":[],"product_brand":[],"product_cat":[339,243],"product_tag":[],"class_list":{"0":"post-9708","1":"product","2":"type-product","3":"status-publish","4":"has-post-thumbnail","6":"product_cat-devir","7":"product_cat-juegos-de-mesa","9":"first","10":"outofstock","11":"shipping-taxable","12":"purchasable","13":"product-type-simple"},"_links":{"self":[{"href":"https:\/\/gracelandjuegos.com.ar\/web\/wp-json\/wp\/v2\/product\/9708","targetHints":{"allow":["GET"]}}],"collection":[{"href":"https:\/\/gracelandjuegos.com.ar\/web\/wp-json\/wp\/v2\/product"}],"about":[{"href":"https:\/\/gracelandjuegos.com.ar\/web\/wp-json\/wp\/v2\/types\/product"}],"replies":[{"embeddable":true,"href":"https:\/\/gracelandjuegos.com.ar\/web\/wp-json\/wp\/v2\/comments?post=9708"}],"wp:featuredmedia":[{"embeddable":true,"href":"https:\/\/gracelandjuegos.com.ar\/web\/wp-json\/wp\/v2\/media\/9705"}],"wp:attachment":[{"href":"https:\/\/gracelandjuegos.com.ar\/web\/wp-json\/wp\/v2\/media?parent=9708"}],"wp:term":[{"taxonomy":"product_brand","embeddable":true,"href":"https:\/\/gracelandjuegos.com.ar\/web\/wp-json\/wp\/v2\/product_brand?post=9708"},{"taxonomy":"product_cat","embeddable":true,"href":"https:\/\/gracelandjuegos.com.ar\/web\/wp-json\/wp\/v2\/product_cat?post=9708"},{"taxonomy":"product_tag","embeddable":true,"href":"https:\/\/gracelandjuegos.com.ar\/web\/wp-json\/wp\/v2\/product_tag?post=9708"}],"curies":[{"name":"wp","href":"https:\/\/api.w.org\/{rel}","templated":true}]}}