{"id":9707,"date":"2021-06-30T16:31:30","date_gmt":"2021-06-30T19:31:30","guid":{"rendered":"https:\/\/gracelandjuegos.com.ar\/web\/?post_type=product&#038;p=9707"},"modified":"2026-02-17T20:39:59","modified_gmt":"2026-02-17T23:39:59","slug":"plenus","status":"publish","type":"product","link":"https:\/\/gracelandjuegos.com.ar\/web\/product\/plenus\/","title":{"rendered":"Plenus"},"content":{"rendered":"<p id=\"tw-target-text\" class=\"tw-data-text tw-text-large XcVN5d tw-ta\" dir=\"ltr\" data-placeholder=\"Traducci\u00f3n\">Plenus consiste en ir marcando con una cruz las casillas de color de la hoja de juego, intentando llenar lo antes posible el mayor n\u00famero de columnas o de casillas del mismo color. Para ello ten\u00e9s que combinar un dado de colores y un dado num\u00e9rico, e ir marcando las casillas adyacentes del color elegido.<\/p>\n<p class=\"tw-data-text tw-text-large XcVN5d tw-ta\" dir=\"ltr\" data-placeholder=\"Traducci\u00f3n\">Eleg\u00ed el resultado correcto y de paso robales a los dem\u00e1s jugadores las combinaciones de dados que tanto desean. Tus posibilidades ir\u00e1n aumentando a medida que te vayas extendiendo por la hoja de juego.<\/p>\n<p class=\"tw-data-text tw-text-large XcVN5d tw-ta\" dir=\"ltr\" data-placeholder=\"Traducci\u00f3n\">Adem\u00e1s de ganar puntos por las columnas individuales, pod\u00e9s obtener un bonificador si complet\u00e1s todas las casillas de un mismo color.<\/p>\n<p class=\"tw-data-text tw-text-large XcVN5d tw-ta\" dir=\"ltr\" data-placeholder=\"Traducci\u00f3n\">La partida termina cuando un jugador marca todas las casillas de dos colores distintos. Llegados a este punto\u2026 \u00a1siempre pod\u00e9s jugar otra partida!<\/p>\n","protected":false},"excerpt":{"rendered":"<p>G\u00e9nero: Abstracto, Familiar.<br \/>\nCategor\u00edas: Dados, Papel y L\u00e1piz, Solitario.<br \/>\nDise\u00f1ado Por: Inka Brand, Markus Brand<br \/>\nEditorial: Devir<br \/>\nEdad M\u00ednima Recomendada: 8 A\u00f1os<br \/>\nDificultad: 1.2\/5<br \/>\nN\u00ba de Jugadores: 1 a 6<br \/>\nDuraci\u00f3n Promedio de la Partida: 20 Minutos<br \/>\nIdioma: Espa\u00f1ol<\/p>\n","protected":false},"featured_media":9704,"comment_status":"closed","ping_status":"closed","template":"","meta":[],"product_brand":[],"product_cat":[339,243],"product_tag":[],"class_list":{"0":"post-9707","1":"product","2":"type-product","3":"status-publish","4":"has-post-thumbnail","6":"product_cat-devir","7":"product_cat-juegos-de-mesa","9":"first","10":"instock","11":"shipping-taxable","12":"purchasable","13":"product-type-simple"},"_links":{"self":[{"href":"https:\/\/gracelandjuegos.com.ar\/web\/wp-json\/wp\/v2\/product\/9707","targetHints":{"allow":["GET"]}}],"collection":[{"href":"https:\/\/gracelandjuegos.com.ar\/web\/wp-json\/wp\/v2\/product"}],"about":[{"href":"https:\/\/gracelandjuegos.com.ar\/web\/wp-json\/wp\/v2\/types\/product"}],"replies":[{"embeddable":true,"href":"https:\/\/gracelandjuegos.com.ar\/web\/wp-json\/wp\/v2\/comments?post=9707"}],"wp:featuredmedia":[{"embeddable":true,"href":"https:\/\/gracelandjuegos.com.ar\/web\/wp-json\/wp\/v2\/media\/9704"}],"wp:attachment":[{"href":"https:\/\/gracelandjuegos.com.ar\/web\/wp-json\/wp\/v2\/media?parent=9707"}],"wp:term":[{"taxonomy":"product_brand","embeddable":true,"href":"https:\/\/gracelandjuegos.com.ar\/web\/wp-json\/wp\/v2\/product_brand?post=9707"},{"taxonomy":"product_cat","embeddable":true,"href":"https:\/\/gracelandjuegos.com.ar\/web\/wp-json\/wp\/v2\/product_cat?post=9707"},{"taxonomy":"product_tag","embeddable":true,"href":"https:\/\/gracelandjuegos.com.ar\/web\/wp-json\/wp\/v2\/product_tag?post=9707"}],"curies":[{"name":"wp","href":"https:\/\/api.w.org\/{rel}","templated":true}]}}