{"id":9647,"date":"2021-06-25T09:30:51","date_gmt":"2021-06-25T12:30:51","guid":{"rendered":"https:\/\/gracelandjuegos.com.ar\/web\/?post_type=product&#038;p=9647"},"modified":"2024-01-12T14:49:00","modified_gmt":"2024-01-12T17:49:00","slug":"carrera-de-mente-familiar","status":"publish","type":"product","link":"https:\/\/gracelandjuegos.com.ar\/web\/product\/carrera-de-mente-familiar\/","title":{"rendered":"Carrera de Mente Familiar"},"content":{"rendered":"<p>Todos conocemos\u00a0Carrera de Mente, el juego de preguntas y respuestas m\u00e1s vendido de nuestro pa\u00eds.\u00a0Lo juegan los chicos en hora libre, los adultos en reuniones y la familia en el asado del domingo.<\/p>\n<p>El juego surge en 1985 como un trabajo de edici\u00f3n conjunta de Ruibal y Ediciones De Mente.<\/p>\n<p>Esta edici\u00f3n fue editada en 2017. Una versi\u00f3n innovadora en dise\u00f1o y calidad, producido en caja de metal y con ilustraciones de Pablo Bernasconi. Las preguntas se desarrollaron bajo una nueva modalidad: tienen dos niveles de dificultad y contemplan la posibilidad de que los m\u00e1s chicos respondan sobre contenidos acordes a su generaci\u00f3n, conservando los cl\u00e1sicos temas: Naturaleza y Ciencia, Las Artes, Deportes y Juegos, Cambalache, Historia y Geograf\u00eda, Entretenimiento y espect\u00e1culos.<\/p>\n<p><span class=\"Y2IQFc\" lang=\"es\">El juego consiste en una carrera a trav\u00e9s de un tablero con espacios de colores y 6 libros con preguntas de 6 categor\u00edas. <\/span><\/p>\n<p><span class=\"Y2IQFc\" lang=\"es\">Al caer en un casillero, el jugador lanza los dados para obtener 3 n\u00fameros (por ejemplo 3-1-6). Luego, del libro con el color del espacio en el que se ha aterrizado, otro jugador lee la pregunta correspondiente al n\u00famero que sali\u00f3 en las tiradas de dados (316 en el ejemplo). Si el jugador responde correctamente, puede continuar jugando. De lo contrario, el siguiente jugador contin\u00faa. Cuando un jugador adivina la respuesta de un espacio con una estrella, recibe una ficha del color asociado con el tema respondido correctamente. <\/span><\/p>\n<p><span class=\"Y2IQFc\" lang=\"es\">\u00a1El primero en obtener una ficha de cada categor\u00eda gana!<\/span><\/p>\n","protected":false},"excerpt":{"rendered":"<p>G\u00e9nero: Familiar, Party.<br \/>\nCategor\u00edas: Trivia, Preguntas y Respuestas, Party.<br \/>\nDise\u00f1ado Por: <span class=\"ng-scope\">Jaime Poniachik,\u00a0<\/span><span class=\"ng-scope\">Daniel Samoilovich<\/span><br \/>\nEditorial: Ruibal<br \/>\nEdad M\u00ednima Recomendada: 10 A\u00f1os<br \/>\nDificultad: 1,00\/5<br \/>\nN\u00ba de Jugadores: 2 a 20 (Por Equipos)<br \/>\nDuraci\u00f3n Promedio de la Partida: 90 Minutos<br \/>\nIdioma: Espa\u00f1ol<\/p>\n","protected":false},"featured_media":9536,"comment_status":"closed","ping_status":"closed","template":"","meta":[],"product_brand":[],"product_cat":[243,349],"product_tag":[],"class_list":{"0":"post-9647","1":"product","2":"type-product","3":"status-publish","4":"has-post-thumbnail","6":"product_cat-juegos-de-mesa","7":"product_cat-ruibal","9":"first","10":"outofstock","11":"shipping-taxable","12":"purchasable","13":"product-type-simple"},"_links":{"self":[{"href":"https:\/\/gracelandjuegos.com.ar\/web\/wp-json\/wp\/v2\/product\/9647","targetHints":{"allow":["GET"]}}],"collection":[{"href":"https:\/\/gracelandjuegos.com.ar\/web\/wp-json\/wp\/v2\/product"}],"about":[{"href":"https:\/\/gracelandjuegos.com.ar\/web\/wp-json\/wp\/v2\/types\/product"}],"replies":[{"embeddable":true,"href":"https:\/\/gracelandjuegos.com.ar\/web\/wp-json\/wp\/v2\/comments?post=9647"}],"wp:featuredmedia":[{"embeddable":true,"href":"https:\/\/gracelandjuegos.com.ar\/web\/wp-json\/wp\/v2\/media\/9536"}],"wp:attachment":[{"href":"https:\/\/gracelandjuegos.com.ar\/web\/wp-json\/wp\/v2\/media?parent=9647"}],"wp:term":[{"taxonomy":"product_brand","embeddable":true,"href":"https:\/\/gracelandjuegos.com.ar\/web\/wp-json\/wp\/v2\/product_brand?post=9647"},{"taxonomy":"product_cat","embeddable":true,"href":"https:\/\/gracelandjuegos.com.ar\/web\/wp-json\/wp\/v2\/product_cat?post=9647"},{"taxonomy":"product_tag","embeddable":true,"href":"https:\/\/gracelandjuegos.com.ar\/web\/wp-json\/wp\/v2\/product_tag?post=9647"}],"curies":[{"name":"wp","href":"https:\/\/api.w.org\/{rel}","templated":true}]}}