{"id":9644,"date":"2021-06-25T09:26:45","date_gmt":"2021-06-25T12:26:45","guid":{"rendered":"https:\/\/gracelandjuegos.com.ar\/web\/?post_type=product&#038;p=9644"},"modified":"2024-04-20T12:33:36","modified_gmt":"2024-04-20T15:33:36","slug":"con-eso-no-se-jode-2","status":"publish","type":"product","link":"https:\/\/gracelandjuegos.com.ar\/web\/product\/con-eso-no-se-jode-2\/","title":{"rendered":"Con Eso No se Jode 2"},"content":{"rendered":"<p>El juego de humor negro Con Eso No Se Jode tiene segunda parte. El ganador ser\u00e1 la peor persona del grupo y para serlo deber\u00e1n cumplir consignas individuales o grupales.<\/p>\n<p>En esta edici\u00f3n vas a poder jugar con: fetos ingenieros, tragedias a\u00e9reas, caca, deformidades cong\u00e9nitas, abortos, drogadicci\u00f3n, esclavitud, orfandad, tr\u00e1fico de \u00f3rganos, torturas y el hermoso placer de preocupar a sus seres queridos con mensajes horrendos.<\/p>\n<p>Que se diviertan!<\/p>\n<p>Se puede jugar de manera individual o combinarse con el Con Eso No Se Jode.<\/p>\n","protected":false},"excerpt":{"rendered":"<p>G\u00e9nero: Party.<br \/>\nCategor\u00edas: Cartas, Party, Prendas, Humor, Adultos.<br \/>\nDise\u00f1ado Por: N\/A<br \/>\nEditorial: Poppular<br \/>\nEdad M\u00ednima Recomendada: 18 A\u00f1os<br \/>\nDificultad: 1.00\/5<br \/>\nN\u00ba de Jugadores: 3 a 10<br \/>\nDuraci\u00f3n Promedio de la Partida: 15 Minutos<br \/>\nIdioma: Espa\u00f1ol<\/p>\n","protected":false},"featured_media":9539,"comment_status":"closed","ping_status":"closed","template":"","meta":[],"product_brand":[],"product_cat":[234,347],"product_tag":[],"class_list":{"0":"post-9644","1":"product","2":"type-product","3":"status-publish","4":"has-post-thumbnail","6":"product_cat-juegos-de-previa","7":"product_cat-poppular","9":"first","10":"instock","11":"shipping-taxable","12":"purchasable","13":"product-type-simple"},"_links":{"self":[{"href":"https:\/\/gracelandjuegos.com.ar\/web\/wp-json\/wp\/v2\/product\/9644","targetHints":{"allow":["GET"]}}],"collection":[{"href":"https:\/\/gracelandjuegos.com.ar\/web\/wp-json\/wp\/v2\/product"}],"about":[{"href":"https:\/\/gracelandjuegos.com.ar\/web\/wp-json\/wp\/v2\/types\/product"}],"replies":[{"embeddable":true,"href":"https:\/\/gracelandjuegos.com.ar\/web\/wp-json\/wp\/v2\/comments?post=9644"}],"wp:featuredmedia":[{"embeddable":true,"href":"https:\/\/gracelandjuegos.com.ar\/web\/wp-json\/wp\/v2\/media\/9539"}],"wp:attachment":[{"href":"https:\/\/gracelandjuegos.com.ar\/web\/wp-json\/wp\/v2\/media?parent=9644"}],"wp:term":[{"taxonomy":"product_brand","embeddable":true,"href":"https:\/\/gracelandjuegos.com.ar\/web\/wp-json\/wp\/v2\/product_brand?post=9644"},{"taxonomy":"product_cat","embeddable":true,"href":"https:\/\/gracelandjuegos.com.ar\/web\/wp-json\/wp\/v2\/product_cat?post=9644"},{"taxonomy":"product_tag","embeddable":true,"href":"https:\/\/gracelandjuegos.com.ar\/web\/wp-json\/wp\/v2\/product_tag?post=9644"}],"curies":[{"name":"wp","href":"https:\/\/api.w.org\/{rel}","templated":true}]}}