{"id":9642,"date":"2021-06-25T09:22:03","date_gmt":"2021-06-25T12:22:03","guid":{"rendered":"https:\/\/gracelandjuegos.com.ar\/web\/?post_type=product&#038;p=9642"},"modified":"2024-09-18T17:17:57","modified_gmt":"2024-09-18T20:17:57","slug":"conejos-en-el-huerto","status":"publish","type":"product","link":"https:\/\/gracelandjuegos.com.ar\/web\/product\/conejos-en-el-huerto\/","title":{"rendered":"Conejos en el Huerto"},"content":{"rendered":"<p>El perro guardi\u00e1n deber\u00eda hacer mejor su trabajo, la \u00e9poca de la cosecha ha llegado y \u00a1el huerto ha sido invadido por conejos!<\/p>\n<p>En Conejos en el huerto los jugadores controlan una pareja de conejos, que compiten por cosechar las 5 especies de hortalizas all\u00ed cultivadas. Se juega sobre un tablero modular configurado aleatoriamente.<br \/>\nInicialmente los conejos se ubican en sus madrigueras y luego comienzan a moverse por turnos alrededor del tablero. Cuando termina su turno, de acuerdo a la posici\u00f3n de los conejos, el jugador cosecha las hortalizas, excepto que la variedad correspondiente se encuentre agotada o el perro se lo impida.<\/p>\n<p>Al finalizar la partida los jugadores convierten las hortalizas obtenidas en puntos de victoria, de acuerdo al sistema de puntuaci\u00f3n utilizado, teniendo en cuenta que aquellas variedades de hortalizas que fueron vaciadas dan menos puntos.<\/p>\n<p>El jugador que obtenga m\u00e1s puntos de victoria gana el juego.<\/p>\n<p>Conejos es un eurogame liviano, despojado completamente del factor azar. Requiere que los jugadores planifiquen y tomen buenas decisiones para ganar.<\/p>\n","protected":false},"excerpt":{"rendered":"<p>G\u00e9nero: Familiar.<br \/>\nCategor\u00edas: Animales, Especulaci\u00f3n, Tablero Modular.<br \/>\nDise\u00f1ado Por: Luis Fernando Marcantoni<br \/>\nEditorial: Ruibal<br \/>\nEdad M\u00ednima Recomendada: 8 A\u00f1os<br \/>\nDificultad: 2,25\/5<br \/>\nN\u00ba de Jugadores: 2 a 4<br \/>\nDuraci\u00f3n Promedio de la Partida: 40 Minutos<br \/>\nIdioma: Espa\u00f1ol<\/p>\n","protected":false},"featured_media":9541,"comment_status":"closed","ping_status":"closed","template":"","meta":[],"product_brand":[],"product_cat":[243,349],"product_tag":[],"class_list":{"0":"post-9642","1":"product","2":"type-product","3":"status-publish","4":"has-post-thumbnail","6":"product_cat-juegos-de-mesa","7":"product_cat-ruibal","9":"first","10":"instock","11":"shipping-taxable","12":"purchasable","13":"product-type-simple"},"_links":{"self":[{"href":"https:\/\/gracelandjuegos.com.ar\/web\/wp-json\/wp\/v2\/product\/9642","targetHints":{"allow":["GET"]}}],"collection":[{"href":"https:\/\/gracelandjuegos.com.ar\/web\/wp-json\/wp\/v2\/product"}],"about":[{"href":"https:\/\/gracelandjuegos.com.ar\/web\/wp-json\/wp\/v2\/types\/product"}],"replies":[{"embeddable":true,"href":"https:\/\/gracelandjuegos.com.ar\/web\/wp-json\/wp\/v2\/comments?post=9642"}],"wp:featuredmedia":[{"embeddable":true,"href":"https:\/\/gracelandjuegos.com.ar\/web\/wp-json\/wp\/v2\/media\/9541"}],"wp:attachment":[{"href":"https:\/\/gracelandjuegos.com.ar\/web\/wp-json\/wp\/v2\/media?parent=9642"}],"wp:term":[{"taxonomy":"product_brand","embeddable":true,"href":"https:\/\/gracelandjuegos.com.ar\/web\/wp-json\/wp\/v2\/product_brand?post=9642"},{"taxonomy":"product_cat","embeddable":true,"href":"https:\/\/gracelandjuegos.com.ar\/web\/wp-json\/wp\/v2\/product_cat?post=9642"},{"taxonomy":"product_tag","embeddable":true,"href":"https:\/\/gracelandjuegos.com.ar\/web\/wp-json\/wp\/v2\/product_tag?post=9642"}],"curies":[{"name":"wp","href":"https:\/\/api.w.org\/{rel}","templated":true}]}}