{"id":9636,"date":"2021-06-25T09:15:27","date_gmt":"2021-06-25T12:15:27","guid":{"rendered":"https:\/\/gracelandjuegos.com.ar\/web\/?post_type=product&#038;p=9636"},"modified":"2024-06-04T09:05:46","modified_gmt":"2024-06-04T12:05:46","slug":"dos","status":"publish","type":"product","link":"https:\/\/gracelandjuegos.com.ar\/web\/product\/dos\/","title":{"rendered":"Dos"},"content":{"rendered":"<p id=\"tw-target-text\" class=\"tw-data-text tw-text-large XcVN5d tw-ta\" dir=\"ltr\" data-placeholder=\"Traducci\u00f3n\"><span class=\"Y2IQFc\" lang=\"es\">DOS es la continuaci\u00f3n del cl\u00e1sico juego de cartas UNO. Al igual que UNO, el objetivo de DOS es ser el primer jugador de cada ronda en deshacerse de todas sus cartas y ganar puntos por las cartas que quedan en las manos de sus oponentes. <\/span><\/p>\n<p class=\"tw-data-text tw-text-large XcVN5d tw-ta\" dir=\"ltr\" data-placeholder=\"Traducci\u00f3n\"><span class=\"Y2IQFc\" lang=\"es\">En su turno, un jugador puede jugar las cartas de su mano haciendo coincidir sus n\u00fameros con cualquiera de las cartas boca arriba en la fila central. Pod\u00e9s jugar una coincidencia por cada carta en la fila central. Tambi\u00e9n puede combinar dos cartas de su mano que sumen el n\u00famero que desea igualar. Si las cartas que jug\u00f3 coinciden tanto en n\u00famero como en color, se gana el derecho de colocar cartas adicionales de su mano en la fila central e incluso obligar a otros jugadores a robar cartas. No olvides gritar &#8220;\u00a1Dos!&#8221; siempre que tenga dos cartas en la mano o vas a tener que robar m\u00e1s cartas. <\/span><\/p>\n<p class=\"tw-data-text tw-text-large XcVN5d tw-ta\" dir=\"ltr\" data-placeholder=\"Traducci\u00f3n\"><span class=\"Y2IQFc\" lang=\"es\">La ronda termina cuando un jugador se deshace de todas sus cartas. Ese jugador gana puntos seg\u00fan los valores de las cartas que quedan en las manos de los otros jugadores. Cuando alguien alcance los 200 puntos, ese jugador es el ganador.<\/span><\/p>\n","protected":false},"excerpt":{"rendered":"<p>G\u00e9nero: Familiar, Party.<br \/>\nCategor\u00edas: Cartas, N\u00fameros, Colores, Descarte, Manejo de Mano, Eliminaci\u00f3n de Jugadores.<br \/>\nDise\u00f1ado Por: Nick Hayes<br \/>\nEditorial: Ruibal<br \/>\nEdad M\u00ednima Recomendada: 7 A\u00f1os<br \/>\nDificultad: 1,38\/5<br \/>\nN\u00ba de Jugadores: 2 a 4<br \/>\nDuraci\u00f3n Promedio de la Partida: 45 Minutos<br \/>\nIdioma: Espa\u00f1ol<\/p>\n","protected":false},"featured_media":9547,"comment_status":"closed","ping_status":"closed","template":"","meta":[],"product_brand":[],"product_cat":[330,243,349],"product_tag":[],"class_list":{"0":"post-9636","1":"product","2":"type-product","3":"status-publish","4":"has-post-thumbnail","6":"product_cat-clasicos","7":"product_cat-juegos-de-mesa","8":"product_cat-ruibal","10":"first","11":"outofstock","12":"shipping-taxable","13":"purchasable","14":"product-type-simple"},"_links":{"self":[{"href":"https:\/\/gracelandjuegos.com.ar\/web\/wp-json\/wp\/v2\/product\/9636","targetHints":{"allow":["GET"]}}],"collection":[{"href":"https:\/\/gracelandjuegos.com.ar\/web\/wp-json\/wp\/v2\/product"}],"about":[{"href":"https:\/\/gracelandjuegos.com.ar\/web\/wp-json\/wp\/v2\/types\/product"}],"replies":[{"embeddable":true,"href":"https:\/\/gracelandjuegos.com.ar\/web\/wp-json\/wp\/v2\/comments?post=9636"}],"wp:featuredmedia":[{"embeddable":true,"href":"https:\/\/gracelandjuegos.com.ar\/web\/wp-json\/wp\/v2\/media\/9547"}],"wp:attachment":[{"href":"https:\/\/gracelandjuegos.com.ar\/web\/wp-json\/wp\/v2\/media?parent=9636"}],"wp:term":[{"taxonomy":"product_brand","embeddable":true,"href":"https:\/\/gracelandjuegos.com.ar\/web\/wp-json\/wp\/v2\/product_brand?post=9636"},{"taxonomy":"product_cat","embeddable":true,"href":"https:\/\/gracelandjuegos.com.ar\/web\/wp-json\/wp\/v2\/product_cat?post=9636"},{"taxonomy":"product_tag","embeddable":true,"href":"https:\/\/gracelandjuegos.com.ar\/web\/wp-json\/wp\/v2\/product_tag?post=9636"}],"curies":[{"name":"wp","href":"https:\/\/api.w.org\/{rel}","templated":true}]}}