{"id":9634,"date":"2021-06-25T09:13:26","date_gmt":"2021-06-25T12:13:26","guid":{"rendered":"https:\/\/gracelandjuegos.com.ar\/web\/?post_type=product&#038;p=9634"},"modified":"2025-12-03T17:18:57","modified_gmt":"2025-12-03T20:18:57","slug":"en-una-baldosa","status":"publish","type":"product","link":"https:\/\/gracelandjuegos.com.ar\/web\/product\/en-una-baldosa\/","title":{"rendered":"En Una Baldosa"},"content":{"rendered":"<p>Inspirado en aquellos futbolistas que empiezan prometiendo mucho y terminan choc\u00e1ndose feo con la realidad, <strong>En una baldosa<\/strong> es un juego de cartas para todos los que so\u00f1aron alguna vez con ser futbolistas exitosos pero fracasaron en el intento.<\/p>\n<p>El objetivo es simple: combinar cartas para lograr tener la carrera m\u00e1s conflictiva, tr\u00e1gica y meada por los perros. O dicho de otra forma, la m\u00e1s baldosera. En el camino, nos encontraremos con casos de doping, viudas negras, redes de prostituci\u00f3n, pases frustrados, aprietes, banderas negras, t\u00e1nganas, accidentes y hasta la mism\u00edsima muerte. En fin, todo lo necesario para tener la carrera futbol\u00edstica oscura y triste que todos merecemos.<\/p>\n<p>Ilustrado por Gustavo Sala<\/p>\n","protected":false},"excerpt":{"rendered":"<p>G\u00e9nero: Party.<br \/>\nCategor\u00edas: Cartas, Party, Prendas, Humor, Adultos.<br \/>\nDise\u00f1ado Por: N\/A<br \/>\nEditorial: Poppular<br \/>\nEdad M\u00ednima Recomendada: 18 A\u00f1os<br \/>\nDificultad: 1.00\/5<br \/>\nN\u00ba de Jugadores: 3 a 10<br \/>\nDuraci\u00f3n Promedio de la Partida: 15 Minutos<br \/>\nIdioma: Espa\u00f1ol<\/p>\n","protected":false},"featured_media":9549,"comment_status":"closed","ping_status":"closed","template":"","meta":[],"product_brand":[],"product_cat":[234,347],"product_tag":[],"class_list":{"0":"post-9634","1":"product","2":"type-product","3":"status-publish","4":"has-post-thumbnail","6":"product_cat-juegos-de-previa","7":"product_cat-poppular","9":"first","10":"outofstock","11":"shipping-taxable","12":"purchasable","13":"product-type-simple"},"_links":{"self":[{"href":"https:\/\/gracelandjuegos.com.ar\/web\/wp-json\/wp\/v2\/product\/9634","targetHints":{"allow":["GET"]}}],"collection":[{"href":"https:\/\/gracelandjuegos.com.ar\/web\/wp-json\/wp\/v2\/product"}],"about":[{"href":"https:\/\/gracelandjuegos.com.ar\/web\/wp-json\/wp\/v2\/types\/product"}],"replies":[{"embeddable":true,"href":"https:\/\/gracelandjuegos.com.ar\/web\/wp-json\/wp\/v2\/comments?post=9634"}],"wp:featuredmedia":[{"embeddable":true,"href":"https:\/\/gracelandjuegos.com.ar\/web\/wp-json\/wp\/v2\/media\/9549"}],"wp:attachment":[{"href":"https:\/\/gracelandjuegos.com.ar\/web\/wp-json\/wp\/v2\/media?parent=9634"}],"wp:term":[{"taxonomy":"product_brand","embeddable":true,"href":"https:\/\/gracelandjuegos.com.ar\/web\/wp-json\/wp\/v2\/product_brand?post=9634"},{"taxonomy":"product_cat","embeddable":true,"href":"https:\/\/gracelandjuegos.com.ar\/web\/wp-json\/wp\/v2\/product_cat?post=9634"},{"taxonomy":"product_tag","embeddable":true,"href":"https:\/\/gracelandjuegos.com.ar\/web\/wp-json\/wp\/v2\/product_tag?post=9634"}],"curies":[{"name":"wp","href":"https:\/\/api.w.org\/{rel}","templated":true}]}}