{"id":9626,"date":"2021-06-24T18:49:37","date_gmt":"2021-06-24T21:49:37","guid":{"rendered":"https:\/\/gracelandjuegos.com.ar\/web\/?post_type=product&#038;p=9626"},"modified":"2024-01-12T15:29:33","modified_gmt":"2024-01-12T18:29:33","slug":"jungle-speed","status":"publish","type":"product","link":"https:\/\/gracelandjuegos.com.ar\/web\/product\/jungle-speed\/","title":{"rendered":"Jungle Speed"},"content":{"rendered":"<p id=\"tw-target-text\" class=\"tw-data-text tw-text-large XcVN5d tw-ta\" dir=\"ltr\" data-placeholder=\"Traducci\u00f3n\"><span class=\"Y2IQFc\" lang=\"es\">En Jungle Speed, ten\u00e9s que confiar en tu agudo sentido de la observaci\u00f3n y tus r\u00e1pidos reflejos. Requiere una mano firme, que puede ser dif\u00edcil de mantener durante los muchos ataques de risa descontrolada. <\/span><\/p>\n<p class=\"tw-data-text tw-text-large XcVN5d tw-ta\" dir=\"ltr\" data-placeholder=\"Traducci\u00f3n\"><span class=\"Y2IQFc\" lang=\"es\">El t\u00f3tem de madera se encuentra en el medio de la mesa, esperando que el jugador con los reflejos m\u00e1s r\u00e1pidos lo agarre y gane cada mano. Para comenzar los jugadores recibe una mano de cartas. Para ganar ten\u00e9s que ser el primero en deshacerte de todas. Cada turno, todos los jugadores revelan una. Si dos cartas son id\u00e9nticas, esos jugadores deben tomar el Totem. El jugador que haya sido m\u00e1s r\u00e1pido y lohaya agarrado, le da su carta a su competidor. <\/span><\/p>\n<p class=\"tw-data-text tw-text-large XcVN5d tw-ta\" dir=\"ltr\" data-placeholder=\"Traducci\u00f3n\"><span class=\"Y2IQFc\" lang=\"es\">Para aumentar la dificultad, ciertas cartas son casi id\u00e9nticas, lo que puede enga\u00f1ar a un jugador distra\u00eddo para que agarre el t\u00f3tem por error. Otras obligan a todos los jugadores a hacer un agarre a la vez, cambian el m\u00e9todo de juego o aumentan la dificultad.<\/span><\/p>\n","protected":false},"excerpt":{"rendered":"<p>G\u00e9nero: Party, Familiar.<br \/>\nCategor\u00edas: Destreza, Velocidad, Tiempo Real, Acciones Simult\u00e1neas, Cartas, Patrones.<br \/>\nDise\u00f1ado Por: <span class=\"ng-scope\">Thomas Vuarchex,\u00a0<\/span><span class=\"ng-scope\">Pierrick Yakovenko<\/span><br \/>\nEditorial: Top Toys<br \/>\nEdad M\u00ednima Recomendada: 7 A\u00f1os<br \/>\nDificultad: 1,14\/5<br \/>\nN\u00ba de Jugadores: 2 a 10<br \/>\nDuraci\u00f3n Promedio de la Partida: 15 Minutos<br \/>\nIdioma: Espa\u00f1ol<\/p>\n","protected":false},"featured_media":9557,"comment_status":"closed","ping_status":"closed","template":"","meta":[],"product_brand":[],"product_cat":[243,351],"product_tag":[],"class_list":{"0":"post-9626","1":"product","2":"type-product","3":"status-publish","4":"has-post-thumbnail","6":"product_cat-juegos-de-mesa","7":"product_cat-top-toys","9":"first","10":"outofstock","11":"shipping-taxable","12":"purchasable","13":"product-type-simple"},"_links":{"self":[{"href":"https:\/\/gracelandjuegos.com.ar\/web\/wp-json\/wp\/v2\/product\/9626","targetHints":{"allow":["GET"]}}],"collection":[{"href":"https:\/\/gracelandjuegos.com.ar\/web\/wp-json\/wp\/v2\/product"}],"about":[{"href":"https:\/\/gracelandjuegos.com.ar\/web\/wp-json\/wp\/v2\/types\/product"}],"replies":[{"embeddable":true,"href":"https:\/\/gracelandjuegos.com.ar\/web\/wp-json\/wp\/v2\/comments?post=9626"}],"wp:featuredmedia":[{"embeddable":true,"href":"https:\/\/gracelandjuegos.com.ar\/web\/wp-json\/wp\/v2\/media\/9557"}],"wp:attachment":[{"href":"https:\/\/gracelandjuegos.com.ar\/web\/wp-json\/wp\/v2\/media?parent=9626"}],"wp:term":[{"taxonomy":"product_brand","embeddable":true,"href":"https:\/\/gracelandjuegos.com.ar\/web\/wp-json\/wp\/v2\/product_brand?post=9626"},{"taxonomy":"product_cat","embeddable":true,"href":"https:\/\/gracelandjuegos.com.ar\/web\/wp-json\/wp\/v2\/product_cat?post=9626"},{"taxonomy":"product_tag","embeddable":true,"href":"https:\/\/gracelandjuegos.com.ar\/web\/wp-json\/wp\/v2\/product_tag?post=9626"}],"curies":[{"name":"wp","href":"https:\/\/api.w.org\/{rel}","templated":true}]}}