{"id":9622,"date":"2021-06-24T18:46:25","date_gmt":"2021-06-24T21:46:25","guid":{"rendered":"https:\/\/gracelandjuegos.com.ar\/web\/?post_type=product&#038;p=9622"},"modified":"2024-09-18T09:27:20","modified_gmt":"2024-09-18T12:27:20","slug":"life-el-juego-de-la-vida-simpons","status":"publish","type":"product","link":"https:\/\/gracelandjuegos.com.ar\/web\/product\/life-el-juego-de-la-vida-simpons\/","title":{"rendered":"Life El Juego de la Vida Simpons"},"content":{"rendered":"<p id=\"tw-target-text\" class=\"tw-data-text tw-text-large XcVN5d tw-ta\" dir=\"ltr\" data-placeholder=\"Traducci\u00f3n\"><span class=\"Y2IQFc\" lang=\"es\">\u00a1El cl\u00e1sico juego en una versi\u00f3n tem\u00e1tica de Los Simpons!<\/p>\n<p>LIFE: El Juego de la Vida, intenta reflejar los acontecimientos de la vida por los que pasan muchas personas, desde ir a la universidad, formar una familia, comprar una casa, trabajar y jubilarse. <\/span><\/p>\n<p class=\"tw-data-text tw-text-large XcVN5d tw-ta\" dir=\"ltr\" data-placeholder=\"Traducci\u00f3n\"><span class=\"Y2IQFc\" lang=\"es\">El tablero consta de un camino con algunas bifurcaciones, compuesto por casilleros que simbolizan los distintos eventos que pueden suceder a lo largo de tu vida. El movimiento se realiza haciendo girar una ruleta ubicada en el centro y moviendo la cantidad de casillas que haya resultado del lanzamiento, o\u00a0 siguiendo las indicaciones de algunos casilleros que te mueven a un espacio espec\u00edfico o una determinada cantidad de casilleros hacia adelante o atr\u00e1s. <\/span><\/p>\n<p class=\"tw-data-text tw-text-large XcVN5d tw-ta\" dir=\"ltr\" data-placeholder=\"Traducci\u00f3n\"><span class=\"Y2IQFc\" lang=\"es\">El objetivo es tener la mayor cantidad de activos al final del juego, que se obtienen principalmente trabajando y ganando fichas de dinero. Adem\u00e1s, la primera persona que complete el recorrido recibir\u00e1 fichas adicionales.<\/span><\/p>\n","protected":false},"excerpt":{"rendered":"<p>G\u00e9nero: Familiar.<br \/>\nCategor\u00edas: Infantil, Ruleta, Recorrido, Tem\u00e1tico.<br \/>\nDise\u00f1ado Por: <span class=\"ng-scope\">Reuben Klamer,\u00a0<\/span><span class=\"ng-scope\">Bill Markham (Versi\u00f3n Cl\u00e1sica)<\/span><br \/>\nEditorial: Toyco<br \/>\nEdad M\u00ednima Recomendada: 9 A\u00f1os<br \/>\nDificultad: 1,17\/5<br \/>\nN\u00ba de Jugadores: 2 a 6<br \/>\nDuraci\u00f3n Promedio de la Partida: 60 Minutos<br \/>\nIdioma: Espa\u00f1ol<\/p>\n","protected":false},"featured_media":9561,"comment_status":"closed","ping_status":"closed","template":"","meta":[],"product_brand":[],"product_cat":[243,352],"product_tag":[],"class_list":{"0":"post-9622","1":"product","2":"type-product","3":"status-publish","4":"has-post-thumbnail","6":"product_cat-juegos-de-mesa","7":"product_cat-toyco","9":"first","10":"instock","11":"shipping-taxable","12":"purchasable","13":"product-type-simple"},"_links":{"self":[{"href":"https:\/\/gracelandjuegos.com.ar\/web\/wp-json\/wp\/v2\/product\/9622","targetHints":{"allow":["GET"]}}],"collection":[{"href":"https:\/\/gracelandjuegos.com.ar\/web\/wp-json\/wp\/v2\/product"}],"about":[{"href":"https:\/\/gracelandjuegos.com.ar\/web\/wp-json\/wp\/v2\/types\/product"}],"replies":[{"embeddable":true,"href":"https:\/\/gracelandjuegos.com.ar\/web\/wp-json\/wp\/v2\/comments?post=9622"}],"wp:featuredmedia":[{"embeddable":true,"href":"https:\/\/gracelandjuegos.com.ar\/web\/wp-json\/wp\/v2\/media\/9561"}],"wp:attachment":[{"href":"https:\/\/gracelandjuegos.com.ar\/web\/wp-json\/wp\/v2\/media?parent=9622"}],"wp:term":[{"taxonomy":"product_brand","embeddable":true,"href":"https:\/\/gracelandjuegos.com.ar\/web\/wp-json\/wp\/v2\/product_brand?post=9622"},{"taxonomy":"product_cat","embeddable":true,"href":"https:\/\/gracelandjuegos.com.ar\/web\/wp-json\/wp\/v2\/product_cat?post=9622"},{"taxonomy":"product_tag","embeddable":true,"href":"https:\/\/gracelandjuegos.com.ar\/web\/wp-json\/wp\/v2\/product_tag?post=9622"}],"curies":[{"name":"wp","href":"https:\/\/api.w.org\/{rel}","templated":true}]}}