{"id":9613,"date":"2021-06-24T18:40:19","date_gmt":"2021-06-24T21:40:19","guid":{"rendered":"https:\/\/gracelandjuegos.com.ar\/web\/?post_type=product&#038;p=9613"},"modified":"2024-01-12T14:51:17","modified_gmt":"2024-01-12T17:51:17","slug":"pictionary-junior","status":"publish","type":"product","link":"https:\/\/gracelandjuegos.com.ar\/web\/product\/pictionary-junior\/","title":{"rendered":"Pictionary Junior"},"content":{"rendered":"<p id=\"tw-target-text\" class=\"tw-data-text tw-text-large XcVN5d tw-ta\" dir=\"ltr\" data-placeholder=\"Traducci\u00f3n\"><span class=\"Y2IQFc\" lang=\"es\">Pictionary Junior es una versi\u00f3n simplificada del juego cl\u00e1sico, dise\u00f1ada para un p\u00fablico m\u00e1s joven. <\/span><\/p>\n<p class=\"tw-data-text tw-text-large XcVN5d tw-ta\" dir=\"ltr\" data-placeholder=\"Traducci\u00f3n\"><span class=\"Y2IQFc\" lang=\"es\">Los jugadores se dividen en dos equipos, cada uno con un dibujante y el resto de jugadores como adivinadores. Si solo hay 3 jugadores, uno puede actuar como dibujante de tiempo completo. <\/span><\/p>\n<p class=\"tw-data-text tw-text-large XcVN5d tw-ta\" dir=\"ltr\" data-placeholder=\"Traducci\u00f3n\"><span class=\"Y2IQFc\" lang=\"es\">El juego consiste en lanzar un dado para avanzar en el tablero. Los temas para dibujar provienen de tarjetas. Un reloj de arena marca el l\u00edmite de tiempo para adivinar. Las tarjetas contienen temas m\u00e1s simples que la versi\u00f3n original, m\u00e1s adecuados para los ni\u00f1os. Adivinando, los jugadores siguen avanzando hasta llegar a la meta.<\/span><\/p>\n","protected":false},"excerpt":{"rendered":"<p>G\u00e9nero: Infantil, Party.<br \/>\nCategor\u00edas: L\u00e1piz y Papel, Dibujo, Infantil, Party.<br \/>\nDise\u00f1ado Por: Rob Angel (Versi\u00f3n Oridinal)<br \/>\nEditorial: Ruibal<br \/>\nEdad M\u00ednima Recomendada: 7 A\u00f1os<br \/>\nDificultad: 1,24\/5<br \/>\nN\u00ba de Jugadores: 4 a 8 (Por Equipos)<br \/>\nDuraci\u00f3n Promedio de la Partida: 60 Minutos<br \/>\nIdioma: Espa\u00f1ol<\/p>\n","protected":false},"featured_media":9568,"comment_status":"closed","ping_status":"closed","template":"","meta":[],"product_brand":[],"product_cat":[243,349],"product_tag":[],"class_list":{"0":"post-9613","1":"product","2":"type-product","3":"status-publish","4":"has-post-thumbnail","6":"product_cat-juegos-de-mesa","7":"product_cat-ruibal","9":"first","10":"outofstock","11":"shipping-taxable","12":"purchasable","13":"product-type-simple"},"_links":{"self":[{"href":"https:\/\/gracelandjuegos.com.ar\/web\/wp-json\/wp\/v2\/product\/9613","targetHints":{"allow":["GET"]}}],"collection":[{"href":"https:\/\/gracelandjuegos.com.ar\/web\/wp-json\/wp\/v2\/product"}],"about":[{"href":"https:\/\/gracelandjuegos.com.ar\/web\/wp-json\/wp\/v2\/types\/product"}],"replies":[{"embeddable":true,"href":"https:\/\/gracelandjuegos.com.ar\/web\/wp-json\/wp\/v2\/comments?post=9613"}],"wp:featuredmedia":[{"embeddable":true,"href":"https:\/\/gracelandjuegos.com.ar\/web\/wp-json\/wp\/v2\/media\/9568"}],"wp:attachment":[{"href":"https:\/\/gracelandjuegos.com.ar\/web\/wp-json\/wp\/v2\/media?parent=9613"}],"wp:term":[{"taxonomy":"product_brand","embeddable":true,"href":"https:\/\/gracelandjuegos.com.ar\/web\/wp-json\/wp\/v2\/product_brand?post=9613"},{"taxonomy":"product_cat","embeddable":true,"href":"https:\/\/gracelandjuegos.com.ar\/web\/wp-json\/wp\/v2\/product_cat?post=9613"},{"taxonomy":"product_tag","embeddable":true,"href":"https:\/\/gracelandjuegos.com.ar\/web\/wp-json\/wp\/v2\/product_tag?post=9613"}],"curies":[{"name":"wp","href":"https:\/\/api.w.org\/{rel}","templated":true}]}}