{"id":9612,"date":"2021-06-24T18:39:38","date_gmt":"2021-06-24T21:39:38","guid":{"rendered":"https:\/\/gracelandjuegos.com.ar\/web\/?post_type=product&#038;p=9612"},"modified":"2024-09-18T17:19:07","modified_gmt":"2024-09-18T20:19:07","slug":"pictionary","status":"publish","type":"product","link":"https:\/\/gracelandjuegos.com.ar\/web\/product\/pictionary\/","title":{"rendered":"Pictionary"},"content":{"rendered":"<p>Pictionary\u00a0es un c\u00e9lebre\u00a0juego de mesa\u00a0creado por Rob Angel que consiste en adivinar una palabra a trav\u00e9s de un\u00a0dibujo\u00a0hecho en\u00a0papel. Gana el jugador o el equipo que m\u00e1s palabras o frases adivine.<\/p>\n<p>Los jugadores se mueven por el tablero con casillas de distintos colores tirando un dado. Cada color en las casillas representa un tipo de palabra distinto a dibujar para seguir avanzando:<\/p>\n<ul>\n<li>Naranja: hay que representar un dibujo de la categor\u00eda &#8220;acci\u00f3n&#8221;, suelen ser cosas que solemos hacer, siempre son verbos.<\/li>\n<li>Amarilla: hay que representar un dibujo de la categor\u00eda &#8220;Persona, animal o lugar&#8221;, incluyen tambi\u00e9n personajes conocidos.<\/li>\n<li>Verde:\u00a0hay que representar un dibujo de la categor\u00eda &#8220;Palabras dif\u00edciles&#8221; como ya su nombre indica son de lo m\u00e1s complicadas.<\/li>\n<li>Azul:\u00a0hay que representar un dibujo de la categor\u00eda &#8220;Objeto&#8221;, cosas que podemos ver o tocar.<\/li>\n<li>Roja;\u00a0&#8220;todos juegan&#8221; es decir el equipo que cay\u00f3 juega junto con el resto de equipos a averiguar la palabra, es un buen momento para robar turnos, as\u00ed que hay que estar atento. Si nadie acierta la palabra, el turno lo toma la pareja que est\u00e9 a la derecha del \u00faltimo lanzador.<\/li>\n<li>Comod\u00edn:\u00a0el dibujante podr\u00e1 leer toda la tarjeta y elegir la palabra que le parezca m\u00e1s f\u00e1cil de adivinar y dibujar. Antes de comenzar a dibujar, ha de decir qu\u00e9 color ha elegido y la categor\u00eda a la que corresponde.<\/li>\n<\/ul>\n<p>La \u00fanica comunicaci\u00f3n permitida es el dibujo: Por equipos, hay que adivinar una palabra viendo los dibujos que hace nuestro compa\u00f1ero, en una carrera contrarreloj en la que gana el equipo que adivina m\u00e1s palabras.<\/p>\n","protected":false},"excerpt":{"rendered":"<p>G\u00e9nero: Familiar, Party.<br \/>\nCategor\u00edas: L\u00e1piz y Papel, Dibujo, Dados, Party.<br \/>\nDise\u00f1ado Por: Rob Angel<br \/>\nEditorial: Ruibal<br \/>\nEdad M\u00ednima Recomendada: 12 A\u00f1os<br \/>\nDificultad: 1,24\/5<br \/>\nN\u00ba de Jugadores: 4 a 8 (Por Equipos)<br \/>\nDuraci\u00f3n Promedio de la Partida: 90 Minutos<br \/>\nIdioma: Espa\u00f1ol<\/p>\n","protected":false},"featured_media":9569,"comment_status":"closed","ping_status":"closed","template":"","meta":[],"product_brand":[],"product_cat":[330,243,349],"product_tag":[],"class_list":{"0":"post-9612","1":"product","2":"type-product","3":"status-publish","4":"has-post-thumbnail","6":"product_cat-clasicos","7":"product_cat-juegos-de-mesa","8":"product_cat-ruibal","10":"first","11":"instock","12":"shipping-taxable","13":"purchasable","14":"product-type-simple"},"_links":{"self":[{"href":"https:\/\/gracelandjuegos.com.ar\/web\/wp-json\/wp\/v2\/product\/9612","targetHints":{"allow":["GET"]}}],"collection":[{"href":"https:\/\/gracelandjuegos.com.ar\/web\/wp-json\/wp\/v2\/product"}],"about":[{"href":"https:\/\/gracelandjuegos.com.ar\/web\/wp-json\/wp\/v2\/types\/product"}],"replies":[{"embeddable":true,"href":"https:\/\/gracelandjuegos.com.ar\/web\/wp-json\/wp\/v2\/comments?post=9612"}],"wp:featuredmedia":[{"embeddable":true,"href":"https:\/\/gracelandjuegos.com.ar\/web\/wp-json\/wp\/v2\/media\/9569"}],"wp:attachment":[{"href":"https:\/\/gracelandjuegos.com.ar\/web\/wp-json\/wp\/v2\/media?parent=9612"}],"wp:term":[{"taxonomy":"product_brand","embeddable":true,"href":"https:\/\/gracelandjuegos.com.ar\/web\/wp-json\/wp\/v2\/product_brand?post=9612"},{"taxonomy":"product_cat","embeddable":true,"href":"https:\/\/gracelandjuegos.com.ar\/web\/wp-json\/wp\/v2\/product_cat?post=9612"},{"taxonomy":"product_tag","embeddable":true,"href":"https:\/\/gracelandjuegos.com.ar\/web\/wp-json\/wp\/v2\/product_tag?post=9612"}],"curies":[{"name":"wp","href":"https:\/\/api.w.org\/{rel}","templated":true}]}}