{"id":9603,"date":"2021-06-23T18:04:45","date_gmt":"2021-06-23T21:04:45","guid":{"rendered":"https:\/\/gracelandjuegos.com.ar\/web\/?post_type=product&#038;p=9603"},"modified":"2024-01-12T14:51:52","modified_gmt":"2024-01-12T17:51:52","slug":"scrabble-dash","status":"publish","type":"product","link":"https:\/\/gracelandjuegos.com.ar\/web\/product\/scrabble-dash\/","title":{"rendered":"Scrabble Dash"},"content":{"rendered":"<p id=\"tw-target-text\" class=\"tw-data-text tw-text-large XcVN5d tw-ta\" dir=\"ltr\" data-placeholder=\"Traducci\u00f3n\"><span class=\"Y2IQFc\" lang=\"es\">Scrabble Dash es un divertido y trepidante juego de palabras con cartas. Us\u00e1 tus cartas de letras para hacer una palabra que pueda coincidir con lo que dice la tarjeta Dash y pon\u00e9 tus tarjetas sobre la mesa. Es as\u00ed de f\u00e1cil, pero todo el mundo est\u00e1 compitiendo contra vos para conseguir formar la palabra primero, \u00a1as\u00ed que hacelo r\u00e1pido!<\/span><\/p>\n<p id=\"tw-target-text\" class=\"tw-data-text tw-text-large XcVN5d tw-ta\" dir=\"ltr\" data-placeholder=\"Traducci\u00f3n\"><span class=\"Y2IQFc\" lang=\"es\">Cada jugador tiene una mano de 7 cartas de letras, inicialmente 5 consonantes y 2 vocales, pero a medida que avanza el juego los jugadores pueden rellenar sus manos libremente con los mazos separados de vocales y consonantes para variar la mezcla. <\/span><\/p>\n<p class=\"tw-data-text tw-text-large XcVN5d tw-ta\" dir=\"ltr\" data-placeholder=\"Traducci\u00f3n\"><span class=\"Y2IQFc\" lang=\"es\">En cada turno, la carta superior de Dash se pone boca arriba, revelando el objetivo de ese turno. Entonces los jugadores corren para jugar una palabra de sus manos para completar la carta Dash o se saltan el turno para descartar cartas y robar otras nuevas. Las tarjetas Dash incluyen criterios como el n\u00famero de letras (que van de 2 a 4), la funci\u00f3n de la palabar (verbo, sustantivo, etc) o especificar que la palabra debe comenzar, terminar o contener una letra en particular, extra\u00edda al azar, de la baraja de vocales o consonantes (los jugadores no necesitan jugar su propia copia de esta letra de su mano). <\/span><\/p>\n<p class=\"tw-data-text tw-text-large XcVN5d tw-ta\" dir=\"ltr\" data-placeholder=\"Traducci\u00f3n\"><span class=\"Y2IQFc\" lang=\"es\">El primer jugador en establecer una palabra v\u00e1lida reclama la tarjeta Dash, y el primer jugador en recolectar 5 tarjetas Dash gana el juego.<\/span><\/p>\n","protected":false},"excerpt":{"rendered":"<p>G\u00e9nero: Familiar.<br \/>\nCategor\u00edas: Cartas, Palabras, Tiempo Real.<br \/>\nDise\u00f1ado Por: Brian Yu<br \/>\nEditorial: Ruibal<br \/>\nEdad M\u00ednima Recomendada: 10 A\u00f1os<br \/>\nDificultad: 1,00\/5<br \/>\nN\u00ba de Jugadores: 2 a 4<br \/>\nDuraci\u00f3n Promedio de la Partida: 10 Minutos<br \/>\nIdioma: Espa\u00f1ol<\/p>\n","protected":false},"featured_media":9578,"comment_status":"closed","ping_status":"closed","template":"","meta":[],"product_brand":[],"product_cat":[243,349],"product_tag":[],"class_list":{"0":"post-9603","1":"product","2":"type-product","3":"status-publish","4":"has-post-thumbnail","6":"product_cat-juegos-de-mesa","7":"product_cat-ruibal","9":"first","10":"outofstock","11":"shipping-taxable","12":"purchasable","13":"product-type-simple"},"_links":{"self":[{"href":"https:\/\/gracelandjuegos.com.ar\/web\/wp-json\/wp\/v2\/product\/9603","targetHints":{"allow":["GET"]}}],"collection":[{"href":"https:\/\/gracelandjuegos.com.ar\/web\/wp-json\/wp\/v2\/product"}],"about":[{"href":"https:\/\/gracelandjuegos.com.ar\/web\/wp-json\/wp\/v2\/types\/product"}],"replies":[{"embeddable":true,"href":"https:\/\/gracelandjuegos.com.ar\/web\/wp-json\/wp\/v2\/comments?post=9603"}],"wp:featuredmedia":[{"embeddable":true,"href":"https:\/\/gracelandjuegos.com.ar\/web\/wp-json\/wp\/v2\/media\/9578"}],"wp:attachment":[{"href":"https:\/\/gracelandjuegos.com.ar\/web\/wp-json\/wp\/v2\/media?parent=9603"}],"wp:term":[{"taxonomy":"product_brand","embeddable":true,"href":"https:\/\/gracelandjuegos.com.ar\/web\/wp-json\/wp\/v2\/product_brand?post=9603"},{"taxonomy":"product_cat","embeddable":true,"href":"https:\/\/gracelandjuegos.com.ar\/web\/wp-json\/wp\/v2\/product_cat?post=9603"},{"taxonomy":"product_tag","embeddable":true,"href":"https:\/\/gracelandjuegos.com.ar\/web\/wp-json\/wp\/v2\/product_tag?post=9603"}],"curies":[{"name":"wp","href":"https:\/\/api.w.org\/{rel}","templated":true}]}}