{"id":9602,"date":"2021-06-23T18:03:56","date_gmt":"2021-06-23T21:03:56","guid":{"rendered":"https:\/\/gracelandjuegos.com.ar\/web\/?post_type=product&#038;p=9602"},"modified":"2024-01-12T14:51:59","modified_gmt":"2024-01-12T17:51:59","slug":"scrabble","status":"publish","type":"product","link":"https:\/\/gracelandjuegos.com.ar\/web\/product\/scrabble\/","title":{"rendered":"Scrabble"},"content":{"rendered":"<p id=\"tw-target-text\" class=\"tw-data-text tw-text-large XcVN5d tw-ta\" dir=\"ltr\" data-placeholder=\"Traducci\u00f3n\"><span class=\"Y2IQFc\" lang=\"es\">En este cl\u00e1sico juego de palabras, los jugadores usan sus siete fichas de letras para formar palabras en el tablero. Cada palabra presentada gana puntos en funci\u00f3n de los valores de las letras utilizadas, con ciertos espacios en el tablero que otorgan bonificaciones. Las palabras que se agregan al tablero deben usar al menos una ficha ya jugada o se agregar al menos una letra a una palabra ya jugada. Esto conduce a un juego ligeramente t\u00e1ctico, ya que las palabras potenciales se rechazan porque le dar\u00edan al oponente demasiado acceso a los mejores espacios de bonificaci\u00f3n.<\/p>\n<p>\u00a1Al final de la partida, el jugador con m\u00e1s puntos gana!\u00a0<\/span><\/p>\n","protected":false},"excerpt":{"rendered":"<p>G\u00e9nero: Familiar.<br \/>\nCategor\u00edas: Palabras, Manejo de Mano, Colocaci\u00f3n de Fichas.<br \/>\nDise\u00f1ado Por: Alfred Mosher Butts<br \/>\nEditorial: Ruibal<br \/>\nEdad M\u00ednima Recomendada: 10 A\u00f1os<br \/>\nDificultad: 2,09\/5<br \/>\nN\u00ba de Jugadores: 2 a 4<br \/>\nDuraci\u00f3n Promedio de la Partida: 90 Minutos<br \/>\nIdioma: Espa\u00f1ol<\/p>\n","protected":false},"featured_media":9579,"comment_status":"closed","ping_status":"closed","template":"","meta":[],"product_brand":[],"product_cat":[330,243,349],"product_tag":[],"class_list":{"0":"post-9602","1":"product","2":"type-product","3":"status-publish","4":"has-post-thumbnail","6":"product_cat-clasicos","7":"product_cat-juegos-de-mesa","8":"product_cat-ruibal","10":"first","11":"outofstock","12":"shipping-taxable","13":"purchasable","14":"product-type-simple"},"_links":{"self":[{"href":"https:\/\/gracelandjuegos.com.ar\/web\/wp-json\/wp\/v2\/product\/9602","targetHints":{"allow":["GET"]}}],"collection":[{"href":"https:\/\/gracelandjuegos.com.ar\/web\/wp-json\/wp\/v2\/product"}],"about":[{"href":"https:\/\/gracelandjuegos.com.ar\/web\/wp-json\/wp\/v2\/types\/product"}],"replies":[{"embeddable":true,"href":"https:\/\/gracelandjuegos.com.ar\/web\/wp-json\/wp\/v2\/comments?post=9602"}],"wp:featuredmedia":[{"embeddable":true,"href":"https:\/\/gracelandjuegos.com.ar\/web\/wp-json\/wp\/v2\/media\/9579"}],"wp:attachment":[{"href":"https:\/\/gracelandjuegos.com.ar\/web\/wp-json\/wp\/v2\/media?parent=9602"}],"wp:term":[{"taxonomy":"product_brand","embeddable":true,"href":"https:\/\/gracelandjuegos.com.ar\/web\/wp-json\/wp\/v2\/product_brand?post=9602"},{"taxonomy":"product_cat","embeddable":true,"href":"https:\/\/gracelandjuegos.com.ar\/web\/wp-json\/wp\/v2\/product_cat?post=9602"},{"taxonomy":"product_tag","embeddable":true,"href":"https:\/\/gracelandjuegos.com.ar\/web\/wp-json\/wp\/v2\/product_tag?post=9602"}],"curies":[{"name":"wp","href":"https:\/\/api.w.org\/{rel}","templated":true}]}}