{"id":9591,"date":"2021-06-23T17:23:20","date_gmt":"2021-06-23T20:23:20","guid":{"rendered":"https:\/\/gracelandjuegos.com.ar\/web\/?post_type=product&#038;p=9591"},"modified":"2023-08-01T11:48:36","modified_gmt":"2023-08-01T14:48:36","slug":"uno","status":"publish","type":"product","link":"https:\/\/gracelandjuegos.com.ar\/web\/product\/uno\/","title":{"rendered":"Uno"},"content":{"rendered":"<p id=\"tw-target-text\" class=\"tw-data-text tw-text-large XcVN5d tw-ta\" dir=\"ltr\" data-placeholder=\"Traducci\u00f3n\"><span class=\"Y2IQFc\" lang=\"es\">En Uno, los jugadores se apuran a deshacerse de las cartas en su mano, dejando a sus rivales con la mayor cantidad de cartas posible en sus manos, lo que suma puntos. <\/span><\/p>\n<p class=\"tw-data-text tw-text-large XcVN5d tw-ta\" dir=\"ltr\" data-placeholder=\"Traducci\u00f3n\"><span class=\"Y2IQFc\" lang=\"es\">Por turnos, los jugadores intentan jugar una carta haciendo coincidir su color o n\u00famero con la carta superior de la pila de descarte. Si no pueden jugar, los jugadores roban una carta del mazo y, si a\u00fan no pueden jugar, pasan su turno. Los comodines y cartas especiales le dan un poco de sabor a las cosas, cambiando la orientaci\u00f3n de la ronda, saltando al siguiente jugador o forz\u00e1ndolo a quye robe 2&#8230; \u00a1o hasta 4 cartas!. <\/span><\/p>\n<p class=\"tw-data-text tw-text-large XcVN5d tw-ta\" dir=\"ltr\" data-placeholder=\"Traducci\u00f3n\"><span class=\"Y2IQFc\" lang=\"es\">UNO es una versi\u00f3n comercial de Crazy Eights, un juego de cartas de dominio p\u00fablico que se juega con un mazo est\u00e1ndar de cartas. <\/span><\/p>\n","protected":false},"excerpt":{"rendered":"<p>G\u00e9nero: Familiar, Party.<br \/>\nCategor\u00edas: Cartas, N\u00fameros, Colores, Descarte, Manejo de Mano, Eliminaci\u00f3n de Jugadores.<br \/>\nDise\u00f1ado Por: Merle Robbins<br \/>\nEditorial: Ruibal<br \/>\nEdad M\u00ednima Recomendada: 7 A\u00f1os<br \/>\nDificultad: 1,12\/5<br \/>\nN\u00ba de Jugadores: 2 a 10<br \/>\nDuraci\u00f3n Promedio de la Partida: 30 Minutos<br \/>\nIdioma: Espa\u00f1ol<\/p>\n","protected":false},"featured_media":9590,"comment_status":"closed","ping_status":"closed","template":"","meta":[],"product_brand":[],"product_cat":[243,349],"product_tag":[],"class_list":{"0":"post-9591","1":"product","2":"type-product","3":"status-publish","4":"has-post-thumbnail","6":"product_cat-juegos-de-mesa","7":"product_cat-ruibal","9":"first","10":"outofstock","11":"shipping-taxable","12":"purchasable","13":"product-type-simple"},"_links":{"self":[{"href":"https:\/\/gracelandjuegos.com.ar\/web\/wp-json\/wp\/v2\/product\/9591","targetHints":{"allow":["GET"]}}],"collection":[{"href":"https:\/\/gracelandjuegos.com.ar\/web\/wp-json\/wp\/v2\/product"}],"about":[{"href":"https:\/\/gracelandjuegos.com.ar\/web\/wp-json\/wp\/v2\/types\/product"}],"replies":[{"embeddable":true,"href":"https:\/\/gracelandjuegos.com.ar\/web\/wp-json\/wp\/v2\/comments?post=9591"}],"wp:featuredmedia":[{"embeddable":true,"href":"https:\/\/gracelandjuegos.com.ar\/web\/wp-json\/wp\/v2\/media\/9590"}],"wp:attachment":[{"href":"https:\/\/gracelandjuegos.com.ar\/web\/wp-json\/wp\/v2\/media?parent=9591"}],"wp:term":[{"taxonomy":"product_brand","embeddable":true,"href":"https:\/\/gracelandjuegos.com.ar\/web\/wp-json\/wp\/v2\/product_brand?post=9591"},{"taxonomy":"product_cat","embeddable":true,"href":"https:\/\/gracelandjuegos.com.ar\/web\/wp-json\/wp\/v2\/product_cat?post=9591"},{"taxonomy":"product_tag","embeddable":true,"href":"https:\/\/gracelandjuegos.com.ar\/web\/wp-json\/wp\/v2\/product_tag?post=9591"}],"curies":[{"name":"wp","href":"https:\/\/api.w.org\/{rel}","templated":true}]}}