{"id":9467,"date":"2021-05-06T18:30:53","date_gmt":"2021-05-06T21:30:53","guid":{"rendered":"https:\/\/gracelandjuegos.com.ar\/web\/?post_type=product&#038;p=9467"},"modified":"2026-02-17T20:40:27","modified_gmt":"2026-02-17T23:40:27","slug":"carcassonne-junior","status":"publish","type":"product","link":"https:\/\/gracelandjuegos.com.ar\/web\/product\/carcassonne-junior\/","title":{"rendered":"Carcassonne Junior"},"content":{"rendered":"<p id=\"tw-target-text\" class=\"tw-data-text tw-text-large XcVN5d tw-ta\" dir=\"ltr\" data-placeholder=\"Traducci\u00f3n\">El 14 de julio, el D\u00eda Nacional de Francia, es tradici\u00f3n dejar sueltas a las ovejas, gallinas y vacas. Durante todo el d\u00eda, los ni\u00f1os de Carcassonne se divierten mucho persiguiendo e intentando atrapar a los animales antes de que anochezca.<\/p>\n<p>Este juego es una variante muy simplificada de Carcassonne, que ha vendido millones de ejemplares, y es tan divertida para los peque\u00f1os de la casa como para los grandes.\u00a0 En esta versi\u00f3n no hay que contar puntos. El jugador que sea el primero en poner sobre el tablero todas sus figuras, ganar\u00e1 la partida.<\/p>\n<p>Carcassonne Junior es la mejor manera de introducir a los m\u00e1s peque\u00f1os de la casa en uno de los juegos m\u00e1s populares editados por Devir. Es adem\u00e1s lo suficientemente entretenido incluso para mayores por lo que garantiza muchos momentos de diversi\u00f3n y risas para toda la familia reunida alrededor de la mesa.<\/p>\n","protected":false},"excerpt":{"rendered":"<p>G\u00e9nero: Infantil.<br \/>\nCategor\u00edas: Medieval, Colocaci\u00f3n de Losetas.<br \/>\nDise\u00f1ado Por: Marco Teubner<br \/>\nEditorial: Devir<br \/>\nEdad M\u00ednima Recomendada: 4 A\u00f1os<br \/>\nDificultad: 1.14\/5<br \/>\nN\u00ba de Jugadores: 2 a 4<br \/>\nDuraci\u00f3n Promedio de la Partida: 10 Minutos<br \/>\nIdioma: Espa\u00f1ol<\/p>\n","protected":false},"featured_media":10584,"comment_status":"closed","ping_status":"closed","template":"","meta":[],"product_brand":[],"product_cat":[339,243],"product_tag":[],"class_list":{"0":"post-9467","1":"product","2":"type-product","3":"status-publish","4":"has-post-thumbnail","6":"product_cat-devir","7":"product_cat-juegos-de-mesa","9":"first","10":"outofstock","11":"shipping-taxable","12":"purchasable","13":"product-type-simple"},"_links":{"self":[{"href":"https:\/\/gracelandjuegos.com.ar\/web\/wp-json\/wp\/v2\/product\/9467","targetHints":{"allow":["GET"]}}],"collection":[{"href":"https:\/\/gracelandjuegos.com.ar\/web\/wp-json\/wp\/v2\/product"}],"about":[{"href":"https:\/\/gracelandjuegos.com.ar\/web\/wp-json\/wp\/v2\/types\/product"}],"replies":[{"embeddable":true,"href":"https:\/\/gracelandjuegos.com.ar\/web\/wp-json\/wp\/v2\/comments?post=9467"}],"wp:featuredmedia":[{"embeddable":true,"href":"https:\/\/gracelandjuegos.com.ar\/web\/wp-json\/wp\/v2\/media\/10584"}],"wp:attachment":[{"href":"https:\/\/gracelandjuegos.com.ar\/web\/wp-json\/wp\/v2\/media?parent=9467"}],"wp:term":[{"taxonomy":"product_brand","embeddable":true,"href":"https:\/\/gracelandjuegos.com.ar\/web\/wp-json\/wp\/v2\/product_brand?post=9467"},{"taxonomy":"product_cat","embeddable":true,"href":"https:\/\/gracelandjuegos.com.ar\/web\/wp-json\/wp\/v2\/product_cat?post=9467"},{"taxonomy":"product_tag","embeddable":true,"href":"https:\/\/gracelandjuegos.com.ar\/web\/wp-json\/wp\/v2\/product_tag?post=9467"}],"curies":[{"name":"wp","href":"https:\/\/api.w.org\/{rel}","templated":true}]}}