{"id":9455,"date":"2021-05-06T18:19:49","date_gmt":"2021-05-06T21:19:49","guid":{"rendered":"https:\/\/gracelandjuegos.com.ar\/web\/?post_type=product&#038;p=9455"},"modified":"2024-08-26T10:26:21","modified_gmt":"2024-08-26T13:26:21","slug":"corona-de-hierro","status":"publish","type":"product","link":"https:\/\/gracelandjuegos.com.ar\/web\/product\/corona-de-hierro\/","title":{"rendered":"Corona de Hierro"},"content":{"rendered":"<div id=\"tw-container\" class=\"YQaNob\" data-cp=\"1\" data-is-ver=\"false\" data-nnttsvi=\"1\" data-sm=\"1\" data-sugg-time=\"500\" data-sugg-url=\"https:\/\/clients1.google.com\/complete\/search\" data-uilc=\"es-419\">\n<div id=\"tw-ob\" class=\"tw-src-ltr\">\n<div class=\"oSioSc\">\n<div id=\"tw-target\">\n<div id=\"kAz1tf\" class=\"g9WsWb\">\n<div id=\"tw-target-text-container\" class=\"tw-ta-container F0azHf tw-nfl\">\n<p id=\"tw-target-text\" class=\"tw-data-text tw-text-large XcVN5d tw-ta\" dir=\"ltr\" data-placeholder=\"Traducci\u00f3n\"><span class=\"Y2IQFc\" lang=\"es\">En Corona de Hierro, cada jugador representa a un noble italiano del siglo IX, que intentar\u00e1 aumentar su poder ante la inminente muerte del rey Carlos III, \u00faltimo de la dinast\u00eda Carolingia.\u00a0<\/span><\/p>\n<p class=\"tw-data-text tw-text-large XcVN5d tw-ta\" dir=\"ltr\" data-placeholder=\"Traducci\u00f3n\"><span class=\"Y2IQFc\" lang=\"es\">Durante su turno, los jugadores pueden realizar diversas acciones: mover sus ej\u00e9rcitos en el mapa, sitiar castillos neutrales u oponentes para ganar poder y capturar prisioneros, reagrupar ej\u00e9rcitos adyacentes, enviar emisarios al Papa y b\u00e1rbaros tambi\u00e9n para aumentar su poder o robar cartas que tienen varios efectos, principalmente mejorando las otras acciones. Adem\u00e1s, <\/span>Cada jugador tiene un objetivo secreto que puede dar una bonificaci\u00f3n: por ejemplo convertir a otro jugador (o tal vez a s\u00ed mismo) en rey.<\/p>\n<p class=\"tw-data-text tw-text-large XcVN5d tw-ta\" dir=\"ltr\" data-placeholder=\"Traducci\u00f3n\"><span class=\"Y2IQFc\" lang=\"es\">Al final del juego, que se activa cuando un jugador obtiene la corona, el noble m\u00e1s poderoso (que no necesariamente tiene que ser el rey) es el ganador.<\/span><\/p>\n<\/div>\n<div class=\"iYB33c\">\n<div id=\"tw-tmenu\" class=\"tw-menu\"><\/div>\n<\/div>\n<\/div>\n<\/div>\n<\/div>\n<\/div>\n<div id=\"tw-images\"><\/div>\n<div class=\"dURPtb\"><\/div>\n<div>\n<div><\/div>\n<\/div>\n<\/div>\n<p class=\"KFFQ0c xKf9F\">\n","protected":false},"excerpt":{"rendered":"<p>G\u00e9nero: Estrategia.<br \/>\nCategor\u00edas: Medieval, Cartas, Dados, Combate, Colecciones, Obejtivos Secretos.<br \/>\nDise\u00f1ado Por: Franco T\u00f3ffoli<br \/>\nEditorial: El Drag\u00f3n Az\u00fal<br \/>\nEdad M\u00ednima Recomendada: 15 A\u00f1os<br \/>\nDificultad: 2,67\/5<br \/>\nN\u00ba de Jugadores: 3 a 5<br \/>\nDuraci\u00f3n Promedio de la Partida: 45 Minutos<br \/>\nIdioma: Espa\u00f1ol<\/p>\n","protected":false},"featured_media":10590,"comment_status":"closed","ping_status":"closed","template":"","meta":[],"product_brand":[],"product_cat":[342,243],"product_tag":[],"class_list":{"0":"post-9455","1":"product","2":"type-product","3":"status-publish","4":"has-post-thumbnail","6":"product_cat-el-dragon-azul","7":"product_cat-juegos-de-mesa","9":"first","10":"outofstock","11":"shipping-taxable","12":"purchasable","13":"product-type-simple"},"_links":{"self":[{"href":"https:\/\/gracelandjuegos.com.ar\/web\/wp-json\/wp\/v2\/product\/9455","targetHints":{"allow":["GET"]}}],"collection":[{"href":"https:\/\/gracelandjuegos.com.ar\/web\/wp-json\/wp\/v2\/product"}],"about":[{"href":"https:\/\/gracelandjuegos.com.ar\/web\/wp-json\/wp\/v2\/types\/product"}],"replies":[{"embeddable":true,"href":"https:\/\/gracelandjuegos.com.ar\/web\/wp-json\/wp\/v2\/comments?post=9455"}],"wp:featuredmedia":[{"embeddable":true,"href":"https:\/\/gracelandjuegos.com.ar\/web\/wp-json\/wp\/v2\/media\/10590"}],"wp:attachment":[{"href":"https:\/\/gracelandjuegos.com.ar\/web\/wp-json\/wp\/v2\/media?parent=9455"}],"wp:term":[{"taxonomy":"product_brand","embeddable":true,"href":"https:\/\/gracelandjuegos.com.ar\/web\/wp-json\/wp\/v2\/product_brand?post=9455"},{"taxonomy":"product_cat","embeddable":true,"href":"https:\/\/gracelandjuegos.com.ar\/web\/wp-json\/wp\/v2\/product_cat?post=9455"},{"taxonomy":"product_tag","embeddable":true,"href":"https:\/\/gracelandjuegos.com.ar\/web\/wp-json\/wp\/v2\/product_tag?post=9455"}],"curies":[{"name":"wp","href":"https:\/\/api.w.org\/{rel}","templated":true}]}}