{"id":9433,"date":"2021-05-06T17:26:42","date_gmt":"2021-05-06T20:26:42","guid":{"rendered":"https:\/\/gracelandjuegos.com.ar\/web\/?post_type=product&#038;p=9433"},"modified":"2024-06-19T08:48:25","modified_gmt":"2024-06-19T11:48:25","slug":"hadara","status":"publish","type":"product","link":"https:\/\/gracelandjuegos.com.ar\/web\/product\/hadara\/","title":{"rendered":"Hadara"},"content":{"rendered":"<p id=\"tw-target-text\" class=\"tw-data-text tw-text-large XcVN5d tw-ta\" dir=\"ltr\" data-placeholder=\"Traducci\u00f3n\">En este juego de drafting apto para toda la familia, los jugadores tienen que evolucionar su civilizaci\u00f3n haciendo avanzar los marcadores de distintos aspectos como la econom\u00eda, fuerza militar, la cultura y la alimentaci\u00f3n.<\/p>\n<p dir=\"ltr\" data-placeholder=\"Traducci\u00f3n\">Para empezar la partida y sumergirte en esta batalla por la gloria y el honor de tu tribu, ten\u00e9s que elegir un animal her\u00e1ldico como estandarte. Las opciones son: <strong>el mono, el drag\u00f3n, el le\u00f3n, el caballo alado o el escarabajo<\/strong>.<\/p>\n<p dir=\"ltr\" data-placeholder=\"Traducci\u00f3n\">La partida se desarrolla a lo largo de tres eras que son las rondas. Cada una de estas est\u00e1 dividida en dos fases.<\/p>\n<p>El\u00a0<strong>Tablero de Civ<\/strong><strong>ilizaci\u00f3n<\/strong>\u00a0de cada jugador reflejar\u00e1 el avance en los cuatro aspectos fundamentales antes mencionados: econom\u00eda, militar, cultura y alimentaci\u00f3n. En la parte inferior de este tablero colocaremos las cartas que consigamos jugar y en la zona izquierda los bustos, elemento importante para avanzar y ganar la partida.<\/p>\n<p>El juego tambi\u00e9n cuenta con un tablero central modular compuesto por cinco segmentos y un dial central en el que se indican los s\u00edmbolos representativos de los contendientes.<\/p>\n<p>Al finalizar la tercera y \u00faltima era el juego termina y se hace recuento de puntuaci\u00f3n. Para poder sumar puntos en tu casillero te ser\u00e1 fundamental contar con muchos territorios conquistados, bustos, sellos y monedas.<\/p>\n<p>Como no pod\u00eda ser de otra manera, el jugador con m\u00e1s puntos de victoria se lleva la partida. En caso de empate el jugador con m\u00e1s monedas ser\u00e1 el vencedor.<\/p>\n<p><strong>Hadara<\/strong>\u00a0es un juego sin excesivas complicaciones que resulta accesible para cualquier persona, experimentada o no en los juegos de mesa. El ritmo conseguido por sus creadores resulta \u00e1gil y ameno y como resultado la partida avanza de manera r\u00e1pida sin tiempo para el aburrimiento.<\/p>\n<p>Otra de las virtudes de Hadara es la posibilidad de ser jugado por dos personas sin que las reglas var\u00eden con respecto a la versi\u00f3n para cinco jugadores. Esto es sin duda una gran ventaja respecto a otros juegos similares y lo hace ideal para disfrutar en pareja.<\/p>\n","protected":false},"excerpt":{"rendered":"<p>G\u00e9nero: Estrategia.<br \/>\nCategor\u00edas: Civilizaciones, Drafting, Colecciones, Selecci\u00f3n de Acciones Simult\u00e1nea.<br \/>\nDise\u00f1ado Por: Benjamin Schwer.<br \/>\nEditorial: Devir<br \/>\nEdad M\u00ednima Recomendada: 10 A\u00f1os<br \/>\nDificultad: 2.18\/5<br \/>\nN\u00ba de Jugadores: 2 a 5<br \/>\nDuraci\u00f3n Promedio de la Partida: 60 Minutos<br \/>\nIdioma: Espa\u00f1ol<\/p>\n","protected":false},"featured_media":10596,"comment_status":"closed","ping_status":"closed","template":"","meta":[],"product_brand":[],"product_cat":[339,243],"product_tag":[],"class_list":{"0":"post-9433","1":"product","2":"type-product","3":"status-publish","4":"has-post-thumbnail","6":"product_cat-devir","7":"product_cat-juegos-de-mesa","9":"first","10":"outofstock","11":"shipping-taxable","12":"purchasable","13":"product-type-simple"},"_links":{"self":[{"href":"https:\/\/gracelandjuegos.com.ar\/web\/wp-json\/wp\/v2\/product\/9433","targetHints":{"allow":["GET"]}}],"collection":[{"href":"https:\/\/gracelandjuegos.com.ar\/web\/wp-json\/wp\/v2\/product"}],"about":[{"href":"https:\/\/gracelandjuegos.com.ar\/web\/wp-json\/wp\/v2\/types\/product"}],"replies":[{"embeddable":true,"href":"https:\/\/gracelandjuegos.com.ar\/web\/wp-json\/wp\/v2\/comments?post=9433"}],"wp:featuredmedia":[{"embeddable":true,"href":"https:\/\/gracelandjuegos.com.ar\/web\/wp-json\/wp\/v2\/media\/10596"}],"wp:attachment":[{"href":"https:\/\/gracelandjuegos.com.ar\/web\/wp-json\/wp\/v2\/media?parent=9433"}],"wp:term":[{"taxonomy":"product_brand","embeddable":true,"href":"https:\/\/gracelandjuegos.com.ar\/web\/wp-json\/wp\/v2\/product_brand?post=9433"},{"taxonomy":"product_cat","embeddable":true,"href":"https:\/\/gracelandjuegos.com.ar\/web\/wp-json\/wp\/v2\/product_cat?post=9433"},{"taxonomy":"product_tag","embeddable":true,"href":"https:\/\/gracelandjuegos.com.ar\/web\/wp-json\/wp\/v2\/product_tag?post=9433"}],"curies":[{"name":"wp","href":"https:\/\/api.w.org\/{rel}","templated":true}]}}