{"id":9427,"date":"2021-05-06T16:46:36","date_gmt":"2021-05-06T19:46:36","guid":{"rendered":"https:\/\/gracelandjuegos.com.ar\/web\/?post_type=product&#038;p=9427"},"modified":"2024-09-18T09:30:45","modified_gmt":"2024-09-18T12:30:45","slug":"los-viajes-del-capitan-foucault","status":"publish","type":"product","link":"https:\/\/gracelandjuegos.com.ar\/web\/product\/los-viajes-del-capitan-foucault\/","title":{"rendered":"Los Viajes del Capit\u00e1n Foucault"},"content":{"rendered":"<p>El Capit\u00e1n Foucault y su tripulaci\u00f3n de fil\u00f3sofos alien\u00edgenas viajan a trav\u00e9s del multiverso con una misi\u00f3n: conocer nuevas formas de vida y aprender de ellas. Vienen de una civilizaci\u00f3n de fil\u00f3sofos en la cual la b\u00fasqueda del conocimiento y la sabidur\u00eda es el hilo conductor de la existencia misma.<\/p>\n<p>Sin embargo, cuando llegan a nuestra Tierra del siglo 21 no quedan impresionados. Consumismo, depredaci\u00f3n ambiental, guerras, innecesaria exposici\u00f3n de la vida privada\u2026 No tenemos retorno. As\u00ed que se suben de nuevo al SR-Panzion1 y viajan en el tiempo a nuestro m\u00e1s primitivo e influenciable pasado con el objetivo de\u2026 arreglarnos. Pol\u00e9mico.<\/p>\n<p>Claro que, como buenos fil\u00f3sofos que son, ni bien pisan nuestro inmaculado y futuro para\u00edso perdido se dan cuenta de un detalle: no est\u00e1n de acuerdo en c\u00f3mo \u201cayudarnos\u201d. As\u00ed que lo resuelven como resuelven todo: con un apasionante debate. Vos vas a encarnar a uno de estos fil\u00f3sofos, y tratar\u00e1s de que tus ideas salgan vencedoras de este juego de intelectos, sin delatar tus intenciones.<\/p>\n<p>Los Viajes del Capit\u00e1n Foucault es un juego de debate, astucia y roleo alien\u00edgena. Ganar puede estar bueno, pero lo mejor es la experiencia. Es el momento de lucir tus delirantes habilidades dial\u00e9cticas y divertirte. Total, no es el fin del mundo\u2026 \u00bfCIERTO?<\/p>\n","protected":false},"excerpt":{"rendered":"<p>G\u00e9nero: Tem\u00e1tico, Party.<br \/>\nCategor\u00edas: Bluffin, Roles, Cartas, Deducci\u00f3n, Humor.<br \/>\nDise\u00f1ado Por: Alejandro Maio Sasso<br \/>\nEditorial: El Drag\u00f3n Az\u00fal<br \/>\nEdad M\u00ednima Recomendada: 16 A\u00f1os<br \/>\nDificultad: 2,00\/5<br \/>\nN\u00ba de Jugadores: 3 a 6<br \/>\nDuraci\u00f3n Promedio de la Partida: 30 Minutos<br \/>\nIdioma: Espa\u00f1ol<\/p>\n","protected":false},"featured_media":10601,"comment_status":"closed","ping_status":"closed","template":"","meta":[],"product_brand":[],"product_cat":[342,243],"product_tag":[],"class_list":{"0":"post-9427","1":"product","2":"type-product","3":"status-publish","4":"has-post-thumbnail","6":"product_cat-el-dragon-azul","7":"product_cat-juegos-de-mesa","9":"first","10":"instock","11":"shipping-taxable","12":"purchasable","13":"product-type-simple"},"_links":{"self":[{"href":"https:\/\/gracelandjuegos.com.ar\/web\/wp-json\/wp\/v2\/product\/9427","targetHints":{"allow":["GET"]}}],"collection":[{"href":"https:\/\/gracelandjuegos.com.ar\/web\/wp-json\/wp\/v2\/product"}],"about":[{"href":"https:\/\/gracelandjuegos.com.ar\/web\/wp-json\/wp\/v2\/types\/product"}],"replies":[{"embeddable":true,"href":"https:\/\/gracelandjuegos.com.ar\/web\/wp-json\/wp\/v2\/comments?post=9427"}],"wp:featuredmedia":[{"embeddable":true,"href":"https:\/\/gracelandjuegos.com.ar\/web\/wp-json\/wp\/v2\/media\/10601"}],"wp:attachment":[{"href":"https:\/\/gracelandjuegos.com.ar\/web\/wp-json\/wp\/v2\/media?parent=9427"}],"wp:term":[{"taxonomy":"product_brand","embeddable":true,"href":"https:\/\/gracelandjuegos.com.ar\/web\/wp-json\/wp\/v2\/product_brand?post=9427"},{"taxonomy":"product_cat","embeddable":true,"href":"https:\/\/gracelandjuegos.com.ar\/web\/wp-json\/wp\/v2\/product_cat?post=9427"},{"taxonomy":"product_tag","embeddable":true,"href":"https:\/\/gracelandjuegos.com.ar\/web\/wp-json\/wp\/v2\/product_tag?post=9427"}],"curies":[{"name":"wp","href":"https:\/\/api.w.org\/{rel}","templated":true}]}}