{"id":9425,"date":"2021-05-06T16:44:32","date_gmt":"2021-05-06T19:44:32","guid":{"rendered":"https:\/\/gracelandjuegos.com.ar\/web\/?post_type=product&#038;p=9425"},"modified":"2023-06-14T17:07:35","modified_gmt":"2023-06-14T20:07:35","slug":"lunes-expansion-recorte-de-personal","status":"publish","type":"product","link":"https:\/\/gracelandjuegos.com.ar\/web\/product\/lunes-expansion-recorte-de-personal\/","title":{"rendered":"Lunes + Expansi\u00f3n Recorte de Personal"},"content":{"rendered":"<p dir=\"ltr\">La rutina, las horas extras no remuneradas y los mensajes de tu jefe los fines de semana est\u00e1n colmando tu paciencia. Es hora de actuar y retomar las riendas de tu vida: ten\u00e9s que escapar del trabajo sin ser atrapado, pero no sin antes comprar el silencio de tus compa\u00f1eros de oficina.<\/p>\n<p dir=\"ltr\">Lunes es un juego de mesa para un s\u00f3lo jugador. En cada ronda vas a avanzar por los pasillos de la oficina, y el jefe te va a estar buscando, movi\u00e9ndose con su inteligencia artificial. Ten\u00e9s que usar las impresoras para obtener los informes y d\u00e1rselos a tus colegas, quienes van a cubrir tu huida y recompensarte con objetos \u00fatiles para lograr tu cometido.<\/p>\n<p dir=\"ltr\">Pod\u00e9s jugar en mapas predeterminados con distintas dificultades, o dejar que el azar sea el arquitecto de tu pr\u00f3xima oficina.<\/p>\n<p dir=\"ltr\">Buena suerte, y&#8230; \u00a1tom\u00e1 todo el caf\u00e9 que puedas!<\/p>\n<p dir=\"ltr\">Con la expansi\u00f3n Recorte de Personal se puede jugar de a 2 jugadores de manera competitiva y adem\u00e1s agrega nuevos componentes.<\/p>\n","protected":false},"excerpt":{"rendered":"<p>G\u00e9nero: Estrategia.<br \/>\nCategor\u00edas: Aventura, Humor, Movimiento en Grilla, Laberinto, Tablero Modular.<br \/>\nDise\u00f1ado Por: <span class=\"ng-scope\">Aibel Nassif,\u00a0<\/span><span class=\"ng-scope\">Juli\u00e1n Tunni<\/span><br \/>\nEditorial: SuperNoob<br \/>\nEdad M\u00ednima Recomendada: 13 A\u00f1os<br \/>\nDificultad: 1.67\/5<br \/>\nN\u00ba de Jugadores: 1 a 2 (Con Expansi\u00f3n)<br \/>\nDuraci\u00f3n Promedio de la Partida: 10 Minutos<br \/>\nIdioma: Espa\u00f1ol<\/p>\n","protected":false},"featured_media":10612,"comment_status":"closed","ping_status":"closed","template":"","meta":[],"product_brand":[],"product_cat":[233,243,350],"product_tag":[],"class_list":{"0":"post-9425","1":"product","2":"type-product","3":"status-publish","4":"has-post-thumbnail","6":"product_cat-combos","7":"product_cat-juegos-de-mesa","8":"product_cat-super-noob","10":"first","11":"outofstock","12":"shipping-taxable","13":"purchasable","14":"product-type-simple"},"_links":{"self":[{"href":"https:\/\/gracelandjuegos.com.ar\/web\/wp-json\/wp\/v2\/product\/9425","targetHints":{"allow":["GET"]}}],"collection":[{"href":"https:\/\/gracelandjuegos.com.ar\/web\/wp-json\/wp\/v2\/product"}],"about":[{"href":"https:\/\/gracelandjuegos.com.ar\/web\/wp-json\/wp\/v2\/types\/product"}],"replies":[{"embeddable":true,"href":"https:\/\/gracelandjuegos.com.ar\/web\/wp-json\/wp\/v2\/comments?post=9425"}],"wp:featuredmedia":[{"embeddable":true,"href":"https:\/\/gracelandjuegos.com.ar\/web\/wp-json\/wp\/v2\/media\/10612"}],"wp:attachment":[{"href":"https:\/\/gracelandjuegos.com.ar\/web\/wp-json\/wp\/v2\/media?parent=9425"}],"wp:term":[{"taxonomy":"product_brand","embeddable":true,"href":"https:\/\/gracelandjuegos.com.ar\/web\/wp-json\/wp\/v2\/product_brand?post=9425"},{"taxonomy":"product_cat","embeddable":true,"href":"https:\/\/gracelandjuegos.com.ar\/web\/wp-json\/wp\/v2\/product_cat?post=9425"},{"taxonomy":"product_tag","embeddable":true,"href":"https:\/\/gracelandjuegos.com.ar\/web\/wp-json\/wp\/v2\/product_tag?post=9425"}],"curies":[{"name":"wp","href":"https:\/\/api.w.org\/{rel}","templated":true}]}}