{"id":9423,"date":"2021-05-06T16:42:16","date_gmt":"2021-05-06T19:42:16","guid":{"rendered":"https:\/\/gracelandjuegos.com.ar\/web\/?post_type=product&#038;p=9423"},"modified":"2024-06-19T08:47:51","modified_gmt":"2024-06-19T11:47:51","slug":"majesty-la-corona-del-reino","status":"publish","type":"product","link":"https:\/\/gracelandjuegos.com.ar\/web\/product\/majesty-la-corona-del-reino\/","title":{"rendered":"Majesty La Corona del Reino"},"content":{"rendered":"<p id=\"tw-target-text\" class=\"tw-data-text tw-text-large XcVN5d tw-ta\" dir=\"ltr\" data-placeholder=\"Traducci\u00f3n\"><span class=\"Y2IQFc\" lang=\"es\">La corona est\u00e1 en juego para quienes puedan construir el reinado m\u00e1s rico y arrebatarle seguidores a sus rivales. Reun\u00ed a tus ciudadanos y aument\u00e1 tu poder en Majesty, un juego de selecci\u00f3n de cartas en el que ten\u00e9s que elegir estrat\u00e9gicamente a quienes quer\u00e9s que trabajen en tus tierras, ambientado durante la Edad Media. <\/span><\/p>\n<p class=\"tw-data-text tw-text-large XcVN5d tw-ta\" dir=\"ltr\" data-placeholder=\"Traducci\u00f3n\"><span class=\"Y2IQFc\" lang=\"es\">En cada partida vas a reclutar personajes para realizar trabajos que generan oro para tu reino. Algunos personajes funcionan mejor con otros, abriendo muchos caminos hacia la victoria. Ya sea que elijas ser un monarca de lengua plateada que gobierna con misericordia o un tirano con pu\u00f1o de hierro que aplasta a sus rivales, el destino de la tierra depende de vos. <\/span><\/p>\n<p class=\"tw-data-text tw-text-large XcVN5d tw-ta\" dir=\"ltr\" data-placeholder=\"Traducci\u00f3n\"><span class=\"Y2IQFc\" lang=\"es\">Desde el humilde Molinero hasta la elegante Noble, todos tus leales s\u00fabditos jugar\u00e1n un papel decisivo en tu nuevo reino. Algunos pueden cultivar la comida necesaria para alimentar a tus muchos s\u00fabditos, mientras que otros lideran ataques a otros reinos y debilitan a tus rivales. Todos ayudan a su manera a generar oro, pero tus decisiones determinar\u00e1n qu\u00e9 tan bien funcionan juntos. <\/span><\/p>\n<p class=\"tw-data-text tw-text-large XcVN5d tw-ta\" dir=\"ltr\" data-placeholder=\"Traducci\u00f3n\"><span class=\"Y2IQFc\" lang=\"es\">Depende de vos encontrar la combinaci\u00f3n que ayude a que tu reino se desarrolle mientras obstaculiz\u00e1s los esfuerzos de tus oponentes. <\/span><span class=\"Y2IQFc\" lang=\"es\">\u00a1Levanten sus estandartes, llenen sus arcas y reclamen el reino!<\/span><\/p>\n","protected":false},"excerpt":{"rendered":"<p>G\u00e9nero: Familiar.<br \/>\nCategor\u00edas: Cartas, Medieval, Colecciones, Puntos de Victoria Como Recurso.<br \/>\nDise\u00f1ado Por: Marc Andr\u00e9<br \/>\nEditorial: Devir<br \/>\nEdad M\u00ednima Recomendada: 7 A\u00f1os<br \/>\nDificultad: 1,72\/5<br \/>\nN\u00ba de Jugadores: 2 a 4<br \/>\nDuraci\u00f3n Promedio de la Partida: 40 Minutos<br \/>\nIdioma: Espa\u00f1ol<\/p>\n","protected":false},"featured_media":10610,"comment_status":"closed","ping_status":"closed","template":"","meta":[],"product_brand":[],"product_cat":[339,243],"product_tag":[],"class_list":{"0":"post-9423","1":"product","2":"type-product","3":"status-publish","4":"has-post-thumbnail","6":"product_cat-devir","7":"product_cat-juegos-de-mesa","9":"first","10":"outofstock","11":"shipping-taxable","12":"purchasable","13":"product-type-simple"},"_links":{"self":[{"href":"https:\/\/gracelandjuegos.com.ar\/web\/wp-json\/wp\/v2\/product\/9423","targetHints":{"allow":["GET"]}}],"collection":[{"href":"https:\/\/gracelandjuegos.com.ar\/web\/wp-json\/wp\/v2\/product"}],"about":[{"href":"https:\/\/gracelandjuegos.com.ar\/web\/wp-json\/wp\/v2\/types\/product"}],"replies":[{"embeddable":true,"href":"https:\/\/gracelandjuegos.com.ar\/web\/wp-json\/wp\/v2\/comments?post=9423"}],"wp:featuredmedia":[{"embeddable":true,"href":"https:\/\/gracelandjuegos.com.ar\/web\/wp-json\/wp\/v2\/media\/10610"}],"wp:attachment":[{"href":"https:\/\/gracelandjuegos.com.ar\/web\/wp-json\/wp\/v2\/media?parent=9423"}],"wp:term":[{"taxonomy":"product_brand","embeddable":true,"href":"https:\/\/gracelandjuegos.com.ar\/web\/wp-json\/wp\/v2\/product_brand?post=9423"},{"taxonomy":"product_cat","embeddable":true,"href":"https:\/\/gracelandjuegos.com.ar\/web\/wp-json\/wp\/v2\/product_cat?post=9423"},{"taxonomy":"product_tag","embeddable":true,"href":"https:\/\/gracelandjuegos.com.ar\/web\/wp-json\/wp\/v2\/product_tag?post=9423"}],"curies":[{"name":"wp","href":"https:\/\/api.w.org\/{rel}","templated":true}]}}