{"id":9422,"date":"2021-05-06T16:40:40","date_gmt":"2021-05-06T19:40:40","guid":{"rendered":"https:\/\/gracelandjuegos.com.ar\/web\/?post_type=product&#038;p=9422"},"modified":"2024-04-20T12:36:41","modified_gmt":"2024-04-20T15:36:41","slug":"marea-alta","status":"publish","type":"product","link":"https:\/\/gracelandjuegos.com.ar\/web\/product\/marea-alta\/","title":{"rendered":"Marea Alta"},"content":{"rendered":"<p>\u00a1El clima est\u00e1 terrible, la marea sube y el viejo faro corre peligro de quedar sumergido!<br \/>\nJuega sabiamente tus cartas y no te quedes sin salvavidas.<\/p>\n<p>Marea Alta es un peque\u00f1o filler de cartas en el que los jugadores tendr\u00e1n que evitar ahogarse en una inundaci\u00f3n. Con una mano de 12 cartas, cuyos valores determinar\u00e1n de cu\u00e1ntas vidas dispone en cada ronda, deber\u00e1 evitar u obtener cartas de inundaci\u00f3n para intentar no ser el que posea la carta de inundaci\u00f3n m\u00e1s alta y, por ello, perder una vida. Los jugadores obtendr\u00e1n puntos en funci\u00f3n de las vidas que les resten al final de la ronda.<\/p>\n<p>Se juegan tantas rondas como jugadores haya en la mesa. Cada ronda tiene como m\u00e1ximo 12 turnos que se juegan simult\u00e1neamente por todos los jugadores, aunque tambi\u00e9n termina si s\u00f3lo quedan dos jugadores con vida.<\/p>\n<p>Al finalizar la \u00faltima, los jugadores suman los puntos obtenidos en cada ronda. El que haya obtenido m\u00e1s puntos de victoria ser\u00e1 el ganador.<\/p>\n","protected":false},"excerpt":{"rendered":"<p>G\u00e9nero: Familiar.<br \/>\nCategor\u00edas: Cartas, Manejo de Mano, Acciones Simult\u00e1neas.<br \/>\nDise\u00f1ado Por: Stefan Dorra<br \/>\nEditorial: Neptuno Games<br \/>\nEdad M\u00ednima Recomendada: 10 A\u00f1os<br \/>\nDificultad: 1,52\/5<br \/>\nN\u00ba de Jugadores: 3 a 5<br \/>\nDuraci\u00f3n Promedio de la Partida: 30 Minutos<br \/>\nIdioma: Espa\u00f1ol<\/p>\n","protected":false},"featured_media":10609,"comment_status":"closed","ping_status":"closed","template":"","meta":[],"product_brand":[],"product_cat":[243,344],"product_tag":[],"class_list":{"0":"post-9422","1":"product","2":"type-product","3":"status-publish","4":"has-post-thumbnail","6":"product_cat-juegos-de-mesa","7":"product_cat-neptuno","9":"first","10":"instock","11":"shipping-taxable","12":"purchasable","13":"product-type-simple"},"_links":{"self":[{"href":"https:\/\/gracelandjuegos.com.ar\/web\/wp-json\/wp\/v2\/product\/9422","targetHints":{"allow":["GET"]}}],"collection":[{"href":"https:\/\/gracelandjuegos.com.ar\/web\/wp-json\/wp\/v2\/product"}],"about":[{"href":"https:\/\/gracelandjuegos.com.ar\/web\/wp-json\/wp\/v2\/types\/product"}],"replies":[{"embeddable":true,"href":"https:\/\/gracelandjuegos.com.ar\/web\/wp-json\/wp\/v2\/comments?post=9422"}],"wp:featuredmedia":[{"embeddable":true,"href":"https:\/\/gracelandjuegos.com.ar\/web\/wp-json\/wp\/v2\/media\/10609"}],"wp:attachment":[{"href":"https:\/\/gracelandjuegos.com.ar\/web\/wp-json\/wp\/v2\/media?parent=9422"}],"wp:term":[{"taxonomy":"product_brand","embeddable":true,"href":"https:\/\/gracelandjuegos.com.ar\/web\/wp-json\/wp\/v2\/product_brand?post=9422"},{"taxonomy":"product_cat","embeddable":true,"href":"https:\/\/gracelandjuegos.com.ar\/web\/wp-json\/wp\/v2\/product_cat?post=9422"},{"taxonomy":"product_tag","embeddable":true,"href":"https:\/\/gracelandjuegos.com.ar\/web\/wp-json\/wp\/v2\/product_tag?post=9422"}],"curies":[{"name":"wp","href":"https:\/\/api.w.org\/{rel}","templated":true}]}}