{"id":9421,"date":"2021-05-06T16:39:48","date_gmt":"2021-05-06T19:39:48","guid":{"rendered":"https:\/\/gracelandjuegos.com.ar\/web\/?post_type=product&#038;p=9421"},"modified":"2024-04-20T12:37:28","modified_gmt":"2024-04-20T15:37:28","slug":"meme-vs-100cia","status":"publish","type":"product","link":"https:\/\/gracelandjuegos.com.ar\/web\/product\/meme-vs-100cia\/","title":{"rendered":"Meme Vs 100cia"},"content":{"rendered":"<p id=\"tw-target-text\" class=\"tw-data-text tw-text-large XcVN5d tw-ta\" dir=\"ltr\" data-placeholder=\"Traducci\u00f3n\"><span class=\"Y2IQFc\" lang=\"es\">Meme vs 100cia es un juego de cartas r\u00e1pido, en el que cada jugador representa a un cient\u00edfico que debe obtener 3 estrellas para ganar. <\/span><\/p>\n<p class=\"tw-data-text tw-text-large XcVN5d tw-ta\" dir=\"ltr\" data-placeholder=\"Traducci\u00f3n\"><span class=\"Y2IQFc\" lang=\"es\">Hay 2 mazos: el mazo de amenazas (memes y videos que se muestran aleatoriamente en la mesa) y mazo de trolls (cartas en mano). <\/span><\/p>\n<p class=\"tw-data-text tw-text-large XcVN5d tw-ta\" dir=\"ltr\" data-placeholder=\"Traducci\u00f3n\"><span class=\"Y2IQFc\" lang=\"es\">En cada turno, usas tus cartas de Troll para derrotar las cartas de Amenaza y conseguir estrellas. Tambi\u00e9n pod\u00e9s ganar cartas de Amenaza para obtener efectos de bonificaci\u00f3n. <\/span><\/p>\n<p class=\"tw-data-text tw-text-large XcVN5d tw-ta\" dir=\"ltr\" data-placeholder=\"Traducci\u00f3n\"><span class=\"Y2IQFc\" lang=\"es\">Cada carta de Troll se puede descartar en cualquier momento, para obtener un poder especial y \u00fanico.<\/span><\/p>\n","protected":false},"excerpt":{"rendered":"<p>G\u00e9nero: Party, Familiar.<br \/>\nCategor\u00edas: Cartas, Humor, Party, Manejo de Mano.<br \/>\nDise\u00f1ado Por: Nicol\u00e1s Fern\u00e1ndez<br \/>\nEditorial: Neptuno Games<br \/>\nEdad M\u00ednima Recomendada: 14 A\u00f1os<br \/>\nDificultad: 1,25\/5<br \/>\nN\u00ba de Jugadores: 2 a 6<br \/>\nDuraci\u00f3n Promedio de la Partida: 30 Minutos<br \/>\nIdioma: Espa\u00f1ol<\/p>\n","protected":false},"featured_media":10615,"comment_status":"closed","ping_status":"closed","template":"","meta":[],"product_brand":[],"product_cat":[243,344],"product_tag":[],"class_list":{"0":"post-9421","1":"product","2":"type-product","3":"status-publish","4":"has-post-thumbnail","6":"product_cat-juegos-de-mesa","7":"product_cat-neptuno","9":"first","10":"instock","11":"shipping-taxable","12":"purchasable","13":"product-type-simple"},"_links":{"self":[{"href":"https:\/\/gracelandjuegos.com.ar\/web\/wp-json\/wp\/v2\/product\/9421","targetHints":{"allow":["GET"]}}],"collection":[{"href":"https:\/\/gracelandjuegos.com.ar\/web\/wp-json\/wp\/v2\/product"}],"about":[{"href":"https:\/\/gracelandjuegos.com.ar\/web\/wp-json\/wp\/v2\/types\/product"}],"replies":[{"embeddable":true,"href":"https:\/\/gracelandjuegos.com.ar\/web\/wp-json\/wp\/v2\/comments?post=9421"}],"wp:featuredmedia":[{"embeddable":true,"href":"https:\/\/gracelandjuegos.com.ar\/web\/wp-json\/wp\/v2\/media\/10615"}],"wp:attachment":[{"href":"https:\/\/gracelandjuegos.com.ar\/web\/wp-json\/wp\/v2\/media?parent=9421"}],"wp:term":[{"taxonomy":"product_brand","embeddable":true,"href":"https:\/\/gracelandjuegos.com.ar\/web\/wp-json\/wp\/v2\/product_brand?post=9421"},{"taxonomy":"product_cat","embeddable":true,"href":"https:\/\/gracelandjuegos.com.ar\/web\/wp-json\/wp\/v2\/product_cat?post=9421"},{"taxonomy":"product_tag","embeddable":true,"href":"https:\/\/gracelandjuegos.com.ar\/web\/wp-json\/wp\/v2\/product_tag?post=9421"}],"curies":[{"name":"wp","href":"https:\/\/api.w.org\/{rel}","templated":true}]}}