{"id":9420,"date":"2021-05-06T16:37:53","date_gmt":"2021-05-06T19:37:53","guid":{"rendered":"https:\/\/gracelandjuegos.com.ar\/web\/?post_type=product&#038;p=9420"},"modified":"2024-09-18T09:30:54","modified_gmt":"2024-09-18T12:30:54","slug":"musa","status":"publish","type":"product","link":"https:\/\/gracelandjuegos.com.ar\/web\/product\/musa\/","title":{"rendered":"Musa"},"content":{"rendered":"<p class=\"font_8\">\u00bfA d\u00f3nde te guiar\u00e1 tu Musa?<\/p>\n<p class=\"font_8\">Llev\u00e1 a tus compa\u00f1eros de equipo hacia la inspiraci\u00f3n usando enigm\u00e1ticas pistas y surrealistas im\u00e1genes en Musa, un hermoso party game con m\u00e1s de 80 cartas completamente ilustradas.<\/p>\n<p class=\"font_8\">\u00a1Desafi\u00e1 tu creatividad e intuici\u00f3n, escuch\u00e1 atentamente y dej\u00e1 que tu Musa te gu\u00ede hacia tu propia Obra Maestra!<\/p>\n<p>\u00bfQu\u00e9 tiene esta versi\u00f3n que no tiene ninguna otra versi\u00f3n en el mundo? \u00a1Tres cartas ilustradas por Ciruelo!<\/p>\n<p class=\"font_8\">En Musa dos o m\u00e1s equipos se enfrentar\u00e1n entre s\u00ed para ver qui\u00e9n tiene mejores Artistas y Musas inspiradoras.<\/p>\n<p class=\"font_8\">Los miembros de uno de los equipos tomar\u00e1n 6 cartas de obra maestra y 2 de inspiraci\u00f3n, seleccionar\u00e1n una de cada una y se las dar\u00e1n en secreto a un jugador del equipo contrario (la Musa). El mismo deber\u00e1 representar lo mejor posible la carta de obra maestra respetando la premisa indicada en la carta de inspiraci\u00f3n. A continuaci\u00f3n, se mezclar\u00e1 la carta de obra maestra con las otras cinco y se las exhibir\u00e1 boca arriba para que su equipo intente encontrar la carta correcta.<\/p>\n<p class=\"font_8\">No s\u00f3lo la Musa tendr\u00e1 que dar pistas ingeniosas, sino que adem\u00e1s los Artistas deber\u00e1n hacer uso de todo su poder de interpretaci\u00f3n para asegurarse la victoria. Ganar\u00e1 el primer equipo que logre encontrar cinco obras maestras.<\/p>\n","protected":false},"excerpt":{"rendered":"<p>G\u00e9nero: Party.<br \/>\nCategor\u00edas: Cartas, Humor, Comunicaci\u00f3n Limitada, Pistas, Votaci\u00f3n, Equipos.<br \/>\nDise\u00f1ado Por: Jordan Sorenson<br \/>\nEditorial: El Drag\u00f3n Az\u00fal<br \/>\nEdad M\u00ednima Recomendada: 10 A\u00f1os<br \/>\nDificultad: 1,11\/5<br \/>\nN\u00ba de Jugadores: 2 a 12<br \/>\nDuraci\u00f3n Promedio de la Partida: 30 Minutos<br \/>\nIdioma: Espa\u00f1ol<\/p>\n","protected":false},"featured_media":10617,"comment_status":"closed","ping_status":"closed","template":"","meta":[],"product_brand":[],"product_cat":[342,243],"product_tag":[],"class_list":{"0":"post-9420","1":"product","2":"type-product","3":"status-publish","4":"has-post-thumbnail","6":"product_cat-el-dragon-azul","7":"product_cat-juegos-de-mesa","9":"first","10":"instock","11":"shipping-taxable","12":"purchasable","13":"product-type-simple"},"_links":{"self":[{"href":"https:\/\/gracelandjuegos.com.ar\/web\/wp-json\/wp\/v2\/product\/9420","targetHints":{"allow":["GET"]}}],"collection":[{"href":"https:\/\/gracelandjuegos.com.ar\/web\/wp-json\/wp\/v2\/product"}],"about":[{"href":"https:\/\/gracelandjuegos.com.ar\/web\/wp-json\/wp\/v2\/types\/product"}],"replies":[{"embeddable":true,"href":"https:\/\/gracelandjuegos.com.ar\/web\/wp-json\/wp\/v2\/comments?post=9420"}],"wp:featuredmedia":[{"embeddable":true,"href":"https:\/\/gracelandjuegos.com.ar\/web\/wp-json\/wp\/v2\/media\/10617"}],"wp:attachment":[{"href":"https:\/\/gracelandjuegos.com.ar\/web\/wp-json\/wp\/v2\/media?parent=9420"}],"wp:term":[{"taxonomy":"product_brand","embeddable":true,"href":"https:\/\/gracelandjuegos.com.ar\/web\/wp-json\/wp\/v2\/product_brand?post=9420"},{"taxonomy":"product_cat","embeddable":true,"href":"https:\/\/gracelandjuegos.com.ar\/web\/wp-json\/wp\/v2\/product_cat?post=9420"},{"taxonomy":"product_tag","embeddable":true,"href":"https:\/\/gracelandjuegos.com.ar\/web\/wp-json\/wp\/v2\/product_tag?post=9420"}],"curies":[{"name":"wp","href":"https:\/\/api.w.org\/{rel}","templated":true}]}}