{"id":9419,"date":"2021-05-06T16:37:13","date_gmt":"2021-05-06T19:37:13","guid":{"rendered":"https:\/\/gracelandjuegos.com.ar\/web\/?post_type=product&#038;p=9419"},"modified":"2024-06-19T08:47:58","modified_gmt":"2024-06-19T11:47:58","slug":"nmbr9","status":"publish","type":"product","link":"https:\/\/gracelandjuegos.com.ar\/web\/product\/nmbr9\/","title":{"rendered":"NMBR9"},"content":{"rendered":"<p id=\"tw-target-text\" class=\"tw-data-text tw-text-large XcVN5d tw-ta\" dir=\"ltr\" data-placeholder=\"Traducci\u00f3n\"><span class=\"Y2IQFc\" lang=\"es\">\u00a1Los n\u00fameros no valen nada en NMBR 9 a menos que est\u00e9n fuera de la planta baja!.<\/span><\/p>\n<p class=\"tw-data-text tw-text-large XcVN5d tw-ta\" dir=\"ltr\" data-placeholder=\"Traducci\u00f3n\"><span class=\"Y2IQFc\" lang=\"es\">Este juego incluye veinte cartas numeradas del 0 al 9 dos veces y ochenta fichas numeradas del 0 al 9. Cada loseta num\u00e9rica se compone de cuadrados en distintas disposiciones. <\/span><\/p>\n<p class=\"tw-data-text tw-text-large XcVN5d tw-ta\" dir=\"ltr\" data-placeholder=\"Traducci\u00f3n\"><span class=\"Y2IQFc\" lang=\"es\">Despu\u00e9s de mezclar las cartas, rob\u00e1 y revel\u00e1 la primera. Cada jugador toma la ficha num\u00e9rica correspondiente y la coloca sobre la mesa. Con cada nueva carta revelada despu\u00e9s, cada uno deber\u00e1 toma su ficha y agregarla a las que ya tiene en juego, construyendo su propia configuraci\u00f3n. <\/span><\/p>\n<p class=\"tw-data-text tw-text-large XcVN5d tw-ta\" dir=\"ltr\" data-placeholder=\"Traducci\u00f3n\"><span class=\"Y2IQFc\" lang=\"es\">La nueva ficha debe tocar a al menos otra, ubicada en el mismo nivel, a lo largo de uno o m\u00e1s lados de los cuadrados que las componen. Tambi\u00e9n se puede colocar encima de otras dos o m\u00e1s fichas, siempre que ninguna parte sobresalga de las que se encuentran debajo. Las pr\u00f3ximas losetas en ese mismo nivel deben cumplir las mismas condiciones (Tocar a otra del mismo nivel, estar sobre dos o m\u00e1s del nivel inferior y no sobresalir de los l\u00edmites de las que se ubican por debajo).\u00a0<\/span><\/p>\n<p class=\"tw-data-text tw-text-large XcVN5d tw-ta\" dir=\"ltr\" data-placeholder=\"Traducci\u00f3n\"><span class=\"Y2IQFc\" lang=\"es\">Una vez que se han extra\u00eddo todas las cartas y se han colocado sus fichas, los jugadores se turnan para calcular su puntuaci\u00f3n. Cada ficha vale su n\u00famero, multiplicado por el nivel en el que se encuentra ubicada, siendo el m\u00e1s bajo el 0, por lo que sus fichas no valen nada. <\/span><\/p>\n<p class=\"tw-data-text tw-text-large XcVN5d tw-ta\" dir=\"ltr\" data-placeholder=\"Traducci\u00f3n\"><span class=\"Y2IQFc\" lang=\"es\">\u00a1Quien obtenga la mayor cantidad de puntos gana!<\/span><\/p>\n","protected":false},"excerpt":{"rendered":"<p>G\u00e9nero: Abstracto, Familiar.<br \/>\nCategor\u00edas: N\u00fameros, Rompecabezas, Colocaci\u00f3n de Losetas, Grilla.<br \/>\nDise\u00f1ado Por: Peter Wichmann<br \/>\nEditorial: Devir<br \/>\nEdad M\u00ednima Recomendada: 8 A\u00f1os<br \/>\nDificultad: 1,22\/5<br \/>\nN\u00ba de Jugadores: 1 a 4<br \/>\nDuraci\u00f3n Promedio de la Partida: 20 Minutos<br \/>\nIdioma: Espa\u00f1ol<\/p>\n","protected":false},"featured_media":10618,"comment_status":"closed","ping_status":"closed","template":"","meta":[],"product_brand":[],"product_cat":[339,243],"product_tag":[],"class_list":{"0":"post-9419","1":"product","2":"type-product","3":"status-publish","4":"has-post-thumbnail","6":"product_cat-devir","7":"product_cat-juegos-de-mesa","9":"first","10":"outofstock","11":"shipping-taxable","12":"purchasable","13":"product-type-simple"},"_links":{"self":[{"href":"https:\/\/gracelandjuegos.com.ar\/web\/wp-json\/wp\/v2\/product\/9419","targetHints":{"allow":["GET"]}}],"collection":[{"href":"https:\/\/gracelandjuegos.com.ar\/web\/wp-json\/wp\/v2\/product"}],"about":[{"href":"https:\/\/gracelandjuegos.com.ar\/web\/wp-json\/wp\/v2\/types\/product"}],"replies":[{"embeddable":true,"href":"https:\/\/gracelandjuegos.com.ar\/web\/wp-json\/wp\/v2\/comments?post=9419"}],"wp:featuredmedia":[{"embeddable":true,"href":"https:\/\/gracelandjuegos.com.ar\/web\/wp-json\/wp\/v2\/media\/10618"}],"wp:attachment":[{"href":"https:\/\/gracelandjuegos.com.ar\/web\/wp-json\/wp\/v2\/media?parent=9419"}],"wp:term":[{"taxonomy":"product_brand","embeddable":true,"href":"https:\/\/gracelandjuegos.com.ar\/web\/wp-json\/wp\/v2\/product_brand?post=9419"},{"taxonomy":"product_cat","embeddable":true,"href":"https:\/\/gracelandjuegos.com.ar\/web\/wp-json\/wp\/v2\/product_cat?post=9419"},{"taxonomy":"product_tag","embeddable":true,"href":"https:\/\/gracelandjuegos.com.ar\/web\/wp-json\/wp\/v2\/product_tag?post=9419"}],"curies":[{"name":"wp","href":"https:\/\/api.w.org\/{rel}","templated":true}]}}