{"id":9415,"date":"2021-05-06T16:32:14","date_gmt":"2021-05-06T19:32:14","guid":{"rendered":"https:\/\/gracelandjuegos.com.ar\/web\/?post_type=product&#038;p=9415"},"modified":"2024-12-05T19:28:05","modified_gmt":"2024-12-05T22:28:05","slug":"picnic","status":"publish","type":"product","link":"https:\/\/gracelandjuegos.com.ar\/web\/product\/picnic\/","title":{"rendered":"Picnic"},"content":{"rendered":"<p id=\"tw-target-text\" class=\"tw-data-text tw-text-large XcVN5d tw-ta\" dir=\"ltr\" data-placeholder=\"Traducci\u00f3n\"><span class=\"Y2IQFc\" lang=\"es\">Picnic es un juego familiar r\u00e1pido en el que los jugadores se descartan sus cartas lo m\u00e1s r\u00e1pido posible, comiendo su comida favorita en un picnic. <\/span><\/p>\n<p dir=\"ltr\" data-placeholder=\"Traducci\u00f3n\">En cada carta, y por ambos lados, nos encontramos con una imagen de los 6 palos diferentes de alimentos con las que cuenta el juego, asociada a un n\u00famero. Aunque el alimento en si puede cambiar dentro de cada palo (hay 6 dibujos diferentes), el mantelito mantiene el mismo color de una carta a otra.<\/p>\n<p dir=\"ltr\" data-placeholder=\"Traducci\u00f3n\">Nuestro objetivo es ser los primeros en acabar la comida, as\u00ed que, a pesar de lo que nos dec\u00eda mam\u00e1 cuando \u00e9ramos chicos, hay que apurarse comiendo y soltando cartas. Para empezar lo \u00fanico que hay que hacer es dejar una carta sobre la mesa y repartir todas las dem\u00e1s entre los jugadores. Ahora, cada uno decidir\u00e1 qu\u00e9 palo (familia) quiere jugar: las bebidas, frutas, cupcakes, tortas, sandwiches o los platos tradicionales.<\/p>\n<p dir=\"ltr\" data-placeholder=\"Traducci\u00f3n\">No hay turnos, en\u00a0<strong>Picnic<\/strong> vamos a jugar todos a la vez. Un jugador revela la carta central y empezamos a soltar nuestras cartas siguiendo una sencilla regla: fij\u00e1ndonos en el palo de esa carta y su n\u00famero, tenemos que poner una carta de nuestra mano con el n\u00famero inmediatamente superior de esa misma familia.<\/p>\n<p>\u00a1El juego termina cuando un jugador se queda sin cartas y es declarado ganador!<\/p>\n","protected":false},"excerpt":{"rendered":"<p>G\u00e9nero: Familiar, Party.<br \/>\nCategor\u00edas: Cartas, Party, Tiempo Real, Reconocimiento de Patrones.<br \/>\nDise\u00f1ado Por: Martin Nedergaard Andersen<br \/>\nEditorial: Devir<br \/>\nEdad M\u00ednima Recomendada: 8 A\u00f1os<br \/>\nDificultad: 1.00\/5<br \/>\nN\u00ba de Jugadores: 2 a 6<br \/>\nDuraci\u00f3n Promedio de la Partida: 15 Minutos<br \/>\nIdioma: Espa\u00f1o<\/p>\n","protected":false},"featured_media":10621,"comment_status":"closed","ping_status":"closed","template":"","meta":[],"product_brand":[],"product_cat":[339,243],"product_tag":[],"class_list":{"0":"post-9415","1":"product","2":"type-product","3":"status-publish","4":"has-post-thumbnail","6":"product_cat-devir","7":"product_cat-juegos-de-mesa","9":"first","10":"instock","11":"shipping-taxable","12":"purchasable","13":"product-type-simple"},"_links":{"self":[{"href":"https:\/\/gracelandjuegos.com.ar\/web\/wp-json\/wp\/v2\/product\/9415","targetHints":{"allow":["GET"]}}],"collection":[{"href":"https:\/\/gracelandjuegos.com.ar\/web\/wp-json\/wp\/v2\/product"}],"about":[{"href":"https:\/\/gracelandjuegos.com.ar\/web\/wp-json\/wp\/v2\/types\/product"}],"replies":[{"embeddable":true,"href":"https:\/\/gracelandjuegos.com.ar\/web\/wp-json\/wp\/v2\/comments?post=9415"}],"wp:featuredmedia":[{"embeddable":true,"href":"https:\/\/gracelandjuegos.com.ar\/web\/wp-json\/wp\/v2\/media\/10621"}],"wp:attachment":[{"href":"https:\/\/gracelandjuegos.com.ar\/web\/wp-json\/wp\/v2\/media?parent=9415"}],"wp:term":[{"taxonomy":"product_brand","embeddable":true,"href":"https:\/\/gracelandjuegos.com.ar\/web\/wp-json\/wp\/v2\/product_brand?post=9415"},{"taxonomy":"product_cat","embeddable":true,"href":"https:\/\/gracelandjuegos.com.ar\/web\/wp-json\/wp\/v2\/product_cat?post=9415"},{"taxonomy":"product_tag","embeddable":true,"href":"https:\/\/gracelandjuegos.com.ar\/web\/wp-json\/wp\/v2\/product_tag?post=9415"}],"curies":[{"name":"wp","href":"https:\/\/api.w.org\/{rel}","templated":true}]}}