{"id":9414,"date":"2021-05-06T16:28:03","date_gmt":"2021-05-06T19:28:03","guid":{"rendered":"https:\/\/gracelandjuegos.com.ar\/web\/?post_type=product&#038;p=9414"},"modified":"2026-02-17T20:41:19","modified_gmt":"2026-02-17T23:41:19","slug":"polilla-tramposa","status":"publish","type":"product","link":"https:\/\/gracelandjuegos.com.ar\/web\/product\/polilla-tramposa\/","title":{"rendered":"Polilla Tramposa"},"content":{"rendered":"<p id=\"tw-target-text\" class=\"tw-data-text tw-text-large XcVN5d tw-ta\" dir=\"ltr\" data-placeholder=\"Traducci\u00f3n\"><span class=\"Y2IQFc\" lang=\"es\">\u00bfEst\u00e1 prohibido hacer trampa? No en este travieso juego de cartas. De hecho, probablemente vas a tener que hacer trampa para ganar. <\/span><\/p>\n<p class=\"tw-data-text tw-text-large XcVN5d tw-ta\" dir=\"ltr\" data-placeholder=\"Traducci\u00f3n\"><span class=\"Y2IQFc\" lang=\"es\">En Polilla tramposa quer\u00e9s deshacerte de todas las cartas de tu mano antes que nadie. Cada jugador empieza cada ronda con una mano de ocho cartas.\u00a0 El mayor entre ellos recibe adem\u00e1s el bicho guardia, que permanece en la mesa durante todo el juego. Tambi\u00e9n se pone una carta boca arriba para comenzar una pila de descarte. Las cartas est\u00e1n numeradas del 1 al 5 y la mayor\u00eda solo tiene n\u00fameros. Pero algunas otras tienen habilidades especiales que entran en juego cuando se agregan a la pila de descarte desde la mano de un jugador. <\/span><\/p>\n<p class=\"tw-data-text tw-text-large XcVN5d tw-ta\" dir=\"ltr\" data-placeholder=\"Traducci\u00f3n\"><span class=\"Y2IQFc\" lang=\"es\">En su turno, un jugador pone una carta de su mano en la pila de descarte. Esa carta tiene que tener exactamente un n\u00famero m\u00e1s alto o m\u00e1s bajo que la que estaba en la parte superior (Los n\u00fameros se envuelven, por lo que se puede jugar un 1 en un 5 y viceversa). Si un jugador no puede jugar una carta, roba una del mazo y su turno termina. <\/span><\/p>\n<p class=\"tw-data-text tw-text-large XcVN5d tw-ta\" dir=\"ltr\" data-placeholder=\"Traducci\u00f3n\"><span class=\"Y2IQFc\" lang=\"es\">Sin embargo, hay otra forma de deshacerse de las cartas: \u00a1haciendo trampa! A lo largo de la ronda, pod\u00e9s hacer que las cartas desaparezcan dej\u00e1ndolas caer al suelo, escondi\u00e9ndolas en la manga y usando los m\u00e9todos que se te ocurran. Eso si, hay algunas condiciones: hay que mantener las manos de cartas sobre la mesa en todo momento, no puede desaparecer m\u00e1s de una carta a la vez y no pueden deshacerse de su \u00faltima carta de esta manera. <\/span><\/p>\n<p class=\"tw-data-text tw-text-large XcVN5d tw-ta\" dir=\"ltr\" data-placeholder=\"Traducci\u00f3n\"><span class=\"Y2IQFc\" lang=\"es\">El jugador con el bicho de guardia, \u00a1y solo \u00e9l!,\u00a0 puede acusar a otros jugadores de hacer trampa y nadie puede hacer nada mientras se resuelve este conflicto. Si la acusaci\u00f3n fue falsa, el Guardia debe robar una carta. De lo contrario, el jugador que trat\u00f3 de hacer trampa recupera la carta que intent\u00f3 perder, recibe una carta de la mano del Guardia como castigo adicional y se convierte en el nuevo Guardia. <\/span><\/p>\n<p class=\"tw-data-text tw-text-large XcVN5d tw-ta\" dir=\"ltr\" data-placeholder=\"Traducci\u00f3n\"><span class=\"Y2IQFc\" lang=\"es\">Hacer trampa es una necesidad ya que las cartas de &#8220;Polilla Tramposa&#8221; no se pueden jugar en la pila de descarte (Salvo que seas el Guardia, que no puede hacer trampa).<\/span><\/p>\n<p class=\"tw-data-text tw-text-large XcVN5d tw-ta\" dir=\"ltr\" data-placeholder=\"Traducci\u00f3n\"><span class=\"Y2IQFc\" lang=\"es\">Las cartas de acci\u00f3n funcionan de la siguiente manera: <\/span><\/p>\n<ul>\n<li class=\"tw-data-text tw-text-large XcVN5d tw-ta\" data-placeholder=\"Traducci\u00f3n\"><span class=\"Y2IQFc\" lang=\"es\">Hormiga: Todos, excepto el jugador activo, deben robar una carta del mazo. <\/span><\/li>\n<li class=\"tw-data-text tw-text-large XcVN5d tw-ta\" data-placeholder=\"Traducci\u00f3n\"><span class=\"Y2IQFc\" lang=\"es\">Cucaracha: Todos tienen que apurarse a jugar una carta con el mismo n\u00famero en ella. Solo el jugador m\u00e1s r\u00e1pido puede deshacerse de su carta de esta manera.<\/span><\/li>\n<li class=\"tw-data-text tw-text-large XcVN5d tw-ta\" data-placeholder=\"Traducci\u00f3n\"><span class=\"Y2IQFc\" lang=\"es\">Mosquito: Todos, excepto el jugador activo, deben golpear la pila de cartas. Quien sea m\u00e1s lento recibe una carta de la mano de todos los dem\u00e1s jugadores. <\/span><\/li>\n<li class=\"tw-data-text tw-text-large XcVN5d tw-ta\" data-placeholder=\"Traducci\u00f3n\"><span class=\"Y2IQFc\" lang=\"es\">Ara\u00f1a: Cuando la juegues, dale una carta de tu mano, que no sea Polilla Tramposa, a otro jugador.<\/span><\/li>\n<\/ul>\n<p><span class=\"Y2IQFc\" lang=\"es\">Cuando un jugador no tiene cartas en la mano, la ronda termina. Todos los dem\u00e1s jugadores obtienen 10 puntos por cada Polilla Tramposa en la mano, 5 puntos por cada tarjeta de acci\u00f3n y 1 punto por cada tarjeta num\u00e9rica. Despu\u00e9s de un n\u00famero de rondas igual al n\u00famero de jugadores, el juego termina y el jugador con la puntuaci\u00f3n m\u00e1s baja gana.<\/span><\/p>\n","protected":false},"excerpt":{"rendered":"<p>G\u00e9nero: Familiar, Party, Infantil.<br \/>\nCategor\u00edas: Cartas, Destreza, Manejo de Mano, Trampas.<br \/>\nDise\u00f1ado Por: <span class=\"ng-scope\">Emely Brand,\u00a0<\/span><span class=\"ng-scope\">Lukas Brand<\/span><br \/>\nEditorial: Devir<br \/>\nEdad M\u00ednima Recomendada: 7 A\u00f1os<br \/>\nDificultad: 1.14\/5<br \/>\nN\u00ba de Jugadores: 2 a 5<br \/>\nDuraci\u00f3n Promedio de la Partida: 15 Minutos<br \/>\nIdioma: Espa\u00f1ol<\/p>\n","protected":false},"featured_media":10622,"comment_status":"closed","ping_status":"closed","template":"","meta":[],"product_brand":[],"product_cat":[339,243],"product_tag":[],"class_list":{"0":"post-9414","1":"product","2":"type-product","3":"status-publish","4":"has-post-thumbnail","6":"product_cat-devir","7":"product_cat-juegos-de-mesa","9":"first","10":"instock","11":"shipping-taxable","12":"purchasable","13":"product-type-simple"},"_links":{"self":[{"href":"https:\/\/gracelandjuegos.com.ar\/web\/wp-json\/wp\/v2\/product\/9414","targetHints":{"allow":["GET"]}}],"collection":[{"href":"https:\/\/gracelandjuegos.com.ar\/web\/wp-json\/wp\/v2\/product"}],"about":[{"href":"https:\/\/gracelandjuegos.com.ar\/web\/wp-json\/wp\/v2\/types\/product"}],"replies":[{"embeddable":true,"href":"https:\/\/gracelandjuegos.com.ar\/web\/wp-json\/wp\/v2\/comments?post=9414"}],"wp:featuredmedia":[{"embeddable":true,"href":"https:\/\/gracelandjuegos.com.ar\/web\/wp-json\/wp\/v2\/media\/10622"}],"wp:attachment":[{"href":"https:\/\/gracelandjuegos.com.ar\/web\/wp-json\/wp\/v2\/media?parent=9414"}],"wp:term":[{"taxonomy":"product_brand","embeddable":true,"href":"https:\/\/gracelandjuegos.com.ar\/web\/wp-json\/wp\/v2\/product_brand?post=9414"},{"taxonomy":"product_cat","embeddable":true,"href":"https:\/\/gracelandjuegos.com.ar\/web\/wp-json\/wp\/v2\/product_cat?post=9414"},{"taxonomy":"product_tag","embeddable":true,"href":"https:\/\/gracelandjuegos.com.ar\/web\/wp-json\/wp\/v2\/product_tag?post=9414"}],"curies":[{"name":"wp","href":"https:\/\/api.w.org\/{rel}","templated":true}]}}