{"id":9411,"date":"2021-05-06T16:24:40","date_gmt":"2021-05-06T19:24:40","guid":{"rendered":"https:\/\/gracelandjuegos.com.ar\/web\/?post_type=product&#038;p=9411"},"modified":"2024-04-20T12:38:49","modified_gmt":"2024-04-20T15:38:49","slug":"raton-valiente","status":"publish","type":"product","link":"https:\/\/gracelandjuegos.com.ar\/web\/product\/raton-valiente\/","title":{"rendered":"Rat\u00f3n Valiente"},"content":{"rendered":"<p id=\"tw-target-text\" class=\"tw-data-text tw-text-large XcVN5d tw-ta\" dir=\"ltr\" data-placeholder=\"Traducci\u00f3n\"><span class=\"Y2IQFc\" lang=\"es\">Dos clanes de ratones se enfrentan por el control del reino. <\/span><\/p>\n<p class=\"tw-data-text tw-text-large XcVN5d tw-ta\" dir=\"ltr\" data-placeholder=\"Traducci\u00f3n\"><span class=\"Y2IQFc\" lang=\"es\">Pero un gran secreto se esconde en estos dos clanes: los pr\u00edncipes de ambos bandos est\u00e1n profundamente enamorados de la princesa del clan rival\u2026<br \/>\n\u00bfCu\u00e1l bando ganar\u00e1 el control del Reino?<\/span><\/p>\n<p>Rat\u00f3n Valiente es un juego de selecci\u00f3n de acci\u00f3n simult\u00e1nea simple y breve para dos que se juega con cartas.<\/p>\n<p class=\"tw-data-text tw-text-large XcVN5d tw-ta\" dir=\"ltr\" data-placeholder=\"Traducci\u00f3n\"><span class=\"Y2IQFc\" lang=\"es\">Ambos jugadores tienen una mano de ocho cartas, numeradas del 0 al 7, y cada carta tiene un poder especial. Ambos jugadores eligen una carta y luego la revelan simult\u00e1neamente. <\/span><\/p>\n<p class=\"tw-data-text tw-text-large XcVN5d tw-ta\" dir=\"ltr\" data-placeholder=\"Traducci\u00f3n\"><span class=\"Y2IQFc\" lang=\"es\">La carta m\u00e1s alta gana la ronda y los jugadores juegan hasta que alguien haya ganado cuatro rondas. \u00a1Pero cuidado! Los poderes especiales de las cartas influyen mucho en el juego y pueden cambiar el resultado de la partida.<\/span><\/p>\n","protected":false},"excerpt":{"rendered":"<p>G\u00e9nero: Familiar.<br \/>\nCategor\u00edas: Cartas, Fantas\u00eda, Animales, Acciones Simult\u00e1neas.<br \/>\nDise\u00f1ado Por: Seiji Kanai<br \/>\nEditorial: Neptuno Games<br \/>\nEdad M\u00ednima Recomendada: 7 A\u00f1os<br \/>\nDificultad: 1,14\/5<br \/>\nN\u00ba de Jugadores: 2<br \/>\nDuraci\u00f3n Promedio de la Partida: 5 Minutos<br \/>\nIdioma: Espa\u00f1ol<\/p>\n","protected":false},"featured_media":10623,"comment_status":"closed","ping_status":"closed","template":"","meta":[],"product_brand":[],"product_cat":[243,344],"product_tag":[],"class_list":{"0":"post-9411","1":"product","2":"type-product","3":"status-publish","4":"has-post-thumbnail","6":"product_cat-juegos-de-mesa","7":"product_cat-neptuno","9":"first","10":"instock","11":"shipping-taxable","12":"purchasable","13":"product-type-simple"},"_links":{"self":[{"href":"https:\/\/gracelandjuegos.com.ar\/web\/wp-json\/wp\/v2\/product\/9411","targetHints":{"allow":["GET"]}}],"collection":[{"href":"https:\/\/gracelandjuegos.com.ar\/web\/wp-json\/wp\/v2\/product"}],"about":[{"href":"https:\/\/gracelandjuegos.com.ar\/web\/wp-json\/wp\/v2\/types\/product"}],"replies":[{"embeddable":true,"href":"https:\/\/gracelandjuegos.com.ar\/web\/wp-json\/wp\/v2\/comments?post=9411"}],"wp:featuredmedia":[{"embeddable":true,"href":"https:\/\/gracelandjuegos.com.ar\/web\/wp-json\/wp\/v2\/media\/10623"}],"wp:attachment":[{"href":"https:\/\/gracelandjuegos.com.ar\/web\/wp-json\/wp\/v2\/media?parent=9411"}],"wp:term":[{"taxonomy":"product_brand","embeddable":true,"href":"https:\/\/gracelandjuegos.com.ar\/web\/wp-json\/wp\/v2\/product_brand?post=9411"},{"taxonomy":"product_cat","embeddable":true,"href":"https:\/\/gracelandjuegos.com.ar\/web\/wp-json\/wp\/v2\/product_cat?post=9411"},{"taxonomy":"product_tag","embeddable":true,"href":"https:\/\/gracelandjuegos.com.ar\/web\/wp-json\/wp\/v2\/product_tag?post=9411"}],"curies":[{"name":"wp","href":"https:\/\/api.w.org\/{rel}","templated":true}]}}