{"id":9407,"date":"2021-05-06T16:21:26","date_gmt":"2021-05-06T19:21:26","guid":{"rendered":"https:\/\/gracelandjuegos.com.ar\/web\/?post_type=product&#038;p=9407"},"modified":"2026-02-17T20:41:35","modified_gmt":"2026-02-17T23:41:35","slug":"trapwords","status":"publish","type":"product","link":"https:\/\/gracelandjuegos.com.ar\/web\/product\/trapwords\/","title":{"rendered":"Trapwords"},"content":{"rendered":"<p id=\"tw-target-text\" class=\"tw-data-text tw-text-large XcVN5d tw-ta\" dir=\"ltr\" data-placeholder=\"Traducci\u00f3n\"><span class=\"Y2IQFc\" lang=\"es\">Trapwords es un juego para 2 equipos, con n\u00famero equivalente de jugadores, con partidas de unos 30 minutos. Usa la mec\u00e1nica del cl\u00e1sico juego de palabras Taboo, pero con una vuelta de tuerca interesante: el equipo contrario es el que elige las palabras que no vas a poder usar. Si no ten\u00e9s idea de qu\u00e9 palabras son &#8220;trampas&#8221; en la mazmorra que est\u00e1s explorando, es como bailar en un campo minado cuando intent\u00e1s describir la palabra asignada al resto del equipo. <\/span><\/p>\n<p class=\"tw-data-text tw-text-large XcVN5d tw-ta\" dir=\"ltr\" data-placeholder=\"Traducci\u00f3n\"><span class=\"Y2IQFc\" lang=\"es\">Los jugadores encarnan a un grupo de aventureros que avanzan en una mazmorra de fantas\u00eda llena de trampas y maldiciones, con un jefe esperando al final. Ten\u00e9s que adivinar con \u00e9xito una palabra que uno de tus compa\u00f1eros de equipo est\u00e1 tratando de describirte. Suena f\u00e1cil, pero se vuelve diab\u00f3licamente dif\u00edcil al no saber qu\u00e9 palabras no pod\u00e9s decir. Ambos equipos est\u00e1n preparando simult\u00e1neamente trampas secretas el uno para el otro: las palabras que no pod\u00e9s usar. Y mientras m\u00e1s tesoros consigas, m\u00e1s trampas te esperan.<\/span><\/p>\n<p dir=\"ltr\" data-placeholder=\"Traducci\u00f3n\">\u00a1El equipo que logre vencer al jefe final ser\u00e1 el vencedor en Trapwords!<\/p>\n","protected":false},"excerpt":{"rendered":"<p>G\u00e9nero: Party, Familiar.<br \/>\nCategor\u00edas: Exploraci\u00f3n, Fantas\u00eda, Party, Equipos, Comunicaci\u00f3n Limitada.<br \/>\nDise\u00f1ado Por: <span class=\"ng-scope\">Jan B\u0159ezina,\u00a0<\/span><span class=\"ng-scope\">Martin Hrab\u00e1lek,\u00a0<\/span><span class=\"ng-scope\">Michal Po\u017e\u00e1rek<\/span><br \/>\nEditorial: Devir<br \/>\nEdad M\u00ednima Recomendada: 8 A\u00f1os<br \/>\nDificultad: 1,44\/5<br \/>\nN\u00ba de Jugadores: 4 a 8<br \/>\nDuraci\u00f3n Promedio de la Partida: 30 Minutos<br \/>\nIdioma: Espa\u00f1ol<\/p>\n","protected":false},"featured_media":10606,"comment_status":"closed","ping_status":"closed","template":"","meta":[],"product_brand":[],"product_cat":[339,243],"product_tag":[],"class_list":{"0":"post-9407","1":"product","2":"type-product","3":"status-publish","4":"has-post-thumbnail","6":"product_cat-devir","7":"product_cat-juegos-de-mesa","9":"first","10":"instock","11":"shipping-taxable","12":"purchasable","13":"product-type-simple"},"_links":{"self":[{"href":"https:\/\/gracelandjuegos.com.ar\/web\/wp-json\/wp\/v2\/product\/9407","targetHints":{"allow":["GET"]}}],"collection":[{"href":"https:\/\/gracelandjuegos.com.ar\/web\/wp-json\/wp\/v2\/product"}],"about":[{"href":"https:\/\/gracelandjuegos.com.ar\/web\/wp-json\/wp\/v2\/types\/product"}],"replies":[{"embeddable":true,"href":"https:\/\/gracelandjuegos.com.ar\/web\/wp-json\/wp\/v2\/comments?post=9407"}],"wp:featuredmedia":[{"embeddable":true,"href":"https:\/\/gracelandjuegos.com.ar\/web\/wp-json\/wp\/v2\/media\/10606"}],"wp:attachment":[{"href":"https:\/\/gracelandjuegos.com.ar\/web\/wp-json\/wp\/v2\/media?parent=9407"}],"wp:term":[{"taxonomy":"product_brand","embeddable":true,"href":"https:\/\/gracelandjuegos.com.ar\/web\/wp-json\/wp\/v2\/product_brand?post=9407"},{"taxonomy":"product_cat","embeddable":true,"href":"https:\/\/gracelandjuegos.com.ar\/web\/wp-json\/wp\/v2\/product_cat?post=9407"},{"taxonomy":"product_tag","embeddable":true,"href":"https:\/\/gracelandjuegos.com.ar\/web\/wp-json\/wp\/v2\/product_tag?post=9407"}],"curies":[{"name":"wp","href":"https:\/\/api.w.org\/{rel}","templated":true}]}}