{"id":9404,"date":"2021-05-06T16:17:06","date_gmt":"2021-05-06T19:17:06","guid":{"rendered":"https:\/\/gracelandjuegos.com.ar\/web\/?post_type=product&#038;p=9404"},"modified":"2024-09-18T09:31:13","modified_gmt":"2024-09-18T12:31:13","slug":"virus","status":"publish","type":"product","link":"https:\/\/gracelandjuegos.com.ar\/web\/product\/virus\/","title":{"rendered":"Virus!"},"content":{"rendered":"<p>En el hospital saltan las alarmas cuando los pasantes del laboratorio se dan cuenta demasiado tarde de que los contenedores de muestras no estaban vac\u00edos como pensaban. En su interior contienen brotes de Virus! experimentales que ahora recorren todo el centro y s\u00f3lo vos pod\u00e9s detenerlos.<\/p>\n<p>Tu misi\u00f3n consiste en enfrentarte a la pandemia y competir por ser el primero en erradicar los virus logrando aislar un cuerpo sano para evitar la propagaci\u00f3n de las terribles enfermedades.<\/p>\n<p>\u00c9ticos o no, todos los medios a tu alcance valen para ganar. El vencedor ser\u00e1 colmado de reconocimientos y los perdedores arrojados a las enfurecidas autoridades sanitarias.<\/p>\n<p>Us\u00e1 tu astucia para alzarte con la victoria boicoteando los esfuerzos de tus rivales.<\/p>\n<p>Como Bertrand Russell dijo una vez: \u201cLo \u00fanico que redimir\u00e1 a la humanidad, es la cooperaci\u00f3n\u201d. Obviamente, el hombre no conoc\u00eda este juego.<\/p>\n","protected":false},"excerpt":{"rendered":"<p>G\u00e9nero: Familiar, Party.<br \/>\nCategor\u00edas: Cartas, Colecciones, Manejo de Mano.<br \/>\nDise\u00f1ado Por: <span class=\"ng-scope\">Domingo Cabrero,\u00a0<\/span><span class=\"ng-scope\">Carlos L\u00f3pez,\u00a0<\/span><span class=\"ng-scope\">Santi Santisteban<\/span><br \/>\nEditorial: El Drag\u00f3n Az\u00fal<br \/>\nEdad M\u00ednima Recomendada: 8 A\u00f1os<br \/>\nDificultad: 1,02\/5<br \/>\nN\u00ba de Jugadores: 2 a 6<br \/>\nDuraci\u00f3n Promedio de la Partida: 20 Minutos<br \/>\nIdioma: Espa\u00f1ol<\/p>\n","protected":false},"featured_media":10603,"comment_status":"closed","ping_status":"closed","template":"","meta":[],"product_brand":[],"product_cat":[342,243],"product_tag":[],"class_list":{"0":"post-9404","1":"product","2":"type-product","3":"status-publish","4":"has-post-thumbnail","6":"product_cat-el-dragon-azul","7":"product_cat-juegos-de-mesa","9":"first","10":"instock","11":"shipping-taxable","12":"purchasable","13":"product-type-simple"},"_links":{"self":[{"href":"https:\/\/gracelandjuegos.com.ar\/web\/wp-json\/wp\/v2\/product\/9404","targetHints":{"allow":["GET"]}}],"collection":[{"href":"https:\/\/gracelandjuegos.com.ar\/web\/wp-json\/wp\/v2\/product"}],"about":[{"href":"https:\/\/gracelandjuegos.com.ar\/web\/wp-json\/wp\/v2\/types\/product"}],"replies":[{"embeddable":true,"href":"https:\/\/gracelandjuegos.com.ar\/web\/wp-json\/wp\/v2\/comments?post=9404"}],"wp:featuredmedia":[{"embeddable":true,"href":"https:\/\/gracelandjuegos.com.ar\/web\/wp-json\/wp\/v2\/media\/10603"}],"wp:attachment":[{"href":"https:\/\/gracelandjuegos.com.ar\/web\/wp-json\/wp\/v2\/media?parent=9404"}],"wp:term":[{"taxonomy":"product_brand","embeddable":true,"href":"https:\/\/gracelandjuegos.com.ar\/web\/wp-json\/wp\/v2\/product_brand?post=9404"},{"taxonomy":"product_cat","embeddable":true,"href":"https:\/\/gracelandjuegos.com.ar\/web\/wp-json\/wp\/v2\/product_cat?post=9404"},{"taxonomy":"product_tag","embeddable":true,"href":"https:\/\/gracelandjuegos.com.ar\/web\/wp-json\/wp\/v2\/product_tag?post=9404"}],"curies":[{"name":"wp","href":"https:\/\/api.w.org\/{rel}","templated":true}]}}