{"id":9328,"date":"2021-03-29T08:58:48","date_gmt":"2021-03-29T11:58:48","guid":{"rendered":"https:\/\/gracelandjuegos.com.ar\/web\/?post_type=product&#038;p=9328"},"modified":"2025-05-07T21:16:02","modified_gmt":"2025-05-08T00:16:02","slug":"saboteur","status":"publish","type":"product","link":"https:\/\/gracelandjuegos.com.ar\/web\/product\/saboteur\/","title":{"rendered":"Saboteur"},"content":{"rendered":"<p id=\"tw-target-text\" class=\"tw-data-text tw-text-large XcVN5d tw-ta\" dir=\"ltr\" data-placeholder=\"Traducci\u00f3n\"><span class=\"Y2IQFc\" lang=\"es\">Los jugadores asumen el papel de enanos mineros en busca de oro. De repente, un pico se balancea hacia abajo y hace a\u00f1icos la l\u00e1mpara de la mina. El saboteador ha atacado. Pero, \u00bfcu\u00e1les de los jugadores son saboteadores? \u00bfEncontrar\u00e1s el oro o las acciones diab\u00f3licas de los saboteadores los conducir\u00e1n primero a \u00e9l? Despu\u00e9s de tres rondas, el jugador con m\u00e1s oro es el ganador. <\/span><\/p>\n<p class=\"tw-data-text tw-text-large XcVN5d tw-ta\" dir=\"ltr\" data-placeholder=\"Traducci\u00f3n\"><span class=\"Y2IQFc\" lang=\"es\">Con la ayuda de Cartas de Enano, a los jugadores se les asigna su papel: minero o saboteador. Los roles se mantienen en secreto y s\u00f3lo se revelan al final de cada ronda. <\/span><\/p>\n<p class=\"tw-data-text tw-text-large XcVN5d tw-ta\" dir=\"ltr\" data-placeholder=\"Traducci\u00f3n\"><span class=\"Y2IQFc\" lang=\"es\">La tarjeta de inicio y las tres tarjetas de meta se colocan sobre la mesa, cada una a siete tarjetas o casilleros de distancia del inicio y con una tarjeta entre cada una de ellas. Las cartas de meta se colocan boca abajo: El oro est\u00e1 en una de ellas, pero nadie sabe en cu\u00e1l. <\/span><\/p>\n<p class=\"tw-data-text tw-text-large XcVN5d tw-ta\" dir=\"ltr\" data-placeholder=\"Traducci\u00f3n\"><span class=\"Y2IQFc\" lang=\"es\">Los jugadores tienen cartas en la mano. En su turno, cada jugador debe hacer una de estas tres acciones: colocar una Carta de Ruta en la mina, jugar una Carta de Acci\u00f3n frente a un jugador o pasar. <\/span><\/p>\n<p class=\"tw-data-text tw-text-large XcVN5d tw-ta\" dir=\"ltr\" data-placeholder=\"Traducci\u00f3n\"><span class=\"Y2IQFc\" lang=\"es\">Las cartas de ruta forman caminos que conducen a las cartas de meta. Las cartas de ruta deben jugarse junto a una carta de ruta ya jugada. Todos los caminos de la carta colocada deben coincidir con los de las cartas ya jugadas, y las cartas de camino no se pueden colocar de forma lateral. <\/span><\/p>\n<p class=\"tw-data-text tw-text-large XcVN5d tw-ta\" dir=\"ltr\" data-placeholder=\"Traducci\u00f3n\"><span class=\"Y2IQFc\" lang=\"es\">Los mineros est\u00e1n tratando de construir un camino ininterrumpido desde la tarjeta de inicio hasta una tarjeta de meta, mientras que los saboteadores intentan evitarlo. Sin embargo, no deber\u00edan intentar ser demasiado obvios para no ser descubiertos de inmediato. <\/span><\/p>\n<p class=\"tw-data-text tw-text-large XcVN5d tw-ta\" dir=\"ltr\" data-placeholder=\"Traducci\u00f3n\"><span class=\"Y2IQFc\" lang=\"es\">Las cartas de acci\u00f3n se pueden colocar frente a cualquier jugador, incluido uno mismo. Las cartas de acci\u00f3n permiten a los jugadores ayudarse u obstaculizarse entre s\u00ed, as\u00ed como obtener informaci\u00f3n sobre las cartas de meta. <\/span><\/p>\n<p class=\"tw-data-text tw-text-large XcVN5d tw-ta\" dir=\"ltr\" data-placeholder=\"Traducci\u00f3n\"><span class=\"Y2IQFc\" lang=\"es\">Una vez que un jugador coloca una Carta de Ruta que alcanza el oro, la ronda termina. Los mineros han ganado y reciben cartas con piezas de oro como recompensa. <\/span><\/p>\n<p class=\"tw-data-text tw-text-large XcVN5d tw-ta\" dir=\"ltr\" data-placeholder=\"Traducci\u00f3n\"><span class=\"Y2IQFc\" lang=\"es\">La ronda tambi\u00e9n termina si no se puede alcanzar el oro. En ese caso, los saboteadores han ganado y reciben las piezas de oro. <\/span><\/p>\n<p class=\"tw-data-text tw-text-large XcVN5d tw-ta\" dir=\"ltr\" data-placeholder=\"Traducci\u00f3n\"><span class=\"Y2IQFc\" lang=\"es\">Una vez distribuidas las Cartas Doradas, comienza la siguiente ronda. El juego termina al final de la tercera ronda, y el jugador con m\u00e1s piezas de oro es el ganador.<\/span><\/p>\n","protected":false},"excerpt":{"rendered":"<p>G\u00e9nero: Familiar, Party.<br \/>\nCategor\u00edas: Cartas, Bluffing, Roles Ocultos, Construcci\u00f3n de Mapa.<br \/>\nDise\u00f1ado Por: Fr\u00e9deric Moyersoen<br \/>\nEditorial: Bureau de Juegos<br \/>\nEdad M\u00ednima Recomendada: 8 A\u00f1os<br \/>\nDificultad: 1.33\/5<br \/>\nN\u00ba de Jugadores: 3 a 10<br \/>\nDuraci\u00f3n Promedio de la Partida: 30 Minutos<br \/>\nIdioma: Espa\u00f1ol<\/p>\n","protected":false},"featured_media":10660,"comment_status":"closed","ping_status":"closed","template":"","meta":[],"product_brand":[],"product_cat":[337,243],"product_tag":[],"class_list":{"0":"post-9328","1":"product","2":"type-product","3":"status-publish","4":"has-post-thumbnail","6":"product_cat-bureau-de-juegos","7":"product_cat-juegos-de-mesa","9":"first","10":"outofstock","11":"shipping-taxable","12":"purchasable","13":"product-type-simple"},"_links":{"self":[{"href":"https:\/\/gracelandjuegos.com.ar\/web\/wp-json\/wp\/v2\/product\/9328","targetHints":{"allow":["GET"]}}],"collection":[{"href":"https:\/\/gracelandjuegos.com.ar\/web\/wp-json\/wp\/v2\/product"}],"about":[{"href":"https:\/\/gracelandjuegos.com.ar\/web\/wp-json\/wp\/v2\/types\/product"}],"replies":[{"embeddable":true,"href":"https:\/\/gracelandjuegos.com.ar\/web\/wp-json\/wp\/v2\/comments?post=9328"}],"wp:featuredmedia":[{"embeddable":true,"href":"https:\/\/gracelandjuegos.com.ar\/web\/wp-json\/wp\/v2\/media\/10660"}],"wp:attachment":[{"href":"https:\/\/gracelandjuegos.com.ar\/web\/wp-json\/wp\/v2\/media?parent=9328"}],"wp:term":[{"taxonomy":"product_brand","embeddable":true,"href":"https:\/\/gracelandjuegos.com.ar\/web\/wp-json\/wp\/v2\/product_brand?post=9328"},{"taxonomy":"product_cat","embeddable":true,"href":"https:\/\/gracelandjuegos.com.ar\/web\/wp-json\/wp\/v2\/product_cat?post=9328"},{"taxonomy":"product_tag","embeddable":true,"href":"https:\/\/gracelandjuegos.com.ar\/web\/wp-json\/wp\/v2\/product_tag?post=9328"}],"curies":[{"name":"wp","href":"https:\/\/api.w.org\/{rel}","templated":true}]}}