{"id":9316,"date":"2021-03-29T08:33:23","date_gmt":"2021-03-29T11:33:23","guid":{"rendered":"https:\/\/gracelandjuegos.com.ar\/web\/?post_type=product&#038;p=9316"},"modified":"2025-02-05T13:33:33","modified_gmt":"2025-02-05T16:33:33","slug":"munchkin-2-hacha-sobrenatural","status":"publish","type":"product","link":"https:\/\/gracelandjuegos.com.ar\/web\/product\/munchkin-2-hacha-sobrenatural\/","title":{"rendered":"Munchkin 2 Hacha Sobrenatural (Expansi\u00f3n)"},"content":{"rendered":"<p dir=\"ltr\">\u00a1Sum\u00e1 115 cartas al juego de matar Monstruos y robarles sus cosas! Entre ellas:<\/p>\n<p dir=\"ltr\">\u2022 Nueva raza: \u00a1Orcos!, que pueden ignorar Maldiciones y subirte un nivel extra<br \/>\n\u2022 Enemigos como la Ardilla Psic\u00f3tica, el Demonio Tentacular y El Germen del Mal<br \/>\n\u2022 Armaduras bizarras como la Huevera Pinchuda y el Cr\u00e1neo Protegecr\u00e1neos<br \/>\n\u2022 Armas poderosas como la Gomera de Babosas y la abominable Pincita del Terror<br \/>\n\u2022 4 cartas en blanco para que des rienda suelta a toda tu maldad<\/p>\n<p dir=\"ltr\">\u00a0\u00a1Demostr\u00e1 qui\u00e9n es el munchkin m\u00e1s traicionero de todos!<\/p>\n<p>Este juego es una expansi\u00f3n del Munchkin<\/p>\n","protected":false},"excerpt":{"rendered":"<p>G\u00e9nero: Party, Tem\u00e1tico.<br \/>\nCategor\u00edas: Cartas, Eliminac\u00f3n de Jugadores, Fantas\u00eda, Humor, Expansi\u00f3n.<br \/>\nDise\u00f1ado Por: Steve Jackson.<br \/>\nEditorial: Bureau de Juegos<br \/>\nEdad M\u00ednima Recomendada: 15 A\u00f1os<br \/>\nDificultad: 1.80\/5<br \/>\nN\u00ba de Jugadores: 3 a 6<br \/>\nDuraci\u00f3n Promedio de la Partida: 80 Minutos<br \/>\nIdioma: Espa\u00f1ol<\/p>\n","protected":false},"featured_media":10658,"comment_status":"closed","ping_status":"closed","template":"","meta":[],"product_brand":[],"product_cat":[337,243],"product_tag":[],"class_list":{"0":"post-9316","1":"product","2":"type-product","3":"status-publish","4":"has-post-thumbnail","6":"product_cat-bureau-de-juegos","7":"product_cat-juegos-de-mesa","9":"first","10":"outofstock","11":"shipping-taxable","12":"purchasable","13":"product-type-simple"},"_links":{"self":[{"href":"https:\/\/gracelandjuegos.com.ar\/web\/wp-json\/wp\/v2\/product\/9316","targetHints":{"allow":["GET"]}}],"collection":[{"href":"https:\/\/gracelandjuegos.com.ar\/web\/wp-json\/wp\/v2\/product"}],"about":[{"href":"https:\/\/gracelandjuegos.com.ar\/web\/wp-json\/wp\/v2\/types\/product"}],"replies":[{"embeddable":true,"href":"https:\/\/gracelandjuegos.com.ar\/web\/wp-json\/wp\/v2\/comments?post=9316"}],"wp:featuredmedia":[{"embeddable":true,"href":"https:\/\/gracelandjuegos.com.ar\/web\/wp-json\/wp\/v2\/media\/10658"}],"wp:attachment":[{"href":"https:\/\/gracelandjuegos.com.ar\/web\/wp-json\/wp\/v2\/media?parent=9316"}],"wp:term":[{"taxonomy":"product_brand","embeddable":true,"href":"https:\/\/gracelandjuegos.com.ar\/web\/wp-json\/wp\/v2\/product_brand?post=9316"},{"taxonomy":"product_cat","embeddable":true,"href":"https:\/\/gracelandjuegos.com.ar\/web\/wp-json\/wp\/v2\/product_cat?post=9316"},{"taxonomy":"product_tag","embeddable":true,"href":"https:\/\/gracelandjuegos.com.ar\/web\/wp-json\/wp\/v2\/product_tag?post=9316"}],"curies":[{"name":"wp","href":"https:\/\/api.w.org\/{rel}","templated":true}]}}