{"id":9315,"date":"2021-03-29T08:32:22","date_gmt":"2021-03-29T11:32:22","guid":{"rendered":"https:\/\/gracelandjuegos.com.ar\/web\/?post_type=product&#038;p=9315"},"modified":"2026-01-28T09:08:33","modified_gmt":"2026-01-28T12:08:33","slug":"munchkin-5-el-dia-del-arquero","status":"publish","type":"product","link":"https:\/\/gracelandjuegos.com.ar\/web\/product\/munchkin-5-el-dia-del-arquero\/","title":{"rendered":"Munchkin 5 El D\u00eda del Arquero (Expansi\u00f3n)"},"content":{"rendered":"<p style=\"font-weight: 400\">\u00a1112 nuevas cartas! Entre ellas:<\/p>\n<ul>\n<li style=\"font-weight: 400\">Nueva clase: \u00a1Exploradores! Pueden domar Monstruos y convertirlos en Monturas<\/li>\n<li style=\"font-weight: 400\">\u00a1Monturas! Que son una novedad si te distrajiste y todav\u00eda no compraste la expansi\u00f3n anterior<\/li>\n<li style=\"font-weight: 400\">Tesoros re trending topic como el Chip\u00e1 Filosofal y el Agua Bendita Gasificada<\/li>\n<li style=\"font-weight: 400\">\u00cdtems como el Cable Macho, el Corpi\u00f1o Pinchudo y la Espada de Tres Manos (todav\u00eda no habilitada por los organismos de control)<\/li>\n<li style=\"font-weight: 400\">Enemigos sin c\u00f3digos como el Ensalaad, los Piturbios y el Telem\u00e1rketer (\u00a1horror!)<\/li>\n<li style=\"font-weight: 400\">Maldiciones despiadadas como la L\u00e1mpara Tr\u00e1gica y la Lluvia de Comadrejas<\/li>\n<\/ul>\n<p style=\"font-weight: 400\">\u00a1Demostr\u00e1 qui\u00e9n es el munchkin con m\u00e1s expansiones de todos!<\/p>\n<p style=\"font-weight: 400\">Munchkin 5 es una expansi\u00f3n. Necesit\u00e1s el Munchkin base para jugarla.<\/p>\n","protected":false},"excerpt":{"rendered":"<p>G\u00e9nero: Party, Tem\u00e1tico.<br \/>\nCategor\u00edas: Cartas, Eliminac\u00f3n de Jugadores, Fantas\u00eda, Humor, Expansi\u00f3n.<br \/>\nDise\u00f1ado Por: Steve Jackson.<br \/>\nEditorial: Bureau de Juegos<br \/>\nEdad M\u00ednima Recomendada: 15 A\u00f1os<br \/>\nDificultad: 1.80\/5<br \/>\nN\u00ba de Jugadores: 3 a 6<br \/>\nDuraci\u00f3n Promedio de la Partida: 80 Minutos<br \/>\nIdioma: Espa\u00f1ol<\/p>\n","protected":false},"featured_media":10657,"comment_status":"closed","ping_status":"closed","template":"","meta":[],"product_brand":[],"product_cat":[337,243],"product_tag":[],"class_list":{"0":"post-9315","1":"product","2":"type-product","3":"status-publish","4":"has-post-thumbnail","6":"product_cat-bureau-de-juegos","7":"product_cat-juegos-de-mesa","9":"first","10":"outofstock","11":"shipping-taxable","12":"purchasable","13":"product-type-simple"},"_links":{"self":[{"href":"https:\/\/gracelandjuegos.com.ar\/web\/wp-json\/wp\/v2\/product\/9315","targetHints":{"allow":["GET"]}}],"collection":[{"href":"https:\/\/gracelandjuegos.com.ar\/web\/wp-json\/wp\/v2\/product"}],"about":[{"href":"https:\/\/gracelandjuegos.com.ar\/web\/wp-json\/wp\/v2\/types\/product"}],"replies":[{"embeddable":true,"href":"https:\/\/gracelandjuegos.com.ar\/web\/wp-json\/wp\/v2\/comments?post=9315"}],"wp:featuredmedia":[{"embeddable":true,"href":"https:\/\/gracelandjuegos.com.ar\/web\/wp-json\/wp\/v2\/media\/10657"}],"wp:attachment":[{"href":"https:\/\/gracelandjuegos.com.ar\/web\/wp-json\/wp\/v2\/media?parent=9315"}],"wp:term":[{"taxonomy":"product_brand","embeddable":true,"href":"https:\/\/gracelandjuegos.com.ar\/web\/wp-json\/wp\/v2\/product_brand?post=9315"},{"taxonomy":"product_cat","embeddable":true,"href":"https:\/\/gracelandjuegos.com.ar\/web\/wp-json\/wp\/v2\/product_cat?post=9315"},{"taxonomy":"product_tag","embeddable":true,"href":"https:\/\/gracelandjuegos.com.ar\/web\/wp-json\/wp\/v2\/product_tag?post=9315"}],"curies":[{"name":"wp","href":"https:\/\/api.w.org\/{rel}","templated":true}]}}