{"id":9314,"date":"2021-03-29T08:31:36","date_gmt":"2021-03-29T11:31:36","guid":{"rendered":"https:\/\/gracelandjuegos.com.ar\/web\/?post_type=product&#038;p=9314"},"modified":"2025-01-24T12:24:08","modified_gmt":"2025-01-24T15:24:08","slug":"munchkin-4-monturas-de-poca-monta","status":"publish","type":"product","link":"https:\/\/gracelandjuegos.com.ar\/web\/product\/munchkin-4-monturas-de-poca-monta\/","title":{"rendered":"Munchkin 4 Monturas de Poca Monta (Expansi\u00f3n)"},"content":{"rendered":"<p dir=\"ltr\">\u00a1112 nuevas cartas para pistear como un campe\u00f3n! Entre ellas:<\/p>\n<p dir=\"ltr\">\u2022 Nuevo tipo de carta: \u00a1Monturas!, para chapear en la plaza del pueblo sobre tu Velocirraptor o tu Enorme Jerbo Mutante<br \/>\n\u2022 Bocha de Mercenarios que te dan nuevas habilidades y hasta se sacrifican por vos (aaawww)<br \/>\n\u2022 Enemigos como Hairy Potter, la Bestia Desplazadora y el conflictuado Oso Bipolar<br \/>\n\u2022 Tesoros como la Poci\u00f3n de Cambio de G\u00e9nero y la P\u00edldora de la Rudeza<br \/>\n\u2022 Maldiciones como las Provisiones Podridas o las pesadas Cargas Sociales<\/p>\n<p dir=\"ltr\">\u00a1Demostr\u00e1 qui\u00e9n es el munchkin m\u00e1s pistero de todos!<\/p>\n<p dir=\"ltr\">Este juego es una expansi\u00f3n del Munchkin<\/p>\n","protected":false},"excerpt":{"rendered":"<p>G\u00e9nero: Party, Tem\u00e1tico.<br \/>\nCategor\u00edas: Cartas, Eliminac\u00f3n de Jugadores, Fantas\u00eda, Humor, Expansi\u00f3n.<br \/>\nDise\u00f1ado Por: Steve Jackson.<br \/>\nEditorial: Bureau de Juegos<br \/>\nEdad M\u00ednima Recomendada: 15 A\u00f1os<br \/>\nDificultad: 1.80\/5<br \/>\nN\u00ba de Jugadores: 3 a 6<br \/>\nDuraci\u00f3n Promedio de la Partida: 80 Minutos<br \/>\nIdioma: Espa\u00f1ol<\/p>\n","protected":false},"featured_media":10656,"comment_status":"closed","ping_status":"closed","template":"","meta":[],"product_brand":[],"product_cat":[337,243],"product_tag":[],"class_list":{"0":"post-9314","1":"product","2":"type-product","3":"status-publish","4":"has-post-thumbnail","6":"product_cat-bureau-de-juegos","7":"product_cat-juegos-de-mesa","9":"first","10":"outofstock","11":"shipping-taxable","12":"purchasable","13":"product-type-simple"},"_links":{"self":[{"href":"https:\/\/gracelandjuegos.com.ar\/web\/wp-json\/wp\/v2\/product\/9314","targetHints":{"allow":["GET"]}}],"collection":[{"href":"https:\/\/gracelandjuegos.com.ar\/web\/wp-json\/wp\/v2\/product"}],"about":[{"href":"https:\/\/gracelandjuegos.com.ar\/web\/wp-json\/wp\/v2\/types\/product"}],"replies":[{"embeddable":true,"href":"https:\/\/gracelandjuegos.com.ar\/web\/wp-json\/wp\/v2\/comments?post=9314"}],"wp:featuredmedia":[{"embeddable":true,"href":"https:\/\/gracelandjuegos.com.ar\/web\/wp-json\/wp\/v2\/media\/10656"}],"wp:attachment":[{"href":"https:\/\/gracelandjuegos.com.ar\/web\/wp-json\/wp\/v2\/media?parent=9314"}],"wp:term":[{"taxonomy":"product_brand","embeddable":true,"href":"https:\/\/gracelandjuegos.com.ar\/web\/wp-json\/wp\/v2\/product_brand?post=9314"},{"taxonomy":"product_cat","embeddable":true,"href":"https:\/\/gracelandjuegos.com.ar\/web\/wp-json\/wp\/v2\/product_cat?post=9314"},{"taxonomy":"product_tag","embeddable":true,"href":"https:\/\/gracelandjuegos.com.ar\/web\/wp-json\/wp\/v2\/product_tag?post=9314"}],"curies":[{"name":"wp","href":"https:\/\/api.w.org\/{rel}","templated":true}]}}