{"id":9289,"date":"2021-03-29T00:06:06","date_gmt":"2021-03-29T03:06:06","guid":{"rendered":"https:\/\/gracelandjuegos.com.ar\/web\/?post_type=product&#038;p=9289"},"modified":"2025-05-07T21:06:16","modified_gmt":"2025-05-08T00:06:16","slug":"dungeon-drinks","status":"publish","type":"product","link":"https:\/\/gracelandjuegos.com.ar\/web\/product\/dungeon-drinks\/","title":{"rendered":"Dungeon &amp; Drinks"},"content":{"rendered":"<p>En Dungeon &amp; Drinks encarn\u00e1s a un h\u00e9roe pasado de copas, que entra junto con sus amigos a un dungeon lleno de peligros y monstruos que no molestaban a nadie.<\/p>\n<p>En cada partida los jugadores compiten para ver qui\u00e9n es el mejor tomando y matando monstruos indefensos. Algo que ser\u00eda muy simple si los dem\u00e1s jugadores no estuvieran molestando para impedir que cumplas tus planes.<\/p>\n<p>La partida cuando, despu\u00e9s de un &#8220;\u00e9pico&#8221; combate, alguno de los jugadores consigue matar al jefe del dungeon. En ese momento, \u00a1el que m\u00e1s puntos tenga, gana!<\/p>\n<p>En tu turno, eleg\u00ed un mosntruo y atacalo. Cont\u00e1s adem\u00e1s con poderosos hechizos para asegurar que tengas \u00e9xito. \u00a1Pero cuidado! los dem\u00e1s jugadores tambi\u00e9n pueden elegir jugar hechizos para alterar el resultado del combate, y un monstruo que vos no mates va a ser uno que despu\u00e9s puedan atacar ellos.<\/p>\n<p>Cada vez que mates un monstruo, ten\u00e9s que robar una nueva carta de borrachera y cumplir con lo que te pide: un impedimento en el habla, comportamiento limitado, etc.<\/p>\n<p>Cuando hayan matado suficientes monstruos llega el momento de la boss fight: Mat\u00e1 al jefe del dungeon y asegurate unos buenos puntos extra.<\/p>\n","protected":false},"excerpt":{"rendered":"<p>G\u00e9nero: Party, Previa.<br \/>\nCategor\u00edas: Cartas, Rol, Adultos.<br \/>\nDise\u00f1ado Por: Juli\u00e1n Chab<br \/>\nEditorial: Bureau de Juegos<br \/>\nEdad M\u00ednima Recomendada: 18 A\u00f1os<br \/>\nDificultad: 1.25\/5<br \/>\nN\u00ba de Jugadores: 3 a 6<br \/>\nDuraci\u00f3n Promedio de la Partida: 45 Minutos<br \/>\nIdioma: Espa\u00f1ol<\/p>\n","protected":false},"featured_media":10652,"comment_status":"closed","ping_status":"closed","template":"","meta":[],"product_brand":[],"product_cat":[337,243,234],"product_tag":[],"class_list":{"0":"post-9289","1":"product","2":"type-product","3":"status-publish","4":"has-post-thumbnail","6":"product_cat-bureau-de-juegos","7":"product_cat-juegos-de-mesa","8":"product_cat-juegos-de-previa","10":"first","11":"instock","12":"shipping-taxable","13":"purchasable","14":"product-type-simple"},"_links":{"self":[{"href":"https:\/\/gracelandjuegos.com.ar\/web\/wp-json\/wp\/v2\/product\/9289","targetHints":{"allow":["GET"]}}],"collection":[{"href":"https:\/\/gracelandjuegos.com.ar\/web\/wp-json\/wp\/v2\/product"}],"about":[{"href":"https:\/\/gracelandjuegos.com.ar\/web\/wp-json\/wp\/v2\/types\/product"}],"replies":[{"embeddable":true,"href":"https:\/\/gracelandjuegos.com.ar\/web\/wp-json\/wp\/v2\/comments?post=9289"}],"wp:featuredmedia":[{"embeddable":true,"href":"https:\/\/gracelandjuegos.com.ar\/web\/wp-json\/wp\/v2\/media\/10652"}],"wp:attachment":[{"href":"https:\/\/gracelandjuegos.com.ar\/web\/wp-json\/wp\/v2\/media?parent=9289"}],"wp:term":[{"taxonomy":"product_brand","embeddable":true,"href":"https:\/\/gracelandjuegos.com.ar\/web\/wp-json\/wp\/v2\/product_brand?post=9289"},{"taxonomy":"product_cat","embeddable":true,"href":"https:\/\/gracelandjuegos.com.ar\/web\/wp-json\/wp\/v2\/product_cat?post=9289"},{"taxonomy":"product_tag","embeddable":true,"href":"https:\/\/gracelandjuegos.com.ar\/web\/wp-json\/wp\/v2\/product_tag?post=9289"}],"curies":[{"name":"wp","href":"https:\/\/api.w.org\/{rel}","templated":true}]}}