{"id":9288,"date":"2021-03-29T00:05:15","date_gmt":"2021-03-29T03:05:15","guid":{"rendered":"https:\/\/gracelandjuegos.com.ar\/web\/?post_type=product&#038;p=9288"},"modified":"2025-05-07T21:08:14","modified_gmt":"2025-05-08T00:08:14","slug":"cartografos","status":"publish","type":"product","link":"https:\/\/gracelandjuegos.com.ar\/web\/product\/cartografos\/","title":{"rendered":"Cart\u00f3grafos"},"content":{"rendered":"<p>Cart\u00f3grafos es un juego de Roll &amp; Write, donde todos los jugadores, ex\u00e1ctamente con los mismos recursos, tienen que explorar un territorio de la forma m\u00e1s eficiente posible.<\/p>\n<p>Muy simple de aprender, pero dif\u00edcil de dominar, tiene entre sus m\u00e9ritos una alt\u00edsima rejugabilidad, gran valor para jugadores novatos y avanzados por igual y la posibilidad de jugarlo en solitario o con la cantidad de jugadores que quieras.<\/p>\n<p>Al revelarse las cartas del turno, cada jugador va a elegir un tipo de terreno y una forma para dibujar en su mapa, analizando las posibilidades que los diferentes terrenos en el mapa presentan.<\/p>\n<p>Si se revela una carta de emboscada, vas a tener la oportunidad de dibujar monstruos en el mapa de un rival para complicarle la partida. Desafortunadamente, otros rivales van a hacer lo mismo con tu hermoso mapa.<\/p>\n<p>Al final de cada estaci\u00f3n, las condiciones para aumentar tu reputaci\u00f3n cambian. Segu\u00ed bien de cerca los edictos de la reina para asegurarte de obtener la victoria cuando termine el a\u00f1o.<\/p>\n","protected":false},"excerpt":{"rendered":"<p>G\u00e9nero: Familiar.<br \/>\nCategor\u00edas: Fantas\u00eda, Cartas, Construcci\u00f3nde Territorio, Papel y L\u00e1piz, Grilla.<br \/>\nDise\u00f1ado Por: Jordy Adan<br \/>\nEditorial: Bureau de Juegos<br \/>\nEdad M\u00ednima Recomendada: 10 A\u00f1os<br \/>\nDificultad: 1.90\/5<br \/>\nN\u00ba de Jugadores: 1 o m\u00e1s<br \/>\nDuraci\u00f3n Promedio de la Partida: 45 Minutos<br \/>\nIdioma: Espa\u00f1ol<\/p>\n","protected":false},"featured_media":10651,"comment_status":"closed","ping_status":"closed","template":"","meta":[],"product_brand":[],"product_cat":[337,243],"product_tag":[],"class_list":{"0":"post-9288","1":"product","2":"type-product","3":"status-publish","4":"has-post-thumbnail","6":"product_cat-bureau-de-juegos","7":"product_cat-juegos-de-mesa","9":"first","10":"outofstock","11":"shipping-taxable","12":"purchasable","13":"product-type-simple"},"_links":{"self":[{"href":"https:\/\/gracelandjuegos.com.ar\/web\/wp-json\/wp\/v2\/product\/9288","targetHints":{"allow":["GET"]}}],"collection":[{"href":"https:\/\/gracelandjuegos.com.ar\/web\/wp-json\/wp\/v2\/product"}],"about":[{"href":"https:\/\/gracelandjuegos.com.ar\/web\/wp-json\/wp\/v2\/types\/product"}],"replies":[{"embeddable":true,"href":"https:\/\/gracelandjuegos.com.ar\/web\/wp-json\/wp\/v2\/comments?post=9288"}],"wp:featuredmedia":[{"embeddable":true,"href":"https:\/\/gracelandjuegos.com.ar\/web\/wp-json\/wp\/v2\/media\/10651"}],"wp:attachment":[{"href":"https:\/\/gracelandjuegos.com.ar\/web\/wp-json\/wp\/v2\/media?parent=9288"}],"wp:term":[{"taxonomy":"product_brand","embeddable":true,"href":"https:\/\/gracelandjuegos.com.ar\/web\/wp-json\/wp\/v2\/product_brand?post=9288"},{"taxonomy":"product_cat","embeddable":true,"href":"https:\/\/gracelandjuegos.com.ar\/web\/wp-json\/wp\/v2\/product_cat?post=9288"},{"taxonomy":"product_tag","embeddable":true,"href":"https:\/\/gracelandjuegos.com.ar\/web\/wp-json\/wp\/v2\/product_tag?post=9288"}],"curies":[{"name":"wp","href":"https:\/\/api.w.org\/{rel}","templated":true}]}}