{"id":9228,"date":"2021-02-25T08:01:22","date_gmt":"2021-02-25T11:01:22","guid":{"rendered":"https:\/\/gracelandjuegos.com.ar\/web\/?post_type=product&#038;p=9228"},"modified":"2025-05-07T21:07:05","modified_gmt":"2025-05-08T00:07:05","slug":"dragons","status":"publish","type":"product","link":"https:\/\/gracelandjuegos.com.ar\/web\/product\/dragons\/","title":{"rendered":"Dragons"},"content":{"rendered":"<p>En Dragons, pod\u00e9s experimentar la vida de drag\u00f3n, volar por los cielos, conseguir tesoros, coleccionar armaduras y armas de infelices (que cre\u00edan que iban a ser h\u00e9roes) y, naturalmente, comer.<\/p>\n<p>\u00a1Pero cuidado! Si te distraes mucho, otros jugadores podr\u00edan escapar con tus tesoros o peor \u00a1Dejarte sin comida!<\/p>\n<p>Para jugar, se baraja el mazo de cartas y luego se lo divide en algunos mazos m\u00e1s peque\u00f1os (uno por cada ronda que se va a jugar, dependiendo la cantidad de jugadores). Luego se toma el primer mazo y coloca boca arriba sobre la mesa una carta por cada jugador.<\/p>\n<p>En las cartas vas a poder encontrar monedas, tesoros, partes de las armaduras de tus v\u00edctimas y hasta vacas y ovejas (la comida preferida de los dragones). Tu objetivo en el juego va a ser tratar de armar una colecci\u00f3n de cartas que te permita sumar la mayor cantidad de puntos, sin ser uno de los jugadores con menos comida.<\/p>\n<p>En tu turno, pod\u00e9s revelar la carta superior del mazo y ponerla sobre una de las pilas o reclamar una de las pilas colocando tu figura de drag\u00f3n en ella. Luego pas\u00e1s el mazo al siguiente jugador. Se repite el proceso hasta que todas las pilas hayan sido reclamadas. Se hace lo mismo con cada uno de los mazos que separamos al principio.<\/p>\n<p>Al final del juego, se ir\u00e1n eliminando aquellos dragones que no hayan conseguido suficiente comida y luego se contar\u00e1 el valor del bot\u00edn de los restantes para ver qui\u00e9n gana.<\/p>\n","protected":false},"excerpt":{"rendered":"<p>G\u00e9nero: Familiar, Party.<br \/>\nCategor\u00edas: Cartas, Fantas\u00eda, Colecciones, Toma de Riesgos.<br \/>\nDise\u00f1ado Por: Bruno Faidutti<br \/>\nEditorial: Bureau de Juegos<br \/>\nEdad M\u00ednima Recomendada: 8 A\u00f1os<br \/>\nDificultad: 1.7\/5<br \/>\nN\u00ba de Jugadores: 3 a 6<br \/>\nDuraci\u00f3n Promedio de la Partida: 30 Minutos<br \/>\nIdioma: Espa\u00f1ol<\/p>\n","protected":false},"featured_media":9229,"comment_status":"closed","ping_status":"closed","template":"","meta":[],"product_brand":[],"product_cat":[337,243],"product_tag":[],"class_list":{"0":"post-9228","1":"product","2":"type-product","3":"status-publish","4":"has-post-thumbnail","6":"product_cat-bureau-de-juegos","7":"product_cat-juegos-de-mesa","9":"first","10":"outofstock","11":"shipping-taxable","12":"purchasable","13":"product-type-simple"},"_links":{"self":[{"href":"https:\/\/gracelandjuegos.com.ar\/web\/wp-json\/wp\/v2\/product\/9228","targetHints":{"allow":["GET"]}}],"collection":[{"href":"https:\/\/gracelandjuegos.com.ar\/web\/wp-json\/wp\/v2\/product"}],"about":[{"href":"https:\/\/gracelandjuegos.com.ar\/web\/wp-json\/wp\/v2\/types\/product"}],"replies":[{"embeddable":true,"href":"https:\/\/gracelandjuegos.com.ar\/web\/wp-json\/wp\/v2\/comments?post=9228"}],"wp:featuredmedia":[{"embeddable":true,"href":"https:\/\/gracelandjuegos.com.ar\/web\/wp-json\/wp\/v2\/media\/9229"}],"wp:attachment":[{"href":"https:\/\/gracelandjuegos.com.ar\/web\/wp-json\/wp\/v2\/media?parent=9228"}],"wp:term":[{"taxonomy":"product_brand","embeddable":true,"href":"https:\/\/gracelandjuegos.com.ar\/web\/wp-json\/wp\/v2\/product_brand?post=9228"},{"taxonomy":"product_cat","embeddable":true,"href":"https:\/\/gracelandjuegos.com.ar\/web\/wp-json\/wp\/v2\/product_cat?post=9228"},{"taxonomy":"product_tag","embeddable":true,"href":"https:\/\/gracelandjuegos.com.ar\/web\/wp-json\/wp\/v2\/product_tag?post=9228"}],"curies":[{"name":"wp","href":"https:\/\/api.w.org\/{rel}","templated":true}]}}