{"id":10972,"date":"2026-01-28T17:26:38","date_gmt":"2026-01-28T20:26:38","guid":{"rendered":"https:\/\/gracelandjuegos.com.ar\/web\/?post_type=product&#038;p=10972"},"modified":"2026-01-28T17:29:14","modified_gmt":"2026-01-28T20:29:14","slug":"7-wonders-segunda-edicion","status":"publish","type":"product","link":"https:\/\/gracelandjuegos.com.ar\/web\/product\/7-wonders-segunda-edicion\/","title":{"rendered":"7 Wonders (Segunda Edici\u00f3n)"},"content":{"rendered":"<p>Sos el l\u00edder de una de las 7 grandes ciudades del Mundo Antiguo. Recolect\u00e1 recursos, desarroll\u00e1 rutas comerciales y afirm\u00e1 tu supremac\u00eda militar. Constru\u00ed tu ciudad y levant\u00e1 una maravilla arquitect\u00f3nica que trascienda el paso del tiempo.<\/p>\n<p>7 Wonders se juega a lo largo de tres eras. En cada era, los jugadores reciben siete cartas de un mazo espec\u00edfico, eligen una y pasan el resto a un jugador vecino. Todos revelan sus cartas al mismo tiempo, pagando recursos si es necesario, obteniendo beneficios o interactuando con otros jugadores de distintas maneras.<\/p>\n<p>Cada jugador cuenta con un tablero individual con poderes especiales para organizar sus cartas; estos tableros son de doble cara. Luego se elige una nueva carta del mazo recibido y el proceso se repite hasta que cada jugador tenga seis cartas jugadas en esa era. Al finalizar las tres eras, la partida termina.<\/p>\n<p>En esencia, 7 Wonders es un juego de desarrollo de cartas. Algunas cartas tienen efectos inmediatos, otras otorgan bonificaciones o mejoras para m\u00e1s adelante. Algunas brindan descuentos en compras futuras, otras aportan fuerza militar para imponerte sobre tus vecinos y otras simplemente suman puntos de victoria. Cada carta se juega inmediatamente despu\u00e9s de ser elegida, por lo que siempre vas a saber qu\u00e9 est\u00e1n recibiendo tus vecinos y c\u00f3mo sus decisiones pueden afectar tu estrategia.<\/p>\n<p>A lo largo de las tres eras, las cartas se pasan izquierda\u2013derecha\u2013izquierda, as\u00ed que es clave prestar atenci\u00f3n a lo que hacen los jugadores de ambos lados.<\/p>\n","protected":false},"excerpt":{"rendered":"<p>G\u00e9nero: Estrategia.<br \/>\nCategor\u00edas: Antig\u00fcedad, Cartas, Civilizaciones, Econom\u00eda, Mercado, Tablero Modular, Drafting, Colecciones.<br \/>\nDise\u00f1ado Por: <span class=\"ng-binding\">Antoine Bauza<\/span><br \/>\nEditorial: Top Toys<br \/>\nEdad M\u00ednima Recomendada: 10 A\u00f1os<br \/>\nDificultad: 2.27\/5<br \/>\nN\u00ba de Jugadores: 3 a 7<br \/>\nDuraci\u00f3n Promedio de la Partida: 30 Minutos<br \/>\nIdioma: Espa\u00f1ol<\/p>\n","protected":false},"featured_media":10964,"comment_status":"closed","ping_status":"closed","template":"","meta":[],"product_brand":[],"product_cat":[243,328,329,351],"product_tag":[],"class_list":{"0":"post-10972","1":"product","2":"type-product","3":"status-publish","4":"has-post-thumbnail","6":"product_cat-juegos-de-mesa","7":"product_cat-novedades","8":"product_cat-recomendados","9":"product_cat-top-toys","11":"first","12":"instock","13":"shipping-taxable","14":"purchasable","15":"product-type-simple"},"_links":{"self":[{"href":"https:\/\/gracelandjuegos.com.ar\/web\/wp-json\/wp\/v2\/product\/10972","targetHints":{"allow":["GET"]}}],"collection":[{"href":"https:\/\/gracelandjuegos.com.ar\/web\/wp-json\/wp\/v2\/product"}],"about":[{"href":"https:\/\/gracelandjuegos.com.ar\/web\/wp-json\/wp\/v2\/types\/product"}],"replies":[{"embeddable":true,"href":"https:\/\/gracelandjuegos.com.ar\/web\/wp-json\/wp\/v2\/comments?post=10972"}],"wp:featuredmedia":[{"embeddable":true,"href":"https:\/\/gracelandjuegos.com.ar\/web\/wp-json\/wp\/v2\/media\/10964"}],"wp:attachment":[{"href":"https:\/\/gracelandjuegos.com.ar\/web\/wp-json\/wp\/v2\/media?parent=10972"}],"wp:term":[{"taxonomy":"product_brand","embeddable":true,"href":"https:\/\/gracelandjuegos.com.ar\/web\/wp-json\/wp\/v2\/product_brand?post=10972"},{"taxonomy":"product_cat","embeddable":true,"href":"https:\/\/gracelandjuegos.com.ar\/web\/wp-json\/wp\/v2\/product_cat?post=10972"},{"taxonomy":"product_tag","embeddable":true,"href":"https:\/\/gracelandjuegos.com.ar\/web\/wp-json\/wp\/v2\/product_tag?post=10972"}],"curies":[{"name":"wp","href":"https:\/\/api.w.org\/{rel}","templated":true}]}}