{"id":10971,"date":"2026-01-28T17:23:41","date_gmt":"2026-01-28T20:23:41","guid":{"rendered":"https:\/\/gracelandjuegos.com.ar\/web\/?post_type=product&#038;p=10971"},"modified":"2026-01-28T17:23:41","modified_gmt":"2026-01-28T20:23:41","slug":"power-hungry-pets","status":"publish","type":"product","link":"https:\/\/gracelandjuegos.com.ar\/web\/product\/power-hungry-pets\/","title":{"rendered":"Power Hungry Pets"},"content":{"rendered":"<p data-start=\"0\" data-end=\"107\">Power Hungry Pets es un juego de estrategia enga\u00f1osamente sencillo en el que todo se reduce a una \u00fanica carta.<\/p>\n<p data-start=\"0\" data-end=\"107\">Cada carta tiene un n\u00famero y una forma de hacerle la vida imposible a los dem\u00e1s. Cuanto m\u00e1s alto es\u00a0 el n\u00famero, m\u00e1s picante es la carta. Ten\u00e9s solo dos cartas: eleg\u00ed cu\u00e1l guardar y cu\u00e1l usar para traicionar, robar o eliminar a los otros jugadores. Al final, gana quien se queda con la carta m\u00e1s alta (o el \u00fanico jugador que no queda eliminado).<\/p>\n<p data-start=\"0\" data-end=\"107\">Power Hungry Pets es una colaboraci\u00f3n oficial con Love Letter: se mantiene la mec\u00e1nica de \u201cdos cartas en mano, una decisi\u00f3n por turno\u201d, con tem\u00e1tica y efectos nuevos.<\/p>\n","protected":false},"excerpt":{"rendered":"<p>G\u00e9nero: Familiar.<br \/>\nCategor\u00edas: Animales, Cartas, Eliminacion de Jugadores, Humor, Deducci\u00f3n, Bluffing.<br \/>\nDise\u00f1ado Por: <span class=\"ng-binding\">Seiji Kanai<\/span><br \/>\nEditorial: Top Toys<br \/>\nEdad M\u00ednima Recomendada: 7 A\u00f1os<br \/>\nDificultad: 1.12\/5<br \/>\nN\u00ba de Jugadores: 2 a 6<br \/>\nDuraci\u00f3n Promedio de la Partida: 15 Minutos<br \/>\nIdioma: Espa\u00f1ol<\/p>\n","protected":false},"featured_media":10967,"comment_status":"closed","ping_status":"closed","template":"","meta":[],"product_brand":[],"product_cat":[243,328,329,351],"product_tag":[],"class_list":{"0":"post-10971","1":"product","2":"type-product","3":"status-publish","4":"has-post-thumbnail","6":"product_cat-juegos-de-mesa","7":"product_cat-novedades","8":"product_cat-recomendados","9":"product_cat-top-toys","11":"first","12":"instock","13":"shipping-taxable","14":"purchasable","15":"product-type-simple"},"_links":{"self":[{"href":"https:\/\/gracelandjuegos.com.ar\/web\/wp-json\/wp\/v2\/product\/10971","targetHints":{"allow":["GET"]}}],"collection":[{"href":"https:\/\/gracelandjuegos.com.ar\/web\/wp-json\/wp\/v2\/product"}],"about":[{"href":"https:\/\/gracelandjuegos.com.ar\/web\/wp-json\/wp\/v2\/types\/product"}],"replies":[{"embeddable":true,"href":"https:\/\/gracelandjuegos.com.ar\/web\/wp-json\/wp\/v2\/comments?post=10971"}],"wp:featuredmedia":[{"embeddable":true,"href":"https:\/\/gracelandjuegos.com.ar\/web\/wp-json\/wp\/v2\/media\/10967"}],"wp:attachment":[{"href":"https:\/\/gracelandjuegos.com.ar\/web\/wp-json\/wp\/v2\/media?parent=10971"}],"wp:term":[{"taxonomy":"product_brand","embeddable":true,"href":"https:\/\/gracelandjuegos.com.ar\/web\/wp-json\/wp\/v2\/product_brand?post=10971"},{"taxonomy":"product_cat","embeddable":true,"href":"https:\/\/gracelandjuegos.com.ar\/web\/wp-json\/wp\/v2\/product_cat?post=10971"},{"taxonomy":"product_tag","embeddable":true,"href":"https:\/\/gracelandjuegos.com.ar\/web\/wp-json\/wp\/v2\/product_tag?post=10971"}],"curies":[{"name":"wp","href":"https:\/\/api.w.org\/{rel}","templated":true}]}}