{"id":10970,"date":"2026-01-28T17:20:26","date_gmt":"2026-01-28T20:20:26","guid":{"rendered":"https:\/\/gracelandjuegos.com.ar\/web\/?post_type=product&#038;p=10970"},"modified":"2026-01-28T17:20:26","modified_gmt":"2026-01-28T20:20:26","slug":"zombie-kittens","status":"publish","type":"product","link":"https:\/\/gracelandjuegos.com.ar\/web\/product\/zombie-kittens\/","title":{"rendered":"Zombie Kittens"},"content":{"rendered":"<p data-start=\"0\" data-end=\"107\">Zombie Kittens es una nueva versi\u00f3n del cl\u00e1sico Exploding Kittens, pero con un giro inesperado: \u00a1ahora pod\u00e9s volver de entre los muertos!<\/p>\n<p data-start=\"0\" data-end=\"107\">Solo los jugadores vivos pueden ganar, pero los que mueren conservan sus cartas y pueden usarlas para atormentar a los que siguen con vida. Incluso, \u00a1pueden revivir y ganar la partida!<\/p>\n<p data-start=\"0\" data-end=\"107\">Cada carta tiene ilustraciones nuevas y mec\u00e1nicas in\u00e9ditas que no se hab\u00edan visto antes. Pod\u00e9s jugar Zombie Kittens por s\u00ed solo o combinarlo con el Exploding Kittens.<\/p>\n","protected":false},"excerpt":{"rendered":"<p>G\u00e9nero: Party.<br \/>\nCategor\u00edas: Animales, Humor, Cartas, Manejo de Mano, Eliminaci\u00f3n de Jugadores, Toma de Riesgos, Colecciones.<br \/>\nDise\u00f1ado Por: <span class=\"ng-scope\"><span class=\"ng-binding\">Matthew Inman<\/span>,\u00a0<\/span><span class=\"ng-scope\"><span class=\"ng-binding\">Elan Lee<\/span>,\u00a0<\/span><span class=\"ng-scope\"><span class=\"ng-binding\">Shane Small<\/span><\/span><br \/>\nEditorial: Top Toys<br \/>\nEdad M\u00ednima Recomendada: 7 A\u00f1os<br \/>\nDificultad: 1,22\/5<br \/>\nN\u00ba de Jugadores: 2 a 5<br \/>\nDuraci\u00f3n Promedio de la Partida: 15 Minutos<br \/>\nIdioma: Espa\u00f1ol<\/p>\n","protected":false},"featured_media":10968,"comment_status":"closed","ping_status":"closed","template":"","meta":[],"product_brand":[],"product_cat":[243,328,351],"product_tag":[],"class_list":{"0":"post-10970","1":"product","2":"type-product","3":"status-publish","4":"has-post-thumbnail","6":"product_cat-juegos-de-mesa","7":"product_cat-novedades","8":"product_cat-top-toys","10":"first","11":"instock","12":"shipping-taxable","13":"purchasable","14":"product-type-simple"},"_links":{"self":[{"href":"https:\/\/gracelandjuegos.com.ar\/web\/wp-json\/wp\/v2\/product\/10970","targetHints":{"allow":["GET"]}}],"collection":[{"href":"https:\/\/gracelandjuegos.com.ar\/web\/wp-json\/wp\/v2\/product"}],"about":[{"href":"https:\/\/gracelandjuegos.com.ar\/web\/wp-json\/wp\/v2\/types\/product"}],"replies":[{"embeddable":true,"href":"https:\/\/gracelandjuegos.com.ar\/web\/wp-json\/wp\/v2\/comments?post=10970"}],"wp:featuredmedia":[{"embeddable":true,"href":"https:\/\/gracelandjuegos.com.ar\/web\/wp-json\/wp\/v2\/media\/10968"}],"wp:attachment":[{"href":"https:\/\/gracelandjuegos.com.ar\/web\/wp-json\/wp\/v2\/media?parent=10970"}],"wp:term":[{"taxonomy":"product_brand","embeddable":true,"href":"https:\/\/gracelandjuegos.com.ar\/web\/wp-json\/wp\/v2\/product_brand?post=10970"},{"taxonomy":"product_cat","embeddable":true,"href":"https:\/\/gracelandjuegos.com.ar\/web\/wp-json\/wp\/v2\/product_cat?post=10970"},{"taxonomy":"product_tag","embeddable":true,"href":"https:\/\/gracelandjuegos.com.ar\/web\/wp-json\/wp\/v2\/product_tag?post=10970"}],"curies":[{"name":"wp","href":"https:\/\/api.w.org\/{rel}","templated":true}]}}