{"id":10969,"date":"2026-01-28T17:16:03","date_gmt":"2026-01-28T20:16:03","guid":{"rendered":"https:\/\/gracelandjuegos.com.ar\/web\/?post_type=product&#038;p=10969"},"modified":"2026-01-28T17:17:29","modified_gmt":"2026-01-28T20:17:29","slug":"dobble-the-hobbit-the-lord-of-the-rings","status":"publish","type":"product","link":"https:\/\/gracelandjuegos.com.ar\/web\/product\/dobble-the-hobbit-the-lord-of-the-rings\/","title":{"rendered":"Dobble The Hobbit The Lord of the Rings"},"content":{"rendered":"<p data-start=\"0\" data-end=\"107\">Dobble es un juego de observaci\u00f3n y rapidez para toda la familia.<\/p>\n<p data-start=\"0\" data-end=\"107\">Hay un \u00fanico s\u00edmbolo com\u00fan en cada una de las cartas. El primero en descubrirlo y en nombrarlo gana la carta.<\/p>\n<p data-start=\"0\" data-end=\"107\">Incluye reglas para cinco variantes del juego, con la mec\u00e1nica en com\u00fan que los jugadores tienen que buscar el elemento que se repite en las cartas y nombrarlo.<\/p>\n<p data-start=\"0\" data-end=\"107\">Esta versi\u00f3n es con tem\u00e1tica de El Se\u00f1or de los Anillos.<\/p>\n","protected":false},"excerpt":{"rendered":"<p>G\u00e9nero: Party.<br \/>\nCategor\u00edas: Cartas, Infantil, Tiempo real, Reconocimiento de Patrones.<br \/>\nDise\u00f1ado Por:\u00a0<span class=\"ng-scope\"><span class=\"ng-binding\">Denis Blanchot<\/span>,\u00a0<\/span><span class=\"ng-scope\"><span class=\"ng-binding\">Jacques Cottereau<\/span>,\u00a0<\/span><span class=\"ng-scope\"><span class=\"ng-binding\">Guillaume Gille-Naves<\/span>,\u00a0<\/span><span class=\"ng-scope\"><span class=\"ng-binding\">Igor Polouchine<\/span><\/span><br \/>\nEditorial: Top Toys<br \/>\nEdad M\u00ednima Recomendada: 6 A\u00f1os<br \/>\nDificultad: 1,04\/5<br \/>\nN\u00ba de Jugadores: 2 a 8<br \/>\nDuraci\u00f3n Promedio de la Partida: 15 Minutos<br \/>\nIdioma: Espa\u00f1ol<\/p>\n","protected":false},"featured_media":10966,"comment_status":"closed","ping_status":"closed","template":"","meta":[],"product_brand":[],"product_cat":[243,328,351],"product_tag":[],"class_list":{"0":"post-10969","1":"product","2":"type-product","3":"status-publish","4":"has-post-thumbnail","6":"product_cat-juegos-de-mesa","7":"product_cat-novedades","8":"product_cat-top-toys","10":"first","11":"instock","12":"shipping-taxable","13":"purchasable","14":"product-type-simple"},"_links":{"self":[{"href":"https:\/\/gracelandjuegos.com.ar\/web\/wp-json\/wp\/v2\/product\/10969","targetHints":{"allow":["GET"]}}],"collection":[{"href":"https:\/\/gracelandjuegos.com.ar\/web\/wp-json\/wp\/v2\/product"}],"about":[{"href":"https:\/\/gracelandjuegos.com.ar\/web\/wp-json\/wp\/v2\/types\/product"}],"replies":[{"embeddable":true,"href":"https:\/\/gracelandjuegos.com.ar\/web\/wp-json\/wp\/v2\/comments?post=10969"}],"wp:featuredmedia":[{"embeddable":true,"href":"https:\/\/gracelandjuegos.com.ar\/web\/wp-json\/wp\/v2\/media\/10966"}],"wp:attachment":[{"href":"https:\/\/gracelandjuegos.com.ar\/web\/wp-json\/wp\/v2\/media?parent=10969"}],"wp:term":[{"taxonomy":"product_brand","embeddable":true,"href":"https:\/\/gracelandjuegos.com.ar\/web\/wp-json\/wp\/v2\/product_brand?post=10969"},{"taxonomy":"product_cat","embeddable":true,"href":"https:\/\/gracelandjuegos.com.ar\/web\/wp-json\/wp\/v2\/product_cat?post=10969"},{"taxonomy":"product_tag","embeddable":true,"href":"https:\/\/gracelandjuegos.com.ar\/web\/wp-json\/wp\/v2\/product_tag?post=10969"}],"curies":[{"name":"wp","href":"https:\/\/api.w.org\/{rel}","templated":true}]}}