{"id":10956,"date":"2025-12-17T12:47:57","date_gmt":"2025-12-17T15:47:57","guid":{"rendered":"https:\/\/gracelandjuegos.com.ar\/web\/?post_type=product&#038;p=10956"},"modified":"2025-12-17T12:49:12","modified_gmt":"2025-12-17T15:49:12","slug":"patchwork","status":"publish","type":"product","link":"https:\/\/gracelandjuegos.com.ar\/web\/product\/patchwork\/","title":{"rendered":"Patchwork"},"content":{"rendered":"<p data-start=\"0\" data-end=\"107\">En Patchwork, dos jugadores compiten para crear la colcha m\u00e1s linda (y con m\u00e1s puntos) en su propio tablero personal de 9&#215;9 casillas.<\/p>\n<p data-start=\"0\" data-end=\"107\">Coser conlleva tiempo y mucho esfuerzo, adem\u00e1s de que hay que tener muchos botones. Para ganar la partida, deber\u00e1s combinar h\u00e1bilmente retazos de tela y elaborar una colcha con los mejores parches.<\/p>\n<ol>\n<li data-start=\"0\" data-end=\"107\">Eleg\u00ed un parche. Los parches requieren tiempo y botones, pero tambi\u00e9n tienen beneficios.<\/li>\n<li data-start=\"0\" data-end=\"107\">Coloc\u00e1 el parche en tu colcha.<\/li>\n<li data-start=\"0\" data-end=\"107\">Optimiz\u00e1 el tiempo disponible y conserv\u00e1 todos los botones que puedas para ganar la partida.<\/li>\n<\/ol>\n","protected":false},"excerpt":{"rendered":"<p>G\u00e9nero: Abstracto, Familiar.<br \/>\nCategor\u00edas: Abstracto, Puzzle, Colocaci\u00f3n de Losetas, Grilla, Drafting.<br \/>\nDise\u00f1ado Por: <span class=\"ng-binding\">Uwe Rosenberg<\/span><br \/>\nEditorial: Top Toys<br \/>\nEdad M\u00ednima Recomendada: 8 A\u00f1os<br \/>\nDificultad: 1,60\/5<br \/>\nN\u00ba de Jugadores: 2<br \/>\nDuraci\u00f3n Promedio de la Partida: 30 Minutos<br \/>\nIdioma: Espa\u00f1ol<\/p>\n","protected":false},"featured_media":10957,"comment_status":"closed","ping_status":"closed","template":"","meta":[],"product_brand":[],"product_cat":[243,329,351],"product_tag":[],"class_list":{"0":"post-10956","1":"product","2":"type-product","3":"status-publish","4":"has-post-thumbnail","6":"product_cat-juegos-de-mesa","7":"product_cat-recomendados","8":"product_cat-top-toys","10":"first","11":"instock","12":"shipping-taxable","13":"purchasable","14":"product-type-simple"},"_links":{"self":[{"href":"https:\/\/gracelandjuegos.com.ar\/web\/wp-json\/wp\/v2\/product\/10956","targetHints":{"allow":["GET"]}}],"collection":[{"href":"https:\/\/gracelandjuegos.com.ar\/web\/wp-json\/wp\/v2\/product"}],"about":[{"href":"https:\/\/gracelandjuegos.com.ar\/web\/wp-json\/wp\/v2\/types\/product"}],"replies":[{"embeddable":true,"href":"https:\/\/gracelandjuegos.com.ar\/web\/wp-json\/wp\/v2\/comments?post=10956"}],"wp:featuredmedia":[{"embeddable":true,"href":"https:\/\/gracelandjuegos.com.ar\/web\/wp-json\/wp\/v2\/media\/10957"}],"wp:attachment":[{"href":"https:\/\/gracelandjuegos.com.ar\/web\/wp-json\/wp\/v2\/media?parent=10956"}],"wp:term":[{"taxonomy":"product_brand","embeddable":true,"href":"https:\/\/gracelandjuegos.com.ar\/web\/wp-json\/wp\/v2\/product_brand?post=10956"},{"taxonomy":"product_cat","embeddable":true,"href":"https:\/\/gracelandjuegos.com.ar\/web\/wp-json\/wp\/v2\/product_cat?post=10956"},{"taxonomy":"product_tag","embeddable":true,"href":"https:\/\/gracelandjuegos.com.ar\/web\/wp-json\/wp\/v2\/product_tag?post=10956"}],"curies":[{"name":"wp","href":"https:\/\/api.w.org\/{rel}","templated":true}]}}