{"id":10948,"date":"2025-10-06T18:02:28","date_gmt":"2025-10-06T21:02:28","guid":{"rendered":"https:\/\/gracelandjuegos.com.ar\/web\/?post_type=product&#038;p=10948"},"modified":"2025-10-06T18:02:28","modified_gmt":"2025-10-06T21:02:28","slug":"votes-for-women","status":"publish","type":"product","link":"https:\/\/gracelandjuegos.com.ar\/web\/product\/votes-for-women\/","title":{"rendered":"Votes For Women"},"content":{"rendered":"<p>Seneca Falls, Nueva York, julio de 1848. La lectura de\u00a0<i>Una declaraci\u00f3n de sentimientos<\/i>\u00a0ha sido el detonante de la lucha por el sufragio femenino, una pugna que se alargar\u00e1 m\u00e1s de setenta a\u00f1os, que llegar\u00e1 a todos los rincones de los Estados Unidos y que mostrar\u00e1 la fuerza y las dificultades de este movimiento social. \u00bfSu objetivo? Garantizar para las mujeres estadounidenses un derecho fundamental: el voto.<\/p>\n<p>Dise\u00f1ado por Tory Brown, este juego se puede disfrutar en solitario o en partidas de hasta 4 jugadores, a partir de 14 a\u00f1os, de unos 60 minutos de duraci\u00f3n. <i>Votes for Women<\/i>\u00a0es un juego asim\u00e9trico en el que dos bandos se enfrentan en una lucha pol\u00edtica para ratificar o rechazar la Decimonovena Enmienda a la Constituci\u00f3n de los Estados Unidos. El bando del sufragismo presionar\u00e1 al Congreso para que proponga la Decimonovena Enmienda y har\u00e1 campa\u00f1a para lograr que 36 estados la ratifiquen. En cambio, la oposici\u00f3n intentar\u00e1 impedir que el Congreso proponga la enmienda y, si fracasa, que al menos 13 estados la rechacen.<\/p>\n<p>El motor principal del juego son las cartas, que tanto sirven para desencadenar eventos como para repartir influencia en los diferentes estados y presionar al Congreso. Turno tras turno, los jugadores ir\u00e1n repartiendo cubos de influencia por los distintos estados. En el momento en el que el Congreso admita a tr\u00e1mite la Decimonovena Enmienda, aquellos estados con 4 votos afirmativos o negativos son marcados con un\u00a0<i>tick\u00a0<\/i>verde o una cruz roja. Las sufragistas necesitan convencer a 36 estados y la oposici\u00f3n requiere que 13 estados la rechacen. Aunque el juego est\u00e1 pensado para que un jugador lidere a los opositores y uno o dos a las sufragistas,\u00a0<i>Votes for women<\/i>\u00a0incluye componentes y reglas para gestionar un Opobot y as\u00ed poder disfrutar del juego en solitario o en modo cooperativo.<\/p>\n<p>Adem\u00e1s del juego, la caja incluye un mont\u00f3n de material hist\u00f3rico que ahonda en el movimiento sufragista: un suplemento hist\u00f3rico con notas de la autora, reproducciones de telegramas, publicidad y documentos legales, etc. De hecho, uno de los componentes del juego, las fichas que usan los jugadores para volver a lanzar los dados o pujar por las cartas de estrat\u00e9gica, reproducen las chapas que se usaban en la \u00e9poca para mostrar el apoyo o el rechazo a la iniciativa. En resumen, un juego imprescindible para los amantes de la historia y que pone en relieve la lucha feminista para lograr algo que hoy parece de sentido com\u00fan: que tanto hombres como mujeres puedan ejercer su derecho a voto libremente.<\/p>\n","protected":false},"excerpt":{"rendered":"<p>G\u00e9nero: Estrategia, Tem\u00e1tico.<br \/>\nCategor\u00edas: Pol\u00edtica, Control de \u00c1rea, Campa\u00f1a, Cooperativo, Dados, Solitario.<br \/>\nDise\u00f1ado Por:\u00a0<span class=\"ng-binding\">Tory Brown<\/span><br \/>\nEditorial: Devir<br \/>\nEdad M\u00ednima Recomendada: 14 A\u00f1os<br \/>\nDificultad: 2,36\/5<br \/>\nN\u00ba de Jugadores: 1 a 4<br \/>\nDuraci\u00f3n Promedio de la Partida: 60 Minutos<br \/>\nIdioma: Espa\u00f1ol<\/p>\n","protected":false},"featured_media":10942,"comment_status":"closed","ping_status":"closed","template":"","meta":[],"product_brand":[],"product_cat":[339,243,328],"product_tag":[],"class_list":{"0":"post-10948","1":"product","2":"type-product","3":"status-publish","4":"has-post-thumbnail","6":"product_cat-devir","7":"product_cat-juegos-de-mesa","8":"product_cat-novedades","10":"first","11":"instock","12":"shipping-taxable","13":"purchasable","14":"product-type-simple"},"_links":{"self":[{"href":"https:\/\/gracelandjuegos.com.ar\/web\/wp-json\/wp\/v2\/product\/10948","targetHints":{"allow":["GET"]}}],"collection":[{"href":"https:\/\/gracelandjuegos.com.ar\/web\/wp-json\/wp\/v2\/product"}],"about":[{"href":"https:\/\/gracelandjuegos.com.ar\/web\/wp-json\/wp\/v2\/types\/product"}],"replies":[{"embeddable":true,"href":"https:\/\/gracelandjuegos.com.ar\/web\/wp-json\/wp\/v2\/comments?post=10948"}],"wp:featuredmedia":[{"embeddable":true,"href":"https:\/\/gracelandjuegos.com.ar\/web\/wp-json\/wp\/v2\/media\/10942"}],"wp:attachment":[{"href":"https:\/\/gracelandjuegos.com.ar\/web\/wp-json\/wp\/v2\/media?parent=10948"}],"wp:term":[{"taxonomy":"product_brand","embeddable":true,"href":"https:\/\/gracelandjuegos.com.ar\/web\/wp-json\/wp\/v2\/product_brand?post=10948"},{"taxonomy":"product_cat","embeddable":true,"href":"https:\/\/gracelandjuegos.com.ar\/web\/wp-json\/wp\/v2\/product_cat?post=10948"},{"taxonomy":"product_tag","embeddable":true,"href":"https:\/\/gracelandjuegos.com.ar\/web\/wp-json\/wp\/v2\/product_tag?post=10948"}],"curies":[{"name":"wp","href":"https:\/\/api.w.org\/{rel}","templated":true}]}}