{"id":10947,"date":"2025-10-06T17:58:10","date_gmt":"2025-10-06T20:58:10","guid":{"rendered":"https:\/\/gracelandjuegos.com.ar\/web\/?post_type=product&#038;p=10947"},"modified":"2025-11-04T11:37:59","modified_gmt":"2025-11-04T14:37:59","slug":"3-ring-circus","status":"publish","type":"product","link":"https:\/\/gracelandjuegos.com.ar\/web\/product\/3-ring-circus\/","title":{"rendered":"3 Ring Circus"},"content":{"rendered":"<p>Bajo la carpa, malabaristas, payasos, magos, forzudos y bestias salvajes captan la curiosidad de un p\u00fablico entregado que aplaude sin cesar. Tras cada funci\u00f3n, tu peque\u00f1a compa\u00f1\u00eda acumula fama y puede que alg\u00fan d\u00eda despierte el inter\u00e9s de P. T. Barnum, el mayor magnate del circo de todos los tiempos.<\/p>\n<p>En 3 Ring Circus los jugadores se pondr\u00e1n en la piel de un director de circo que recorre los Estados Unidos a finales del siglo XIX. Tu objetivo es contratar artistas y ofrecer funciones en varios pueblos y ciudades, con la intenci\u00f3n de ganar fama. En los pueblos, las funciones son f\u00e1ciles de organizar y te reportan los recursos iniciales para mejorar tu elenco; las ciudades peque\u00f1as son algo m\u00e1s exigentes, pero te permiten entrar en contacto con mejores artistas; el p\u00fablico de las grandes ciudades es a\u00fan m\u00e1s exigente y desea ver n\u00fameros muy concretos, pero actuar ah\u00ed te brinda mucha m\u00e1s fama.<\/p>\n<p>En su turno, los jugadores podr\u00e1n contratar un artista u ofrecer una funci\u00f3n. Al principio de la partida los circos de cada jugador est\u00e1n vac\u00edos, con lo que ser\u00e1 necesario contratar para ir formando la compa\u00f1\u00eda. Las cartas de artista otorgar\u00e1n m\u00e1s o menos beneficios seg\u00fan el orden en que act\u00faen, con lo que una de las claves del juego consiste en planificar muy bien los espect\u00e1culos que se ofrecer\u00e1n.<\/p>\n<p>Si deciden actuar, los jugadores deber\u00e1n moverse a una casilla libre del mapa. Si se trata de un pueblo, recibir\u00e1n como premio las cartas de moneda, las m\u00e1s b\u00e1sicas. Si act\u00faan en una ciudad peque\u00f1a, dependiendo del n\u00famero de pedestales que tengan en su compa\u00f1\u00eda, podr\u00e1n reclamar m\u00e1s o menos cartas de entrada (las segundas m\u00e1s valiosas) o puntos de fama. En las grandes ciudades se obtienen muchos puntos de fama, pero el p\u00fablico es m\u00e1s exigente y siempre demanda un tipo de artista en concreto.<\/p>\n<p>Mientras tu peque\u00f1o circo intenta sobrevivir, el gran y esplendoroso circo Barnum viaja por todo el pa\u00eds y, cuando llega a una gran ciudad, se lleva a cabo una puntuaci\u00f3n en esa regi\u00f3n: los circos que hayan ofrecido ah\u00ed m\u00e1s funciones ganar\u00e1n a\u00fan m\u00e1s fama.<\/p>\n","protected":false},"excerpt":{"rendered":"<p>G\u00e9nero: Estrategia.<br \/>\nCategor\u00edas: Cartas, Control de \u00c1rea, Combinaciones, Manejo de Mano, Bonus de Final de Partida, Movimiento Punto a Punto.<br \/>\nDise\u00f1ado Por: <span class=\"ng-scope\"><span class=\"ng-binding\">Remo Conzadori<\/span>,\u00a0<\/span><span class=\"ng-scope\"><span class=\"ng-binding\">Fabio Lopiano<\/span><\/span><br \/>\nEditorial: Devir<br \/>\nEdad M\u00ednima Recomendada: 12 A\u00f1os<br \/>\nDificultad: 2,70\/5<br \/>\nN\u00ba de Jugadores: 1 a 4<br \/>\nDuraci\u00f3n Promedio de la Partida: 60 Minutos<br \/>\nIdioma: Espa\u00f1ol<\/p>\n","protected":false},"featured_media":10937,"comment_status":"closed","ping_status":"closed","template":"","meta":[],"product_brand":[],"product_cat":[339,243],"product_tag":[],"class_list":{"0":"post-10947","1":"product","2":"type-product","3":"status-publish","4":"has-post-thumbnail","6":"product_cat-devir","7":"product_cat-juegos-de-mesa","9":"first","10":"instock","11":"shipping-taxable","12":"purchasable","13":"product-type-simple"},"_links":{"self":[{"href":"https:\/\/gracelandjuegos.com.ar\/web\/wp-json\/wp\/v2\/product\/10947","targetHints":{"allow":["GET"]}}],"collection":[{"href":"https:\/\/gracelandjuegos.com.ar\/web\/wp-json\/wp\/v2\/product"}],"about":[{"href":"https:\/\/gracelandjuegos.com.ar\/web\/wp-json\/wp\/v2\/types\/product"}],"replies":[{"embeddable":true,"href":"https:\/\/gracelandjuegos.com.ar\/web\/wp-json\/wp\/v2\/comments?post=10947"}],"wp:featuredmedia":[{"embeddable":true,"href":"https:\/\/gracelandjuegos.com.ar\/web\/wp-json\/wp\/v2\/media\/10937"}],"wp:attachment":[{"href":"https:\/\/gracelandjuegos.com.ar\/web\/wp-json\/wp\/v2\/media?parent=10947"}],"wp:term":[{"taxonomy":"product_brand","embeddable":true,"href":"https:\/\/gracelandjuegos.com.ar\/web\/wp-json\/wp\/v2\/product_brand?post=10947"},{"taxonomy":"product_cat","embeddable":true,"href":"https:\/\/gracelandjuegos.com.ar\/web\/wp-json\/wp\/v2\/product_cat?post=10947"},{"taxonomy":"product_tag","embeddable":true,"href":"https:\/\/gracelandjuegos.com.ar\/web\/wp-json\/wp\/v2\/product_tag?post=10947"}],"curies":[{"name":"wp","href":"https:\/\/api.w.org\/{rel}","templated":true}]}}